{"id":1156,"date":"2017-12-05T16:47:17","date_gmt":"2017-12-05T15:47:17","guid":{"rendered":"http:\/\/www.isibond.it\/?page_id=1156"},"modified":"2020-10-13T10:01:37","modified_gmt":"2020-10-13T08:01:37","slug":"settori-di-applicazione","status":"publish","type":"page","link":"https:\/\/www.isibond.it\/de\/settori-di-applicazione\/","title":{"rendered":"T\u00c4TIGKEITSBEREICHE"},"content":{"rendered":"<p><span style=\"color: #000000;\"><strong>LANDMASCHINEN<\/strong><\/span><\/p>\n<p><span style=\"color: #000000;\">Wir arbeiten seit \u00fcber 40 Jahren mit den wichtigsten italienischen Landmaschinenherstellern zusammen. Viele unserer Reibwerkstoffe werden gemeinsam mit den Kunden im Rahmen einer engen Zusammenarbeit entwickelt, die bereit in der Entwicklungsphasen f\u00fcr die neuen Maschinen beginnt.<\/span><\/p>\n<p><span style=\"color: #000000;\">Wir bieten folgende Produkte f\u00fcr diesen Bereich an:<\/span><\/p>\n<ul>\n<li><span style=\"color: #000000;\">Bremsb\u00e4nder und Bremskl\u00f6tze<\/span><\/li>\n<li><span style=\"color: #000000;\">Lenkkupplungslamellen f\u00fcr Raupenmaschinen.<\/span><\/li>\n<li><span style=\"color: #000000;\">Torsionsged\u00e4mpfte Kupplungsscheiben und starre Kupplungsscheiben.<\/span><\/li>\n<li><span style=\"color: #000000;\">Bet\u00e4tigungsscheiben nach dem Kugelrampenprinzip f\u00fcr den nassen und trockenen Gebrauch<\/span><\/li>\n<\/ul>\n<p>&nbsp;<\/p>\n<p><span style=\"color: #000000;\"><strong>BAUMASCHINEN<\/strong><\/span><\/p>\n<p><span style=\"color: #000000;\">Im Bereich der Baumaschinen finden unsere Erzeugnisse in den Winden von Turmdrehkr\u00e4nen, Teleskopladern, Planierraupen und Asphaltfertigern Anwendung.<\/span><\/p>\n<p><span style=\"color: #000000;\">Seit \u00fcber 20 Jahren stellen wir au\u00dferdem Bremskl\u00f6tze f\u00fcr Vorderkipper her, die sowohl im Bergbau als auch im Bausektor unter Extrembedingungen eingesetzt werden.<\/span><\/p>\n<p><span style=\"color: #000000;\">Wir bieten folgende Produkte f\u00fcr diesen Bereich an:<\/span><\/p>\n<ul>\n<li><span style=\"color: #000000;\">Bremskl\u00f6tze<\/span><\/li>\n<li><span style=\"color: #000000;\">Hydraulische Fests\u00e4ttel<\/span><\/li>\n<li><span style=\"color: #000000;\">Bremsscheiben f\u00fcr selbstbremsende Elektromotoren<\/span><\/li>\n<li><span style=\"color: #000000;\">Sinter-Bremsbel\u00e4ge f\u00fcr Winden<\/span><\/li>\n<\/ul>\n<p>&nbsp;<\/p>\n<p><span style=\"color: #000000;\"><strong>FORSTMASCHINEN <\/strong><\/span><\/p>\n<p><span style=\"color: #000000;\">Der Taltransport der Baumst\u00e4mme erfolgt mit Hilfe von Drahtseilbahnen, die in einer \u00e4u\u00dferst feuchten und kalten Umgebung arbeiten. Die Forstmaschinen stehen h\u00e4ufig mehrere Monate lang still. Daher ist es \u00e4u\u00dferst wichtig, dass die Bremselemente bereits ab der ersten Verwendung voll funktionsf\u00e4hig sind.<\/span><\/p>\n<p><span style=\"color: #000000;\">Wir bieten folgende Produkte f\u00fcr diesen Bereich an:<\/span><\/p>\n<ul>\n<li><span style=\"color: #000000;\">Bremsb\u00e4nder<\/span><\/li>\n<li><span style=\"color: #000000;\">Bremsbel\u00e4ge f\u00fcr Bremsb\u00e4nder und Bremsscheiben<\/span><\/li>\n<li><span style=\"color: #000000;\">Sinterscheiben und organische Reibscheiben<\/span><\/li>\n<\/ul>\n<p>&nbsp;<\/p>\n<p><span style=\"color: #000000;\"><strong>RENNFAHRZEUGE<\/strong><\/span><\/p>\n<p><span style=\"color: #000000;\">Die Besch\u00e4ftigung dem Rennsektor, insbesondere mit den etwas ausgefalleneren Wettk\u00e4mpfen, hat nicht nur gesch\u00e4ftliche Gr\u00fcnde, sondern ist auch unsere Leidenschaft.<\/span><\/p>\n<p><span style=\"color: #000000;\">1990 lieferten wir die Bremskl\u00f6tze f\u00fcr den LKW <strong>PERLINI 105 F<\/strong> (<a href=\"https:\/\/www.bing.com\/videos\/search?q=+parigi+dakar+perlini+&amp;&amp;view=detail&amp;mid=A84A8A0652669ADB3339A84A8A0652669ADB3339&amp;FORM=VRDGAR\" target=\"_blank\" rel=\"noopener noreferrer\">siehe video <\/a>), Gewinner in seiner Kategorie beim Rennen <strong>Paris-Dakar<\/strong>.<\/span><\/p>\n<p><a href=\"https:\/\/www.isibond.it\/wp-content\/uploads\/2017\/12\/Ringraziamento-Perlini.jpg\" target=\"_blank\" rel=\"noopener noreferrer\"><img loading=\"lazy\" class=\"wp-image-2242 alignleft\" src=\"https:\/\/www.isibond.it\/wp-content\/uploads\/2017\/12\/Ringraziamento-Perlini.jpg\" alt=\"\" width=\"65\" height=\"91\" srcset=\"https:\/\/www.isibond.it\/wp-content\/uploads\/2017\/12\/Ringraziamento-Perlini.jpg 1109w, https:\/\/www.isibond.it\/wp-content\/uploads\/2017\/12\/Ringraziamento-Perlini-215x300.jpg 215w, https:\/\/www.isibond.it\/wp-content\/uploads\/2017\/12\/Ringraziamento-Perlini-768x1073.jpg 768w, https:\/\/www.isibond.it\/wp-content\/uploads\/2017\/12\/Ringraziamento-Perlini-733x1024.jpg 733w\" sizes=\"(max-width: 65px) 100vw, 65px\" \/>\u00a0<\/a><\/p>\n<p><a href=\"https:\/\/www.isibond.it\/wp-content\/uploads\/2017\/12\/Ringraziamento-Perlini.jpg\" target=\"_blank\" rel=\"noopener noreferrer\">(Klicken zum Vergr\u00f6\u00dfern)<\/a><\/p>\n<p>&nbsp;<\/p>\n<p><span style=\"color: #000000;\">2007 beauftragte uns das Team <strong>OVERLAND<\/strong> mit der Umgestaltung der Bremsen f\u00fcr den PKW<strong> ITALA.<\/strong>(<a href=\"https:\/\/www.bing.com\/videos\/search?q=itala+overland&amp;&amp;view=detail&amp;mid=0AF94A549D8262B1761F0AF94A549D8262B1761F&amp;FORM=VRDGAR\" target=\"_blank\" rel=\"noopener noreferrer\">siehe video <\/a>)<br \/>\nDieser lie\u00df beim Raid <strong>PARIS-PEKING<\/strong> Erinnerungen an den Prinzen Scipione Borghese wach werden, der das Rennen PEKING-PARIS im Jahr 1907 mit einem Vorsprung von drei Wochen zu seinen Mitstreitern auf einer Strecke von ca. 16.000 km gewann.<\/span><\/p>\n<p><span style=\"color: #000000;\">Au\u00dferdem haben wir einen speziellen Kupplungs-Werkstoff f\u00fcr den Sektor des <strong>Tractorpulling<\/strong> entwickelt. (<a href=\"https:\/\/www.bing.com\/videos\/search?q=tractor+pulling+cuneo&amp;&amp;view=detail&amp;mid=458811FF4209590A9F21458811FF4209590A9F21&amp;FORM=VRDGAR\" target=\"_blank\" rel=\"noopener noreferrer\">siehe video <\/a>)<\/span><\/p>\n<p>Dabei handelt es sich um einen sportlichen Wettbewerb, bei dem aufger\u00fcstete Traktoren mit Gewichten beladene Wagen von ca. 1 m Breite m\u00f6glichst weit auf einer ca. 100 m langen Wettkampfpiste aus Lehm schleppen m\u00fcssen. Dabei werden u.a. auch die Sinterwerkstoffe \u00e4u\u00dferst stark beansprucht.<br \/>\n&nbsp;<br \/>\n<span style=\"color: #000000;\"><strong>SEILBAHNEN<\/strong><\/span><\/p>\n<p><span style=\"color: #000000;\">Wir produzieren f\u00fcr diesen Sektor seit \u00fcber 20 Jahren nach spezifischen Kundenanforderungen Reibwerkstoffe aus Webmaterialien und Bindemitteln, die sich auch unter schwersten Betriebsbedingungen durch h\u00f6chste Zuverl\u00e4ssigkeit und Langlebigkeit auszeichnen.<\/span><br \/>\n&nbsp;<br \/>\n<span style=\"color: #000000;\"><strong>WINDTURBINEN<\/strong><\/span><\/p>\n<p><span style=\"color: #000000;\">F\u00fcr den Energiesektor liefern wir Bremskl\u00f6tze f\u00fcr Generatoren in Wasserkraftwerken sowie Gondeln in Windkraftgeneratoren. Ebenfalls f\u00fcr den Windkraftbereich, der inzwischen eine wichtige Rolle bei der Erzeugung erneuerbarer Energien einnimmt, stellen wir Sicherheitsbremsen f\u00fcr Rotoren her.<\/span><br \/>\n&nbsp;<br \/>\n<span style=\"color: #000000;\"><strong>SCHIFFFAHRT<\/strong><\/span><\/p>\n<p><span style=\"color: #000000;\">F\u00fcr den Schifffahrtssektor produzieren wir Webmaterialien f\u00fcr die Wiederaufbereitung von Bandbremsen an Ankerwinden und Lastkr\u00e4nen. Wir fertigen Bremsb\u00e4nder nach Kundenzeichnungen an, ebenso wie Sinterbremsscheiben f\u00fcr Winden sowie Bremsbacken f\u00fcr Rettungsbootkr\u00e4ne.<\/span><\/p>\n<p><span style=\"color: #000000;\">Wir bieten folgende Produkte f\u00fcr diesen Bereich an:<\/span><\/p>\n<ul>\n<li><span style=\"color: #000000;\">Gewebte Bandware mit Kupferkern<\/span><\/li>\n<li><span style=\"color: #000000;\">Bremsscheiben<\/span><\/li>\n<li><span style=\"color: #000000;\">Bremsbel\u00e4ge<\/span><\/li>\n<\/ul>\n<p>&nbsp;<\/p>\n<p><span style=\"color: #000000;\"><strong>GEB\u00c4UDEAUTOMATION<\/strong><\/span><\/p>\n<p><span style=\"color: #000000;\">F\u00fcr den Bereich Geb\u00e4udeautomation produzieren wir Kupplungslamellen f\u00fcr Torantriebe und Jalousiemotoren. Wir haben au\u00dferdem einen speziellen gewebten Reibwerkstoff f\u00fcr Aufzugswinden entwickelt, der unter anderem auch wegen seiner Laufruhe gesch\u00e4tzt wird.<\/span><\/p>","protected":false},"excerpt":{"rendered":"<p>LANDMASCHINEN Wir arbeiten seit \u00fcber 40 Jahren mit den wichtigsten italienischen Landmaschinenherstellern zusammen. Viele unserer Reibwerkstoffe werden gemeinsam mit den Kunden im Rahmen einer engen Zusammenarbeit entwickelt, die bereit in der Entwicklungsphasen f\u00fcr die neuen Maschinen beginnt. Wir bieten folgende Produkte f\u00fcr diesen Bereich an: Bremsb\u00e4nder und Bremskl\u00f6tze Lenkkupplungslamellen f\u00fcr Raupenmaschinen. Torsionsged\u00e4mpfte Kupplungsscheiben und starre<\/p>\n","protected":false},"author":1,"featured_media":0,"parent":0,"menu_order":0,"comment_status":"closed","ping_status":"closed","template":"","meta":{"_mi_skip_tracking":false},"_links":{"self":[{"href":"https:\/\/www.isibond.it\/de\/wp-json\/wp\/v2\/pages\/1156"}],"collection":[{"href":"https:\/\/www.isibond.it\/de\/wp-json\/wp\/v2\/pages"}],"about":[{"href":"https:\/\/www.isibond.it\/de\/wp-json\/wp\/v2\/types\/page"}],"author":[{"embeddable":true,"href":"https:\/\/www.isibond.it\/de\/wp-json\/wp\/v2\/users\/1"}],"replies":[{"embeddable":true,"href":"https:\/\/www.isibond.it\/de\/wp-json\/wp\/v2\/comments?post=1156"}],"version-history":[{"count":148,"href":"https:\/\/www.isibond.it\/de\/wp-json\/wp\/v2\/pages\/1156\/revisions"}],"predecessor-version":[{"id":4013,"href":"https:\/\/www.isibond.it\/de\/wp-json\/wp\/v2\/pages\/1156\/revisions\/4013"}],"wp:attachment":[{"href":"https:\/\/www.isibond.it\/de\/wp-json\/wp\/v2\/media?parent=1156"}],"curies":[{"name":"wp","href":"https:\/\/api.w.org\/{rel}","templated":true}]}}