{"id":1290,"date":"2017-12-11T12:44:56","date_gmt":"2017-12-11T11:44:56","guid":{"rendered":"http:\/\/www.isibond.it\/?page_id=1290"},"modified":"2018-02-28T08:46:26","modified_gmt":"2018-02-28T07:46:26","slug":"nuove-richieste","status":"publish","type":"page","link":"https:\/\/www.isibond.it\/de\/nuove-richieste\/","title":{"rendered":"Neue Anfragen"},"content":{"rendered":"<p><section class=\"kc-elm kc-css-299507 kc_row\"><div class=\"kc-row-container  kc-container\"><div class=\"kc-wrap-columns\"><div class=\"kc-elm kc-css-613896 kc_column kc_col-sm-12\"><div class=\"kc-col-container\"><div class=\"kc-elm kc-css-243333 kc_text_block\"><\/p>\n<p><span style=\"color: #000000;\"><strong>KONSTRUKTION<\/strong><\/span><\/p>\n<p><span style=\"color: #000000;\">In diesem Abschnitt finden Sie n\u00fctzliche Hilfe f\u00fcr die Wahl der richtigen Dimension Ihrer Bremsanlage und das passendeReibmaterial f\u00fcr Ihre Anwendungen.<\/span><\/p>\n<p><span style=\"color: #000000;\">Wir bieten Ihnen unsere Zusammenarbeit und Unterst\u00fctzung an, um neue Produkte vom Entwurf bis zum ersten Prototypen zu entwickeln.<\/span><\/p>\n<table style=\"height: 353px;\" width=\"627\" cellspacing=\"1\" cellpadding=\"1\" align=\"center\">\n<tbody>\n<tr>\n<td><img loading=\"lazy\" class=\"wp-image-517 aligncenter\" src=\"https:\/\/www.isibond.it\/wp-content\/uploads\/2017\/09\/Prog2-150x150.jpg\" alt=\"\" width=\"185\" height=\"185\" srcset=\"https:\/\/www.isibond.it\/wp-content\/uploads\/2017\/09\/Prog2-150x150.jpg 150w, https:\/\/www.isibond.it\/wp-content\/uploads\/2017\/09\/Prog2-85x85.jpg 85w\" sizes=\"(max-width: 185px) 100vw, 185px\" \/><\/td>\n<td><img loading=\"lazy\" class=\"wp-image-521 aligncenter\" src=\"https:\/\/www.isibond.it\/wp-content\/uploads\/2017\/09\/Prog1-1-150x150.jpg\" alt=\"\" width=\"199\" height=\"199\" srcset=\"https:\/\/www.isibond.it\/wp-content\/uploads\/2017\/09\/Prog1-1-150x150.jpg 150w, https:\/\/www.isibond.it\/wp-content\/uploads\/2017\/09\/Prog1-1-180x180.jpg 180w, https:\/\/www.isibond.it\/wp-content\/uploads\/2017\/09\/Prog1-1-85x85.jpg 85w\" sizes=\"(max-width: 199px) 100vw, 199px\" \/><\/td>\n<\/tr>\n<tr>\n<td>\n<p style=\"text-align: center;\"><span style=\"color: #000000;\"><em>Aufgearbeitete Kupplungsscheibe<\/em><em> f\u00fcr Oldtimer<\/em><\/span><\/p>\n<\/td>\n<td style=\"text-align: center;\"><span style=\"color: #000000;\"><em>Kundenspezifische<\/em><em> Produkte f\u00fcr die industrielle Ausr\u00fcstung<\/em><\/span><\/td>\n<\/tr>\n<\/tbody>\n<\/table>\n<table width=\"536\" cellspacing=\"1\" cellpadding=\"1\" align=\"center\">\n<tbody>\n<tr>\n<td><img loading=\"lazy\" class=\"wp-image-527 aligncenter\" src=\"https:\/\/www.isibond.it\/wp-content\/uploads\/2017\/09\/Prog3-150x150.jpg\" alt=\"\" width=\"212\" height=\"212\" srcset=\"https:\/\/www.isibond.it\/wp-content\/uploads\/2017\/09\/Prog3-150x150.jpg 150w, https:\/\/www.isibond.it\/wp-content\/uploads\/2017\/09\/Prog3-85x85.jpg 85w\" sizes=\"(max-width: 212px) 100vw, 212px\" \/><\/td>\n<td><img loading=\"lazy\" class=\"alignnone wp-image-528\" src=\"https:\/\/www.isibond.it\/wp-content\/uploads\/2017\/09\/Prog4-150x150.jpg\" alt=\"\" width=\"201\" height=\"201\" srcset=\"https:\/\/www.isibond.it\/wp-content\/uploads\/2017\/09\/Prog4-150x150.jpg 150w, https:\/\/www.isibond.it\/wp-content\/uploads\/2017\/09\/Prog4-85x85.jpg 85w\" sizes=\"(max-width: 201px) 100vw, 201px\" \/><\/td>\n<\/tr>\n<tr>\n<td style=\"text-align: center;\"><span style=\"color: #000000;\"><em> Bremsbel\u00e4ge f\u00fcr Generatoren in Wasserkraftwerken<\/em><\/span><\/td>\n<td style=\"text-align: center;\"><span style=\"color: #000000;\"><em> Bremskl\u00f6tze f\u00fcr Schienenfahrzeuge<\/em><\/span><\/td>\n<\/tr>\n<\/tbody>\n<\/table>\n<p>\n<\/div><div class=\"kc-elm kc-css-294020\" style=\"height: 20px; clear: both; width:100%;\"><\/div>\n<div class=\"kc-elm kc-css-946964 kc-pro-button kc-button-8\">\n\t<a href=\"https:\/\/www.isibond.it\/prodotti-personalizzati\/\" target=\"_blank\">\n\t\t<span class=\"creative_title\">Kundenspezifische Produkte anfordern (Klicken Sie hier)<\/span>\t<\/a>\n<\/div>\n<div class=\"kc-elm kc-css-258627\" style=\"height: 67px; clear: both; width:100%;\"><\/div><div class=\"kc-elm kc-css-819592 kc_text_block\"><\/p>\n<p><span style=\"color: #000000;\"><strong>PR\u00dcFSTANDTESTS UND VERSUCHE<\/strong><\/span><\/p>\n<p><span style=\"color: #000000;\">Seit 2005 besteht eine Kooperation mit TECSA, ein f\u00fchrendes Unternehmen in der Herstellung von Bremsenpr\u00fcfst\u00e4nden, um die karakteristik der Reibwerkstoffe zu bestimmen.<\/span><\/p>\n<p><a href=\"https:\/\/www.tecsa-srl.it\/\"><img loading=\"lazy\" class=\"wp-image-535 aligncenter\" src=\"https:\/\/www.isibond.it\/wp-content\/uploads\/2017\/09\/Tecsa1.gif\" alt=\"\" width=\"381\" height=\"85\" \/><\/a><\/p>\n<table border=\"0\" width=\"90%\" cellspacing=\"3\" cellpadding=\"3\" align=\"center\">\n<tbody>\n<tr>\n<td><span style=\"color: #000000;\"><strong><em>Die wichtigsten Eigenschaften\u00a0<\/em><em>von<\/em> <em>unserem Pr\u00fcfstand<\/em> <em>sind wie folgt:<\/em><\/strong><\/span><\/td>\n<\/tr>\n<tr>\n<td valign=\"top\">\n<table border=\"0\" width=\"98%\" cellspacing=\"1\" cellpadding=\"2\" align=\"center\">\n<tbody>\n<tr>\n<td class=\"BorderTabellaAB\" align=\"left\" bgcolor=\"#d8ecf4\" width=\"30%\"><span style=\"color: #000000;\">Schungmasse:<\/span><\/td>\n<td class=\"BorderTabellaALBdot\" align=\"left\" width=\"68%\"><span style=\"color: #000000;\"><span class=\"Grigio8\">von\u00a0<b>5<\/b>\u00a0bis\u00a0<b>220<\/b> Kgm<\/span><span class=\"ApiceGrigio7\">2<\/span><\/span><\/td>\n<\/tr>\n<tr>\n<td class=\"BorderTabellaAB\" align=\"left\" bgcolor=\"#d8ecf4\" width=\"30%\"><span style=\"color: #000000;\">H\u00f6chstgeschwindigkeit:<\/span><\/td>\n<td class=\"BorderTabellaALBdot\" align=\"left\" width=\"68%\"><span class=\"Grigio8\" style=\"color: #000000;\"><b>2000\u00a0<\/b>min-1<\/span><\/td>\n<\/tr>\n<tr>\n<td class=\"BorderTabellaAB\" align=\"left\" bgcolor=\"#d8ecf4\" width=\"30%\"><span style=\"color: #000000;\">Maximales Bremsmoment:<\/span><\/td>\n<td class=\"BorderTabellaALBdot\" align=\"left\" width=\"68%\"><span class=\"Grigio8\" style=\"color: #000000;\"><b>5000<\/b> Nm<\/span><\/td>\n<\/tr>\n<tr>\n<td class=\"BorderTabellaAB\" align=\"left\" bgcolor=\"#d8ecf4\" width=\"30%\"><span style=\"color: #000000;\">Bremse Standardmontage:<\/span><\/td>\n<td class=\"BorderTabellaALBdot\" align=\"left\" width=\"68%\"><span style=\"color: #000000;\"><span class=\"Grigio8\"><span class=\"Grigio8\">&#8211; Standard (<span style=\"font-family: inherit; font-size: inherit;\">mit Bremsscheibe auf der Welle und Bremssattel)<\/span><br \/>\n<\/span><\/span><span class=\"Grigio8\">&#8211; Mit Lenkschwenk<\/span><\/span><\/td>\n<\/tr>\n<tr>\n<td class=\"BorderTabellaAB\" align=\"left\" bgcolor=\"#d8ecf4\" width=\"30%\"><span style=\"color: #000000;\">Bremsenl\u00fcftung:<\/span><\/td>\n<td class=\"BorderTabellaALBdot\" align=\"left\" width=\"68%\"><span style=\"color: #000000;\">Moduliert mit maximaler Reichweite von<strong> 4.000<\/strong> m<sup>3<\/sup>\/h<\/span><\/td>\n<\/tr>\n<tr>\n<td class=\"BorderTabellaAB\" align=\"left\" bgcolor=\"#d8ecf4\" width=\"30%\"><span style=\"color: #000000;\">\u00d6lvolumenmessung:<\/span><\/td>\n<td class=\"BorderTabellaALBdot\" align=\"left\" width=\"68%\"><span style=\"color: #000000;\">per pedalhub (sehr pr\u00e4zise)<\/span><\/td>\n<\/tr>\n<\/tbody>\n<\/table>\n<\/td>\n<\/tr>\n<\/tbody>\n<\/table>\n<table border=\"0\" width=\"90%\" cellspacing=\"3\" cellpadding=\"3\" align=\"center\">\n<tbody>\n<tr>\n<td><span style=\"color: #000000;\"><strong>HAUPT TESTVERFAHREN:<\/strong><\/span><\/td>\n<\/tr>\n<tr>\n<td valign=\"top\">\n<table border=\"0\" width=\"98%\" cellspacing=\"1\" cellpadding=\"2\" align=\"center\">\n<tbody>\n<tr>\n<td class=\"BorderTabellaAB\" align=\"left\" bgcolor=\"#e3ebee\"><span class=\"Blu8b\" style=\"color: #000000;\">AK Master \u2013 AK1 \u2013 AK 2<\/span><\/td>\n<\/tr>\n<tr>\n<td class=\"BorderTabellaAB\" align=\"left\" bgcolor=\"#e3ebee\"><span class=\"Blu8b\" style=\"color: #000000;\">ECE R-90<\/span><\/td>\n<\/tr>\n<tr>\n<td class=\"BorderTabellaAB\" align=\"left\" bgcolor=\"#e3ebee\"><span class=\"Blu8b\" style=\"color: #000000;\">WEAR test<\/span><\/td>\n<\/tr>\n<tr>\n<td class=\"BorderTabellaAB\" align=\"left\" bgcolor=\"#e3ebee\"><span class=\"Blu8b\" style=\"color: #000000;\">7-H2000 &#8211; Fiat procedure (partial and\/or total)<\/span><\/td>\n<\/tr>\n<tr>\n<td class=\"BorderTabellaAB\" align=\"left\" bgcolor=\"#e3ebee\"><span class=\"Blu8b\" style=\"color: #000000;\">TSR 5151G procedure Wear<\/span><\/td>\n<\/tr>\n<tr>\n<td class=\"BorderTabellaAB\" align=\"left\" bgcolor=\"#e3ebee\"><span class=\"Blu8b\" style=\"color: #000000;\">Test Bosch (partial and\/or total)<\/span><\/td>\n<\/tr>\n<tr>\n<td class=\"BorderTabellaAB\" align=\"left\" bgcolor=\"#e3ebee\"><span class=\"Blu8b\" style=\"color: #000000;\">AMS &#8211; Auto Moto Sport<\/span><\/td>\n<\/tr>\n<\/tbody>\n<\/table>\n<\/td>\n<\/tr>\n<\/tbody>\n<\/table>\n<p>\n<\/div>\n<div class=\"kc-elm kc-css-663187 kc-pro-button kc-button-8\">\n\t<a href=\"https:\/\/www.isibond.it\/prove-su-banco-dinamometrico\/\" target=\"_blank\">\n\t\t<span class=\"creative_title\">Anfrage f\u00fcr Dynamometer Test (Klicken Sie hier) <\/span>\t<\/a>\n<\/div>\n<div class=\"kc-elm kc-css-987596\" style=\"height: 67px; clear: both; width:100%;\"><\/div><\/div><\/div><\/div><\/div><\/section><\/p>","protected":false},"excerpt":{"rendered":"","protected":false},"author":1,"featured_media":0,"parent":0,"menu_order":0,"comment_status":"closed","ping_status":"closed","template":"","meta":{"_mi_skip_tracking":false},"_links":{"self":[{"href":"https:\/\/www.isibond.it\/de\/wp-json\/wp\/v2\/pages\/1290"}],"collection":[{"href":"https:\/\/www.isibond.it\/de\/wp-json\/wp\/v2\/pages"}],"about":[{"href":"https:\/\/www.isibond.it\/de\/wp-json\/wp\/v2\/types\/page"}],"author":[{"embeddable":true,"href":"https:\/\/www.isibond.it\/de\/wp-json\/wp\/v2\/users\/1"}],"replies":[{"embeddable":true,"href":"https:\/\/www.isibond.it\/de\/wp-json\/wp\/v2\/comments?post=1290"}],"version-history":[{"count":70,"href":"https:\/\/www.isibond.it\/de\/wp-json\/wp\/v2\/pages\/1290\/revisions"}],"predecessor-version":[{"id":3242,"href":"https:\/\/www.isibond.it\/de\/wp-json\/wp\/v2\/pages\/1290\/revisions\/3242"}],"wp:attachment":[{"href":"https:\/\/www.isibond.it\/de\/wp-json\/wp\/v2\/media?parent=1290"}],"curies":[{"name":"wp","href":"https:\/\/api.w.org\/{rel}","templated":true}]}}