{"id":1445,"date":"2017-12-13T12:44:12","date_gmt":"2017-12-13T11:44:12","guid":{"rendered":"http:\/\/www.isibond.it\/?page_id=1445"},"modified":"2018-02-26T15:00:56","modified_gmt":"2018-02-26T14:00:56","slug":"prodotti-personalizzati","status":"publish","type":"page","link":"https:\/\/www.isibond.it\/de\/prodotti-personalizzati\/","title":{"rendered":"Konkrete Produktanfrage"},"content":{"rendered":"<p><section class=\"kc-elm kc-css-878095 kc_row\"><div class=\"kc-row-container  kc-container\"><div class=\"kc-wrap-columns\"><div class=\"kc-elm kc-css-729575 kc_col-sm-12 kc_column kc_col-sm-12\"><div class=\"kc-col-container\"><div class=\"kc-elm kc-css-444200 kc_text_block\"><\/p>\n<p><span style=\"color: #000000;\">Sehr geehrte Firma,<\/span><br \/>\n<span style=\"color: #000000;\">Um Ihre Bed\u00fcrfnisse richtig zu bewerten, bitten wir Sie, dieses Formular mit so vielen Informationen wie m\u00f6glich auszuf\u00fcllen<\/span><\/p>\n<p>\n<\/div><div class=\"kc-elm kc-css-135658\" style=\"height: 51px; clear: both; width:100%;\"><\/div><div class=\"kc-contact-form7 kc-elm kc-css-347364\"><h2>Konkrete Produktanfrage<\/h2><div role=\"form\" class=\"wpcf7\" id=\"wpcf7-f1289-o3\" lang=\"it-IT\" dir=\"ltr\">\n<div class=\"screen-reader-response\"><p role=\"status\" aria-live=\"polite\" aria-atomic=\"true\"><\/p> <ul><\/ul><\/div>\n<form action=\"\/de\/wp-json\/wp\/v2\/pages\/1445#wpcf7-f1289-o3\" method=\"post\" class=\"wpcf7-form init\" enctype=\"multipart\/form-data\" novalidate=\"novalidate\" data-status=\"init\">\n<div style=\"display: none;\">\n<input type=\"hidden\" name=\"_wpcf7\" value=\"1289\" \/>\n<input type=\"hidden\" name=\"_wpcf7_version\" value=\"5.5.6\" \/>\n<input type=\"hidden\" name=\"_wpcf7_locale\" value=\"it_IT\" \/>\n<input type=\"hidden\" name=\"_wpcf7_unit_tag\" value=\"wpcf7-f1289-o3\" \/>\n<input type=\"hidden\" name=\"_wpcf7_container_post\" value=\"0\" \/>\n<input type=\"hidden\" name=\"_wpcf7_posted_data_hash\" value=\"\" \/>\n<input type=\"hidden\" name=\"_wpcf7_recaptcha_response\" value=\"\" \/>\n<\/div>\n<div class=\"col-lg-12 col-md-12 col-sm-12 col-xs-12\"style=\"margin-top:2px;\">\n<div class=\"col-lg-2 col-md-2 col-sm-2 col-xs-2\">\n    <label> Firmenname*\n  <\/div>\n<div class=\"col-lg-10 col-md-10 col-sm-10 col-xs-10\">\n    <span class=\"wpcf7-form-control-wrap ragione-sociale\"><input type=\"text\" name=\"ragione-sociale\" value=\"\" size=\"30\" class=\"wpcf7-form-control wpcf7-text wpcf7-validates-as-required\" aria-required=\"true\" aria-invalid=\"false\" \/><\/span> <\/label>\n  <\/div>\n<\/div>\n<div class=\"col-lg-12 col-md-12 col-sm-12 col-xs-12\"style=\"margin-top:2px;\">\n<div class=\"col-lg-2 col-md-2 col-sm-2 col-xs-2\">\n    <label> Adresse*\n  <\/div>\n<div class=\"col-lg-10 col-md-10 col-sm-10 col-xs-10\">\n    <span class=\"wpcf7-form-control-wrap your-indirizzo\"><input type=\"text\" name=\"your-indirizzo\" value=\"\" size=\"30\" class=\"wpcf7-form-control wpcf7-text wpcf7-validates-as-required\" aria-required=\"true\" aria-invalid=\"false\" \/><\/span> <\/label>\n  <\/div>\n<\/div>\n<div class=\"col-lg-12 col-md-12 col-sm-12 col-xs-12\" style=\"margin-top:2px;\">\n<div class=\"col-lg-2 col-md-2 col-sm-2 col-xs-2\">\n    <label> Urlaubsort*\n  <\/div>\n<div class=\"col-lg-3 col-md-3 col-sm-3 col-xs-3\">\n    <span class=\"wpcf7-form-control-wrap your-localita\"><input type=\"text\" name=\"your-localita\" value=\"\" size=\"25\" class=\"wpcf7-form-control wpcf7-text wpcf7-validates-as-required\" aria-required=\"true\" aria-invalid=\"false\" \/><\/span> <\/label>\n  <\/div>\n<div class=\"col-lg-1 col-md-1 col-sm-1 col-xs-1\">\n    <label> Provinz*\n  <\/div>\n<div class=\"col-lg-3 col-md-3 col-sm-3 col-xs-3\">\n    <span class=\"wpcf7-form-control-wrap your-provincia\"><input type=\"text\" name=\"your-provincia\" value=\"\" size=\"20\" class=\"wpcf7-form-control wpcf7-text wpcf7-validates-as-required\" aria-required=\"true\" aria-invalid=\"false\" \/><\/span> <\/label>\n  <\/div>\n<\/div>\n<div class=\"col-lg-12 col-md-12 col-sm-12 col-xs-12\" style=\"margin-top:2px;\">\n<div class=\"col-lg-2 col-md-2 col-sm-2 col-xs-2\">\n    <label> Kontakt*\n  <\/div>\n<div class=\"col-lg-3 col-md-3 col-sm-3 col-xs-3\">\n    <span class=\"wpcf7-form-control-wrap your-referente\"><input type=\"text\" name=\"your-referente\" value=\"\" size=\"25\" class=\"wpcf7-form-control wpcf7-text wpcf7-validates-as-required\" aria-required=\"true\" aria-invalid=\"false\" \/><\/span> <\/label>\n  <\/div>\n<div class=\"col-lg-1 col-md-1 col-sm-1 col-xs-1\">\n    <label> Telefon*\n  <\/div>\n<div class=\"col-lg-3 col-md-3 col-sm-3 col-xs-3\">\n    <span class=\"wpcf7-form-control-wrap your-telefono\"><input type=\"text\" name=\"your-telefono\" value=\"\" size=\"20\" class=\"wpcf7-form-control wpcf7-text wpcf7-validates-as-required\" aria-required=\"true\" aria-invalid=\"false\" \/><\/span> <\/label>\n  <\/div>\n<\/div>\n<div class=\"col-lg-12 col-md-12 col-sm-12 col-xs-12\" style=\"margin-top:2px;\">\n<div class=\"col-lg-2 col-md-2 col-sm-2 col-xs-2\">\n    <label> URL WEB*\n  <\/div>\n<div class=\"col-lg-3 col-md-3 col-sm-3 col-xs-3\">\n    <span class=\"wpcf7-form-control-wrap your-web\"><input type=\"text\" name=\"your-web\" value=\"\" size=\"30\" class=\"wpcf7-form-control wpcf7-text wpcf7-validates-as-required\" aria-required=\"true\" aria-invalid=\"false\" \/><\/span> <\/label>\n  <\/div>\n<div class=\"col-lg-1 col-md-1 col-sm-1 col-xs-1\">\n    <label> E-mail*\n  <\/div>\n<div class=\"col-lg-1 col-md-1 col-sm-1 col-xs-1\">\n    <span class=\"wpcf7-form-control-wrap your-email\"><input type=\"email\" name=\"your-email\" value=\"\" size=\"20\" class=\"wpcf7-form-control wpcf7-text wpcf7-email wpcf7-validates-as-required wpcf7-validates-as-email\" aria-required=\"true\" aria-invalid=\"false\" \/><\/span> <\/label>\n  <\/div>\n<div class=\"col-lg-12 col-md-12 col-sm-12 col-xs-12\" style=\"margin-top:80px;\">\n  <label> Bitte schreiben Sie eine kurze Beschreibung \u00fcber die Art von Ger\u00e4t oder Maschinen, bei denen Reibmaterial verwendet wird: <br\/><br \/>\n  <span class=\"wpcf7-form-control-wrap your-description\"><textarea name=\"your-description\" cols=\"80\" rows=\"5\" class=\"wpcf7-form-control wpcf7-textarea\" aria-invalid=\"false\"><\/textarea><\/span> <\/label>\n<\/div>\n<div class=\"col-lg-12 col-md-12 col-sm-12 col-xs-12\" style=\"margin-top:80px;\">\n  <strong>Art der Anwendung<\/strong><br \/>\n  <span class=\"wpcf7-form-control-wrap your-application\"><span class=\"wpcf7-form-control wpcf7-checkbox\"><span class=\"wpcf7-list-item first\"><input type=\"checkbox\" name=\"your-application[]\" value=\"Bremse\" \/><span class=\"wpcf7-list-item-label\">Bremse<\/span><\/span><span class=\"wpcf7-list-item last\"><input type=\"checkbox\" name=\"your-application[]\" value=\"Kupplung\" \/><span class=\"wpcf7-list-item-label\">Kupplung<\/span><\/span><\/span><\/span>\n<\/div>\n<div class=\"col-lg-12 col-md-12 col-sm-12 col-xs-12\" style=\"margin-top:20px;\">\n  <strong>Art der Nutzung<\/strong><br \/>\n  <span class=\"wpcf7-form-control-wrap your-function\"><span class=\"wpcf7-form-control wpcf7-checkbox\"><span class=\"wpcf7-list-item first\"><input type=\"checkbox\" name=\"your-function[]\" value=\"Trocknen\" \/><span class=\"wpcf7-list-item-label\">Trocknen<\/span><\/span><span class=\"wpcf7-list-item\"><input type=\"checkbox\" name=\"your-function[]\" value=\"Nass\" \/><span class=\"wpcf7-list-item-label\">Nass<\/span><\/span><span class=\"wpcf7-list-item last\"><input type=\"checkbox\" name=\"your-function[]\" value=\"\u00d6lsorte\" \/><span class=\"wpcf7-list-item-label\">\u00d6lsorte<\/span><\/span><\/span><\/span> <span class=\"wpcf7-form-control-wrap your-tipo\"><input type=\"text\" name=\"your-tipo\" value=\"\" size=\"25\" class=\"wpcf7-form-control wpcf7-text\" aria-invalid=\"false\" \/><\/span>\n<\/div>\n<div class=\"col-lg-12 col-md-12 col-sm-12 col-xs-12\" style=\"margin-top:20px;\">\n  <strong>Frequenz der Schaltungen<\/strong><br \/>\n  <span class=\"wpcf7-form-control-wrap frequenza-min\"><span class=\"wpcf7-form-control wpcf7-checkbox\"><span class=\"wpcf7-list-item first last\"><input type=\"checkbox\" name=\"frequenza-min[]\" value=\"nr.\" \/><span class=\"wpcf7-list-item-label\">nr.<\/span><\/span><\/span><\/span><span class=\"wpcf7-form-control-wrap your-minuto\"><input type=\"text\" name=\"your-minuto\" value=\"\" size=\"1\" class=\"wpcf7-form-control wpcf7-text\" aria-invalid=\"false\" \/><\/span>\/min &nbsp;&nbsp;<span class=\"wpcf7-form-control-wrap frequenza-hour\"><span class=\"wpcf7-form-control wpcf7-checkbox\"><span class=\"wpcf7-list-item first last\"><input type=\"checkbox\" name=\"frequenza-hour[]\" value=\"nr.\" \/><span class=\"wpcf7-list-item-label\">nr.<\/span><\/span><\/span><\/span><span class=\"wpcf7-form-control-wrap your-hour\"><input type=\"text\" name=\"your-hour\" value=\"\" size=\"1\" class=\"wpcf7-form-control wpcf7-text\" aria-invalid=\"false\" \/><\/span>\/stunde &nbsp;&nbsp; <span class=\"wpcf7-form-control-wrap frequenza-day\"><span class=\"wpcf7-form-control wpcf7-checkbox\"><span class=\"wpcf7-list-item first last\"><input type=\"checkbox\" name=\"frequenza-day[]\" value=\"nr.\" \/><span class=\"wpcf7-list-item-label\">nr.<\/span><\/span><\/span><\/span><span class=\"wpcf7-form-control-wrap your-day\"><input type=\"text\" name=\"your-day\" value=\"\" size=\"1\" class=\"wpcf7-form-control wpcf7-text\" aria-invalid=\"false\" \/><\/span>\/tag\n<\/div>\n<div class=\"col-lg-12 col-md-12 col-sm-12 col-xs-12\" style=\"margin-top:20px;\">\n  <strong>Temperaturbereich<\/strong><br \/>\n min.<span class=\"wpcf7-form-control-wrap your-min\"><input type=\"text\" name=\"your-min\" value=\"\" size=\"3\" class=\"wpcf7-form-control wpcf7-text\" aria-invalid=\"false\" \/><\/span>[\u00b0C] &nbsp;&nbsp; Max.<span class=\"wpcf7-form-control-wrap your-max\"><input type=\"text\" name=\"your-max\" value=\"\" size=\"3\" class=\"wpcf7-form-control wpcf7-text\" aria-invalid=\"false\" \/><\/span>[\u00b0C]\n<\/div>\n<div class=\"col-lg-12 col-md-12 col-sm-12 col-xs-12\" style=\"margin-top:20px;\">\n<div class=\"col-lg-3 col-md-3 col-sm-3 col-xs-3\" style=\"padding-left:0px;\">\n<strong>Mimimale Geschwindigkeit<strong><br \/>\nVmax.=<span class=\"wpcf7-form-control-wrap massima-velocita\"><input type=\"text\" name=\"massima-velocita\" value=\"\" size=\"10\" class=\"wpcf7-form-control wpcf7-text\" aria-invalid=\"false\" \/><\/span>[m\/min.]\n<\/div>\n<div class=\"col-lg-8 col-md-8 col-sm-8 col-xs-8\">\n  Reibradius  und Rotorwinkelgeschwindigkeit (in rpm) kann genug sein:   <br\/> Reibradius <span class=\"wpcf7-form-control-wrap velocita-strisciamento\"><input type=\"text\" name=\"velocita-strisciamento\" value=\"\" size=\"3\" class=\"wpcf7-form-control wpcf7-text\" aria-invalid=\"false\" \/><\/span>[mm] <br\/> Rotorwinkelgeschwindigkeit<span class=\"wpcf7-form-control-wrap velocita-angolare\"><input type=\"text\" name=\"velocita-angolare\" value=\"\" size=\"3\" class=\"wpcf7-form-control wpcf7-text\" aria-invalid=\"false\" \/><\/span>giri\/min\n<\/div>\n<div class=\"col-lg-1 col-md-1 col-sm-1 col-xs-1\">\n&nbsp;\n<\/div>\n<div class=\"col-lg-12 col-md-12 col-sm-12 col-xs-12\" style=\"margin-top:20px;\">\n  <strong>Fl\u00e4chenpressung<\/strong><br \/>\n  P=<span class=\"wpcf7-form-control-wrap your-pressione-specifica\"><input type=\"text\" name=\"your-pressione-specifica\" value=\"\" size=\"3\" class=\"wpcf7-form-control wpcf7-text\" aria-invalid=\"false\" \/><\/span>[Kg\/cm<sup>3<\/sup>]\n<\/div>\n<div class=\"col-lg-12 col-md-12 col-sm-12 col-xs-12\" style=\"margin-top:60px;\">\n  <label> Bitte f\u00fcgen Sie Ihre Zeichnung:<\/label> <br\/><br \/>\n  <span class=\"wpcf7-form-control-wrap your-schizzo\"><textarea name=\"your-schizzo\" cols=\"80\" rows=\"7\" class=\"wpcf7-form-control wpcf7-textarea\" aria-invalid=\"false\"><\/textarea><\/span> <\/p>\n<p><span class=\"wpcf7-form-control-wrap your-file\"><input type=\"file\" name=\"your-file\" size=\"40\" class=\"wpcf7-form-control wpcf7-file\" accept=\".pdf,.txt\" aria-invalid=\"false\" \/><\/span>\n<\/p><\/div>\n<div class=\"col-lg-12 col-md-12 col-sm-12 col-xs-12\" \"margin-top:80px;\">\n<label><a href=\"https:\/\/www.isibond.it\/Informativa Privacy\" target=\"_blank\">Privatsph\u00e4re Akzeptanz (Klicken Sie hier, um das Reglement zu lesen)<\/a><\/p>\n<p><span class=\"wpcf7-form-control-wrap your-accettazione\"><span class=\"wpcf7-form-control wpcf7-checkbox wpcf7-validates-as-required\"><span class=\"wpcf7-list-item first last\"><input type=\"checkbox\" name=\"your-accettazione[]\" value=\"Ich akzeptiere*\" \/><span class=\"wpcf7-list-item-label\">Ich akzeptiere*<\/span><\/span><\/span><\/span>\n<\/p><\/div>\n<div class=\"col-lg-12 col-md-12 col-sm-12 col-xs-12\" style=\"margin-top:40px;\">\n<label>Sicherheitscode<\/label><br \/>\n<input type=\"hidden\" name=\"_wpcf7_captcha_challenge_your-captcha\" value=\"1966553435\" \/><img class=\"wpcf7-form-control wpcf7-captchac wpcf7-captcha-your-captcha\" width=\"84\" height=\"28\" alt=\"captcha\" src=\"https:\/\/www.isibond.it\/wp-content\/uploads\/wpcf7_captcha\/1966553435.png\" \/><br \/>\n<span class=\"wpcf7-form-control-wrap your-captcha\"><input type=\"text\" name=\"your-captcha\" value=\"\" size=\"10\" maxlength=\"100\" class=\"wpcf7-form-control wpcf7-captchar\" autocomplete=\"off\" aria-invalid=\"false\" \/><\/span> Digita nel box il codice di sicurezza visualizzato <\/label>\n<\/div>\n<div class=\"col-lg-12 col-md-12 col-sm-12 col-xs-12\" style=\"margin-top:40px\">\n<input type=\"submit\" value=\"Senden\" class=\"wpcf7-form-control has-spinner wpcf7-submit\" \/>\n<\/div>\n<div class=\"col-lg-12 col-md-12 col-sm-12 col-xs-12\" style=\"margin-top:5px;\">\n*Pflichtfeld\n<\/div>\n<div class=\"wpcf7-response-output\" aria-hidden=\"true\"><\/div><\/form><\/div><\/div><\/div><\/div><\/div><\/div><\/section><\/p>","protected":false},"excerpt":{"rendered":"","protected":false},"author":1,"featured_media":0,"parent":0,"menu_order":0,"comment_status":"closed","ping_status":"closed","template":"","meta":{"_mi_skip_tracking":false},"_links":{"self":[{"href":"https:\/\/www.isibond.it\/de\/wp-json\/wp\/v2\/pages\/1445"}],"collection":[{"href":"https:\/\/www.isibond.it\/de\/wp-json\/wp\/v2\/pages"}],"about":[{"href":"https:\/\/www.isibond.it\/de\/wp-json\/wp\/v2\/types\/page"}],"author":[{"embeddable":true,"href":"https:\/\/www.isibond.it\/de\/wp-json\/wp\/v2\/users\/1"}],"replies":[{"embeddable":true,"href":"https:\/\/www.isibond.it\/de\/wp-json\/wp\/v2\/comments?post=1445"}],"version-history":[{"count":34,"href":"https:\/\/www.isibond.it\/de\/wp-json\/wp\/v2\/pages\/1445\/revisions"}],"predecessor-version":[{"id":3665,"href":"https:\/\/www.isibond.it\/de\/wp-json\/wp\/v2\/pages\/1445\/revisions\/3665"}],"wp:attachment":[{"href":"https:\/\/www.isibond.it\/de\/wp-json\/wp\/v2\/media?parent=1445"}],"curies":[{"name":"wp","href":"https:\/\/api.w.org\/{rel}","templated":true}]}}