{"id":2336,"date":"2018-01-08T18:47:52","date_gmt":"2018-01-08T17:47:52","guid":{"rendered":"http:\/\/www.isibond.it\/?page_id=2336"},"modified":"2018-09-24T16:40:44","modified_gmt":"2018-09-24T14:40:44","slug":"informativa-privacy","status":"publish","type":"page","link":"https:\/\/www.isibond.it\/de\/informativa-privacy\/","title":{"rendered":"Datenschutzhinweis"},"content":{"rendered":"<p><strong>Italienisches Datenschutzgesetzes Nr. 196\/2003.<\/strong><\/p>\n<p>Personenbezogene Daten auf dieser Webseite werden ausschlie\u00dflich f\u00fcr Dienstleistungen verwendet, um Ihren Bed\u00fcrfnissen zu bearbeiten.<br \/>\nDie Verwendung Ihrer pers\u00f6nlichen Daten ist optional.<br \/>\nOhne Ihre Erlaubnis, k\u00f6nnen wir Ihre Anfrage nicht bearbeiten.<br \/>\nIhre pers\u00f6nlichen Daten werden nicht an Dritte weitergegeben.<br \/>\nDie Verantwortung f\u00fcr die Verarbeitung der Daten ist:<\/p>\n<p>ISIBOND s.a.s<br \/>\nVia Fernando Santi, 13<br \/>\nIndustriegebiet Sanda-Vad\u00f2<br \/>\n10024 &#8211; MONCALIERI (TO) &#8211; ITALIEN<\/p>\n<p>k\u00f6nnen Ihre Rechte \u00fcber die Aufnahme, Integration, \u00c4nderung, L\u00f6schung Ihrer personenbezogenen Daten gegen die ISIBOND Sas aus\u00fcben<\/p>","protected":false},"excerpt":{"rendered":"<p>Italienisches Datenschutzgesetzes Nr. 196\/2003. Personenbezogene Daten auf dieser Webseite werden ausschlie\u00dflich f\u00fcr Dienstleistungen verwendet, um Ihren Bed\u00fcrfnissen zu bearbeiten. Die Verwendung Ihrer pers\u00f6nlichen Daten ist optional. Ohne Ihre Erlaubnis, k\u00f6nnen wir Ihre Anfrage nicht bearbeiten. Ihre pers\u00f6nlichen Daten werden nicht an Dritte weitergegeben. Die Verantwortung f\u00fcr die Verarbeitung der Daten ist: ISIBOND s.a.s Via Fernando<\/p>\n","protected":false},"author":1,"featured_media":0,"parent":0,"menu_order":0,"comment_status":"closed","ping_status":"closed","template":"","meta":{"_mi_skip_tracking":false},"_links":{"self":[{"href":"https:\/\/www.isibond.it\/de\/wp-json\/wp\/v2\/pages\/2336"}],"collection":[{"href":"https:\/\/www.isibond.it\/de\/wp-json\/wp\/v2\/pages"}],"about":[{"href":"https:\/\/www.isibond.it\/de\/wp-json\/wp\/v2\/types\/page"}],"author":[{"embeddable":true,"href":"https:\/\/www.isibond.it\/de\/wp-json\/wp\/v2\/users\/1"}],"replies":[{"embeddable":true,"href":"https:\/\/www.isibond.it\/de\/wp-json\/wp\/v2\/comments?post=2336"}],"version-history":[{"count":44,"href":"https:\/\/www.isibond.it\/de\/wp-json\/wp\/v2\/pages\/2336\/revisions"}],"predecessor-version":[{"id":3532,"href":"https:\/\/www.isibond.it\/de\/wp-json\/wp\/v2\/pages\/2336\/revisions\/3532"}],"wp:attachment":[{"href":"https:\/\/www.isibond.it\/de\/wp-json\/wp\/v2\/media?parent=2336"}],"curies":[{"name":"wp","href":"https:\/\/api.w.org\/{rel}","templated":true}]}}