{"id":412,"date":"2017-09-28T11:53:29","date_gmt":"2017-09-28T09:53:29","guid":{"rendered":"http:\/\/www.isibond.it\/?page_id=412"},"modified":"2019-06-12T10:38:09","modified_gmt":"2019-06-12T08:38:09","slug":"azienda","status":"publish","type":"page","link":"https:\/\/www.isibond.it\/de\/azienda\/","title":{"rendered":"FIRMA"},"content":{"rendered":"<p><section class=\"kc-elm kc-css-591368 kc_row\"><div class=\"kc-row-container  kc-container\"><div class=\"kc-wrap-columns\"><div class=\"kc-elm kc-css-109898 kc_col-sm-12 kc_column kc_col-sm-12\"><div class=\"kc-col-container\"><div class=\"kc-elm kc-css-228792 kc_text_block\"><\/p>\n<p><img loading=\"lazy\" class=\"aligncenter wp-image-2713\" src=\"https:\/\/www.isibond.it\/wp-content\/uploads\/2017\/09\/Storica.jpg\" alt=\"\" width=\"689\" height=\"516\" srcset=\"https:\/\/www.isibond.it\/wp-content\/uploads\/2017\/09\/Storica.jpg 2762w, https:\/\/www.isibond.it\/wp-content\/uploads\/2017\/09\/Storica-300x225.jpg 300w, https:\/\/www.isibond.it\/wp-content\/uploads\/2017\/09\/Storica-768x575.jpg 768w, https:\/\/www.isibond.it\/wp-content\/uploads\/2017\/09\/Storica-1024x767.jpg 1024w\" sizes=\"(max-width: 689px) 100vw, 689px\" \/><\/p>\n<p style=\"text-align: center;\"> Werbeschild des Navire Handelsunternehmen hinter dem Bahnhof Porta Nuova Turin &#8211; Italien &#8211; 1954<\/p>\n<p><span style=\"color: #3366ff;\"><strong>ISIBOND<\/strong> <\/span><span style=\"color: #000000;\">wurde <strong>1974<\/strong> als Bremsbandhersteller gegr\u00fcndet, um landwirtschaftliche Maschinen und Baumaschinen-Hersteller zu beliefern, eine eigene Klebetechnologie wird eingesetzt, um Bel\u00e4ge aufzukleben anstatt wie bisher zu nieten.<\/span><\/p>\n<p><span style=\"color: #000000;\">Diese innovative Klebtechnologie, verbunden mit hochwertigen Reibmaterialien unserer\u00a0 eigenen Marke <span style=\"color: #339966;\"><em><strong>FINAFF<\/strong> <\/em><\/span>erm\u00f6glicht <span style=\"color: #3366ff;\"><strong>ISIBOND<\/strong> <\/span>als OEM \u2013Lieferant f\u00fcr die wichtigsten landwirtschaftlichen Maschinen &#8211;\u00a0 und Baumaschinen-Hersteller in Italien und im Ausland zugelassen zu werden.\u00a0<span style=\"color: #339966;\"><em><strong>FINAFF <\/strong><\/em><\/span>war eine italienische Firma, die seit <strong>1924<\/strong> Reibbel\u00e4ge herstellte.<\/span><\/p>\n<p><span style=\"color: #000000;\">Die Familie Navire, Gr\u00fcnder von\u00a0 <span style=\"color: #3366ff;\"><strong>ISIBOND<\/strong> <\/span>begann seine Beziehung mit der Firma <span style=\"color: #339966;\"><em><strong>FINAFF<\/strong><\/em>\u00a0<\/span> in <strong>1937<\/strong>, als Carlo Navire Senior\u00a0 Vertreter von <span style=\"color: #339966;\"><em><strong>FINAFF <\/strong><\/em><\/span>wurde f\u00fcr die italienischen Regionen Piemont und Ligurien.<\/span><\/p>\n<p><span style=\"color: #000000;\"><img loading=\"lazy\" class=\"size-full wp-image-417 alignright\" src=\"https:\/\/www.isibond.it\/wp-content\/uploads\/2017\/09\/Stabile.jpg\" alt=\"\" width=\"379\" height=\"181\" srcset=\"https:\/\/www.isibond.it\/wp-content\/uploads\/2017\/09\/Stabile.jpg 379w, https:\/\/www.isibond.it\/wp-content\/uploads\/2017\/09\/Stabile-300x143.jpg 300w\" sizes=\"(max-width: 379px) 100vw, 379px\" \/><\/span><\/p>\n<p><span style=\"color: #000000;\">Im Jahr <strong>1982<\/strong> er\u00f6ffnete <span style=\"color: #3366ff;\"><strong>ISIBOND<\/strong> <\/span>sein neues Werk im neuen Gewerbegebiet von Moncalieri (nahe Turin) um Kugelrampenbremsen und Sicherheitsbremsen in einer effizienten und modernen Fertigungsst\u00e4tte zu produzieren.<\/span><\/p>\n<p><span style=\"color: #000000;\">Um der gestiegenen Nachfrage seiner wichtigsten Kunden gerecht zu werden , kaufte <span style=\"color: #3366ff;\"><strong>ISIBOND<\/strong> <\/span>im folgenden Jahr, eine Anlage zur Herstellung von Reibbel\u00e4gen, inklusive einem Labor und Pr\u00fcfst\u00e4nden. Im Jahr 1986 begann <span style=\"color: #3366ff;\"><strong>ISIBOND<\/strong> <\/span>asbestfrei Reibmaterialien zu entwickeln.<\/span><\/p>\n<p><span style=\"color: #000000;\">Im Jahr <strong>1991<\/strong> aufgrund des gesetzlichen Asbestverbotes beschloss <span style=\"color: #339966;\"><em><strong>FINAFF<\/strong><\/em><\/span>, als Anbieter von Reibmaterial seine Produktion zu beenden. Die Firma <span style=\"color: #3366ff;\"><strong>ISIBOND<\/strong><\/span>, die damals bereits mehrere asbestfreie Produkte entwickelt hatte, beschloss einen Teil der <span style=\"color: #339966;\"><em><strong>FINAFF<\/strong> <\/em><\/span>\u2013 Produktionseinrichtungen und die historische Marke <span style=\"color: #339966;\"><em><strong>FINAFF<\/strong><\/em> <\/span>zu \u00fcbernehmen. Die Forschung wurde intensiviert, die Produktpalette mit dem Zukauf erweitert, und die Produktionskapazit\u00e4ten somit erh\u00f6ht.<\/span><\/p>\n<p><span style=\"color: #000000;\">Im Jahr <strong>1993<\/strong> hat <span style=\"color: #3366ff;\"><strong>ISIBOND<\/strong> <\/span>das Vertriebsnetz national und international erweitert,<\/span><br \/><span style=\"color: #000000;\"> um damit gezielt seine <span style=\"color: #339966;\"><strong><em>FINAFF<\/em> <\/strong><\/span>Produkte im Aftermarket zu vertreiben. Gleichzeitig werden Sintermaterialien und Reibpapiere in die Produktpallete mit aufgenommen, um auch den Nasslaufbereich zu beliefern.<\/span><\/p>\n<p><span style=\"color: #000000;\">Im Jahr <strong>2000<\/strong> \u00fcbernimmt <span style=\"color: #3366ff;\"><strong>ISIBOND<\/strong> <\/span>von <strong>Serralunga<\/strong> (ein Unternehmen in Biela &#8211; Italien) die Fertigungsabteilung gewebter Bremsbel\u00e4ge, speziell f\u00fcr Liftanwendungen, um die Position in der Industrie zu st\u00e4rken.<\/span><\/p>\n<p><span style=\"color: #000000;\">Im Jahr <strong>2001<\/strong> \u00fcbernimmt <span style=\"color: #3366ff;\"><strong>ISIBOND<\/strong> <\/span>die Firma <strong>A.D.F.<\/strong>, ein italienisches Unternehmen f\u00fcr die Herstellung gewebte Kupplungsbel\u00e4ge f\u00fcr PKW, LKW, Traktoren und industrielle Anwendungen.<\/span><\/p>\n<p><span style=\"color: #000000;\">Unsere voll ausgestatteten R &#038; D Abteilung mit Labor umfasst Pr\u00fcfvorrichtungen f\u00fcr Reibwerte und Verschlei\u00df und einen Leistungspr\u00fcfstand f\u00fcr komplette Bremssystem (auch f\u00fcr Dritt- Kunden im Automotive &#8211; Segment), die es uns erm\u00f6glichen hochwertige Reibmaterialien mit geringer Umweltbelastung zu entwickeln.<\/span><\/p>\n<p><span style=\"color: #000000;\">Aktuell ist <span style=\"color: #3366ff;\"><strong>ISIBOND<\/strong> <\/span>zertifiziert nach <strong>ISO 9001:2015<\/strong> und <strong>ISO 14001:2015<\/strong><\/span><\/p>\n<p><span style=\"color: #000000;\"><span style=\"color: #3366ff;\"><strong>ISIBOND<\/strong> <\/span>verf\u00fcgt \u00fcber eine Fl\u00e4che von insgesamt <strong>8.000<\/strong> Quadratmetern wovon <strong>4.500<\/strong> Quadratmetern f\u00fcr die Produktionsst\u00e4tte bebaut sind. Die Belegschaft besteht aus <strong>26<\/strong> Fachleuten f\u00fcr Reibmaterialien.<\/span><\/p>\n<p><span style=\"color: #000000;\"><strong><em><br \/><\/em><\/strong><\/span><\/p>\n<p><span style=\"color: #000000;\"><strong><em>UNSERE MARKEN<\/em><\/strong><\/span><\/p>\n<p><img loading=\"lazy\" class=\"aligncenter size-full wp-image-1104\" src=\"https:\/\/www.isibond.it\/wp-content\/uploads\/2017\/09\/fgcvfg.gif\" alt=\"\" width=\"379\" height=\"107\"><\/p>\n<p>\n<\/div><\/div><\/div><\/div><\/div><\/section><\/p>","protected":false},"excerpt":{"rendered":"","protected":false},"author":1,"featured_media":0,"parent":0,"menu_order":0,"comment_status":"closed","ping_status":"closed","template":"","meta":{"_mi_skip_tracking":false},"_links":{"self":[{"href":"https:\/\/www.isibond.it\/de\/wp-json\/wp\/v2\/pages\/412"}],"collection":[{"href":"https:\/\/www.isibond.it\/de\/wp-json\/wp\/v2\/pages"}],"about":[{"href":"https:\/\/www.isibond.it\/de\/wp-json\/wp\/v2\/types\/page"}],"author":[{"embeddable":true,"href":"https:\/\/www.isibond.it\/de\/wp-json\/wp\/v2\/users\/1"}],"replies":[{"embeddable":true,"href":"https:\/\/www.isibond.it\/de\/wp-json\/wp\/v2\/comments?post=412"}],"version-history":[{"count":102,"href":"https:\/\/www.isibond.it\/de\/wp-json\/wp\/v2\/pages\/412\/revisions"}],"predecessor-version":[{"id":3824,"href":"https:\/\/www.isibond.it\/de\/wp-json\/wp\/v2\/pages\/412\/revisions\/3824"}],"wp:attachment":[{"href":"https:\/\/www.isibond.it\/de\/wp-json\/wp\/v2\/media?parent=412"}],"curies":[{"name":"wp","href":"https:\/\/api.w.org\/{rel}","templated":true}]}}