{"id":433,"date":"2017-09-28T14:53:07","date_gmt":"2017-09-28T12:53:07","guid":{"rendered":"http:\/\/www.isibond.it\/?page_id=433"},"modified":"2020-09-02T10:15:32","modified_gmt":"2020-09-02T08:15:32","slug":"qualita-e-ambiente","status":"publish","type":"page","link":"https:\/\/www.isibond.it\/de\/qualita-e-ambiente\/","title":{"rendered":"Qualit\u00e0 e Ambiente"},"content":{"rendered":"<p><section class=\"kc-elm kc-css-504420 kc_row\"><div class=\"kc-row-container  kc-container\"><div class=\"kc-wrap-columns\"><div class=\"kc-elm kc-css-891603 kc_col-sm-12 kc_column kc_col-sm-12\"><div class=\"kc-col-container\"><div class=\"kc-elm kc-css-613277 kc_text_block\"><\/p>\n<p><span style=\"color: #000000;\"><strong>POLITICA AZIENDALE<\/strong><\/span><\/p>\n<p>La Direzione <strong>ISIBOND<\/strong> ritiene che, per la crescita dell\u2019Azienda sia fondamentale perfezionare nuovi prodotti e\/o processi produttivi e implementare l\u2019offerta di servizi di prototipazione e prove per aziende del settore friction aprendosi a nuovi mercati e settori.<\/p>\n<p>Rimane fondamentale mantenere attivo un sistema di gestione per garantire la puntualit\u00e0 del servizio e l\u2019elevata qualit\u00e0 dei propri materiali realizzati con il minor dispendio di energie e minore impatto ambientale per contribuire a mitigare il cambiamento climatico, adottando uno stile di vita pi\u00f9 sostenibile, sia a livello individuale che collettivo fondamentale per affrontare questa sfida globale.<\/p>\n<p><span style=\"color: #000000;\">I principi d\u2019azione che l\u2019azienda intende seguire sono:<\/span><\/p>\n<p style=\"padding-left: 60px;\"><em><span style=\"color: #000000;\">&#8211; Fornire prodotti conformi alle specifiche tecniche contrattuali;<\/span><\/em><\/p>\n<p style=\"padding-left: 60px;\"><em><span style=\"color: #000000;\">&#8211; Consegnare i prodotti in modo puntuale e preciso;<\/span><\/em><\/p>\n<p style=\"padding-left: 60px;\"><em><span style=\"color: #000000;\">&#8211; Razionalizzare il consumo di risorse e di energia;<\/span><\/em><\/p>\n<p style=\"padding-left: 60px;\"><em><span style=\"color: #000000;\">&#8211; Ottimizzare la gestione dei rifiuti prodotti;<\/span><\/em><\/p>\n<p style=\"padding-left: 60px;\"><em><span style=\"color: #000000;\">&#8211; Prevenire, quando possibile, le emergenze;<\/span><\/em><\/p>\n<p style=\"padding-left: 60px;\"><em><span style=\"color: #000000;\">&#8211; Adottare tutte le misure necessarie per limitare gli impatti ambientali conseguenti alle condizioni di emergenza;<\/span><\/em><\/p>\n<p style=\"padding-left: 60px;\"><em><span style=\"color: #000000;\">&#8211; Valutare e prevenire rischi e opportunit\u00e0 correlati con la propria attivit\u00e0;<\/span><\/em><\/p>\n<p style=\"padding-left: 60px;\"><em><span style=\"color: #000000;\">&#8211; Contribuire alla diffusione di una maggior consapevolezza presso clienti e fornitori.<\/span><\/em><\/p>\n<p style=\"padding-left: 60px;\"><em><span style=\"color: #000000;\">&#8211; Contribuire attivamente alla sostenibilit\u00e0 ambientale e sociale.<\/span><\/em><\/p>\n<p><span style=\"color: #000000;\">Per garantire il rispetto di tali principi, l\u2019azienda intende:<\/span><\/p>\n<ul>\n<li><span style=\"color: #000000;\">\u25cf\u00a0 Aumentare la professionalit\u00e0 del personale affinch\u00e9 qualsiasi attivit\u00e0 lavorativa sia svolta in linea con i principi della presente Politica;<\/span><\/li>\n<li><span style=\"color: #000000;\">\u25cf\u00a0 Valutare preventivamente gli impatti ambientali dei nuovi impianti, sostanze e materiali utilizzati;<\/span><\/li>\n<li><span style=\"color: #000000;\">\u25cf\u00a0 Adottare un approccio preventivo alla gestione delle problematiche;<\/span><\/li>\n<li><span style=\"color: #000000;\">\u25cf\u00a0 Eseguire una valutazione sistematica dei rischi e delle opportunit\u00e0 reali e potenziali, derivanti dalle proprie attivit\u00e0;<\/span><\/li>\n<li><span style=\"color: #000000;\">\u25cf\u00a0 Definire puntualmente gli obiettivi e le attivit\u00e0 necessarie al loro conseguimento;<\/span><\/li>\n<li><span style=\"color: #000000;\">\u25cf\u00a0 Utilizzare le migliori risorse e tecnologie disponibili purch\u00e9 economicamente compatibili;<\/span><\/li>\n<li><span style=\"color: #000000;\">\u25cf\u00a0 Formare e responsabilizzare il personale interno ed esterno affinch\u00e9 qualsiasi attivit\u00e0 lavorativa venga svolta in linea con i principi della presente Politica;<\/span><\/li>\n<li><span style=\"color: #000000;\">\u25cf\u00a0 Intraprendere verso l\u2019esterno le iniziative necessarie allo sviluppo della consapevolezza, anche attraverso la diffusione del presente documento;<\/span><\/li>\n<li><span style=\"color: #000000;\">\u25cf\u00a0 Verificare costantemente i risultati ottenuti.<\/span><\/li>\n<li><span style=\"color: #000000;\">\u25cf Adottare un codice di condotta etico e sostenibile nei propri rapporti ed attivit\u00e0 ad ogni livello.<\/span><\/li>\n<\/ul>\n<p>Ciascun dipendente dovr\u00e0 sentirsi responsabile dell\u2019attuazione dei principi e del raggiungimento degli obiettivi indicati dalla presente Politica, applicandola nell&#8217;espletamento di ogni sua attivit\u00e0, per il continuo miglioramento personale, dell\u2019azienda e la soddisfazione dei clienti.<\/p>\n<p>Moncalieri, 18\/06\/2025<\/p>\n<p><span style=\"color: #000000;\"><strong>QUALITA\u2019<\/strong><\/span><br \/><span style=\"color: #000000;\">La qualit\u00e0 dei nostri prodotti nasce dall\u2019ultratrentennale esperienza e dai numerosi dati che ci consentono di trovare una soluzione anche per le applicazioni speciali.<\/span><\/p>\n<p><span style=\"color: #000000;\">Per la complessit\u00e0 del ciclo produttivo che richiede competenze nel settore chimico, tessile e meccanico, la\u00a0 <strong>ITC* (International Training Centre)<\/strong>\u00a0ci ha scelto quale azienda di riferimento nell\u2019ambito di un loro stage.<\/span><\/p>\n<p><span style=\"color: #000000;\"><strong>*<\/strong> L\u2019 <strong><em>International Training Centre<\/em><\/strong> lo strumento di formazione dell&#8217;Organizzazione Internazionale del Lavoro (ILO), agenzia delle Nazioni Unite impegnata a promuovere la <strong>giustizia sociale<\/strong>, compresi i diritti umani universalmente riconosciuti e le <strong>norme internazionali del lavoro<\/strong>.<\/span><\/p>\n<p><span style=\"color: #000000;\"><strong>\u00a0<\/strong><\/span><\/p>\n<p><span style=\"color: #000000;\"><strong>FORMAZIONE<\/strong><\/span><\/p>\n<p><span style=\"color: #000000;\">La conoscenza e la formazione professionale sono alla base della capacit\u00e0 di rinnovamento delle imprese.\u00a0<\/span><\/p>\n<p><span style=\"color: #000000;\"><strong>ISIBOND<\/strong> ritiene fondamentale la crescita e l\u2019aggiornamento del proprio personale in particolare i tecnici preposti allo sviluppo dei nuovi materiali. <\/span><\/p>\n<p><span style=\"color: #000000;\">Oltre a corsi specifici partecipiamo a seminari periodici quali l&#8216;<a href=\"https:\/\/www.eurobrake.net\/\" target=\"_blank\" rel=\"noopener\"><strong>EUROBRAKE<\/strong><\/a>, un&#8217;occasione di scambio e confronto tra tecnici del settore per la valutazione di nuovi prodotti.<\/span><br \/><span style=\"color: #000000;\"><strong>\u00a0<\/strong><\/span><br \/><span style=\"color: #000000;\"><strong>CERTIFICAZIONI<\/strong><\/span><\/p>\n<table style=\"height: 77px;\" border=\"0\" width=\"394\" align=\"left\">\n<tbody>\n<tr>\n<td style=\"text-align: center; vertical-align: middle;\"><img loading=\"lazy\" class=\"alignnone size-full wp-image-442\" src=\"https:\/\/www.isibond.it\/wp-content\/uploads\/2017\/09\/2.png\" alt=\"\" width=\"53\" height=\"46\" \/><\/td>\n<td style=\"text-align: center; vertical-align: middle;\"><a href=\"https:\/\/www.isibond.it\/wp-content\/uploads\/CertificatoISO9001_2025.pdf\" target=\"_blank\" rel=\"noopener\">Certificato ISO 9001:2015 emesso da RINA<\/a><\/td>\n<\/tr>\n<\/tbody>\n<\/table>\n<table style=\"height: 76px;\" width=\"395\">\n<tbody>\n<tr>\n<td style=\"text-align: center; vertical-align: middle;\"><img loading=\"lazy\" class=\"alignnone size-full wp-image-442\" src=\"https:\/\/www.isibond.it\/wp-content\/uploads\/2017\/09\/2.png\" alt=\"\" width=\"53\" height=\"46\" \/><\/td>\n<td style=\"text-align: center; vertical-align: middle;\"><a href=\"https:\/\/www.isibond.it\/wp-content\/uploads\/IQNetISO9001_2025.pdf\" target=\"_blank\" rel=\"noopener\">Certificato ISO 9001:2015 emesso da IQNET<\/a><\/td>\n<\/tr>\n<\/tbody>\n<\/table>\n<table style=\"height: 69px;\" width=\"394\" align=\"left\">\n<tbody>\n<tr>\n<td style=\"text-align: center; vertical-align: middle;\"><img loading=\"lazy\" class=\"alignnone size-full wp-image-442\" src=\"https:\/\/www.isibond.it\/wp-content\/uploads\/2017\/09\/2.png\" alt=\"\" width=\"53\" height=\"46\" \/><\/td>\n<td style=\"text-align: center; vertical-align: middle;\"><a href=\"https:\/\/www.isibond.it\/wp-content\/uploads\/CertificatoISO14001_2025.pdf\" target=\"_blank\" rel=\"noopener\">Certificato ISO 14001:2015 emesso da RINA<\/a><\/td>\n<\/tr>\n<\/tbody>\n<\/table>\n<table style=\"height: 67px;\" width=\"395\">\n<tbody>\n<tr>\n<td style=\"text-align: center; vertical-align: middle;\"><img loading=\"lazy\" class=\"alignnone size-full wp-image-442\" src=\"https:\/\/www.isibond.it\/wp-content\/uploads\/2017\/09\/2.png\" alt=\"\" width=\"53\" height=\"46\" \/><\/td>\n<td style=\"text-align: center; vertical-align: middle;\"><a href=\"https:\/\/www.isibond.it\/wp-content\/uploads\/IQNetISO14001_2025.pdf\" target=\"_blank\" rel=\"noopener\">Certificato ISO 14001:2015 emesso da IQNET<\/a><\/td>\n<\/tr>\n<\/tbody>\n<\/table>\n<p>\n<\/div><\/div><\/div><\/div><\/div><\/section><section class=\"kc-elm kc-css-864794 kc_row\"><div class=\"kc-row-container  kc-container\"><div class=\"kc-wrap-columns\"><div class=\"kc-elm kc-css-983367 kc_col-sm-12 kc_column kc_col-sm-12\"><div class=\"kc-col-container\"><div class=\"kc-elm kc-css-31132\" style=\"height: 50px; clear: both; width:100%;\"><\/div><\/div><\/div><\/div><\/div><\/section><section class=\"kc-elm kc-css-383723 kc_row\"><div class=\"kc-row-container  kc-container\"><div class=\"kc-wrap-columns\"><div class=\"kc-elm kc-css-291496 kc_col-sm-12 kc_column kc_col-sm-12\"><div class=\"kc-col-container\">\n<div class=\"kc-elm kc-css-361037 kc-pro-button kc-button-8\">\n\t<a href=\"https:\/\/www.isibond.it\/modulo-di-reclamo\/\" target=\"_blank\">\n\t\t<span class=\"creative_title\">MODULO RECLAMI \/ NON CONFORMITA:apos:<\/span>\t<\/a>\n<\/div>\n<\/div><\/div><\/div><\/div><\/section><\/p>\n","protected":false},"excerpt":{"rendered":"","protected":false},"author":1,"featured_media":0,"parent":0,"menu_order":0,"comment_status":"closed","ping_status":"closed","template":"","meta":{"_mi_skip_tracking":false},"_links":{"self":[{"href":"https:\/\/www.isibond.it\/de\/wp-json\/wp\/v2\/pages\/433"}],"collection":[{"href":"https:\/\/www.isibond.it\/de\/wp-json\/wp\/v2\/pages"}],"about":[{"href":"https:\/\/www.isibond.it\/de\/wp-json\/wp\/v2\/types\/page"}],"author":[{"embeddable":true,"href":"https:\/\/www.isibond.it\/de\/wp-json\/wp\/v2\/users\/1"}],"replies":[{"embeddable":true,"href":"https:\/\/www.isibond.it\/de\/wp-json\/wp\/v2\/comments?post=433"}],"version-history":[{"count":179,"href":"https:\/\/www.isibond.it\/de\/wp-json\/wp\/v2\/pages\/433\/revisions"}],"predecessor-version":[{"id":3994,"href":"https:\/\/www.isibond.it\/de\/wp-json\/wp\/v2\/pages\/433\/revisions\/3994"}],"wp:attachment":[{"href":"https:\/\/www.isibond.it\/de\/wp-json\/wp\/v2\/media?parent=433"}],"curies":[{"name":"wp","href":"https:\/\/api.w.org\/{rel}","templated":true}]}}