{"id":478,"date":"2017-09-28T15:59:36","date_gmt":"2017-09-28T13:59:36","guid":{"rendered":"http:\/\/www.isibond.it\/?page_id=478"},"modified":"2018-02-27T10:36:17","modified_gmt":"2018-02-27T09:36:17","slug":"ricerca-e-sviluppo","status":"publish","type":"page","link":"https:\/\/www.isibond.it\/de\/ricerca-e-sviluppo\/","title":{"rendered":"Forschung und Entwicklung"},"content":{"rendered":"<p><span style=\"color: #000000;\"><strong>LABOR<\/strong><\/span><\/p>\n<p><span style=\"color: #000000;\">Labor &#8211;\u00a0 und zus\u00e4tzliche Fahrversuche in Zusammenarbeit mit H\u00e4ndlern und Werkst\u00e4tten werden von uns durchgef\u00fchrt, um die hohen Qualit\u00e4tsstandards zu erhalten und zu verbessern. Dies ist der einzige Weg, um praxisnahe Testergebnisse zu erhalten, um die Markteinf\u00fchrung neuer oder verbesserter Produkte zu verk\u00fcrzen. Dank diesem Ansatz ist es m\u00f6glich, unseren Erfahrungen auch die Meinung von professionellen Werkst\u00e4tten und Endverbraucher nhinzuzuf\u00fcgen.<\/span><\/p>\n<p>&nbsp;<\/p>\n<p><span style=\"color: #000000;\"><strong>FORSCHUNG<\/strong><\/span><\/p>\n<p><span style=\"color: #000000;\">Forschung und Tests f\u00fcr asbestfreie Reibbel\u00e4ge begann Anfang der achtziger Jahre um asbesthaltigen Materialien, die wir zu ersetzen.<\/span><\/p>\n<p><span style=\"color: #000000;\">Dank ermutigender Ergebnisse wurde beschlossen, mit der Produktion eigener asbestfreien Reibbel\u00e4ge zu beginnen. In einigen Jahren konnten sogar bessere Ergebnisse erziert werden, als dies mit asbesthaltigen Materialien der Fall war.<\/span><\/p>\n<p><span style=\"color: #000000;\">Im Jahr 1999 w\u00e4hrend der italienischen Asbest-Konferenz in Rom pr\u00e4sentierten wir die Ergebnisse in Bezug auf unsere Forschung \u00fcber alternative Fasern. Unsere langj\u00e4hrige Zusammenarbeit mit dem Polithechnic in Turin war ein entscheidender Faktor bei der Entwicklung neuer mechanischer Komponenten und innovative Reibbel\u00e4ge.<\/span><\/p>","protected":false},"excerpt":{"rendered":"<p>LABOR Labor &#8211;\u00a0 und zus\u00e4tzliche Fahrversuche in Zusammenarbeit mit H\u00e4ndlern und Werkst\u00e4tten werden von uns durchgef\u00fchrt, um die hohen Qualit\u00e4tsstandards zu erhalten und zu verbessern. Dies ist der einzige Weg, um praxisnahe Testergebnisse zu erhalten, um die Markteinf\u00fchrung neuer oder verbesserter Produkte zu verk\u00fcrzen. Dank diesem Ansatz ist es m\u00f6glich, unseren Erfahrungen auch die Meinung<\/p>\n","protected":false},"author":1,"featured_media":0,"parent":0,"menu_order":0,"comment_status":"closed","ping_status":"closed","template":"","meta":{"_mi_skip_tracking":false},"_links":{"self":[{"href":"https:\/\/www.isibond.it\/de\/wp-json\/wp\/v2\/pages\/478"}],"collection":[{"href":"https:\/\/www.isibond.it\/de\/wp-json\/wp\/v2\/pages"}],"about":[{"href":"https:\/\/www.isibond.it\/de\/wp-json\/wp\/v2\/types\/page"}],"author":[{"embeddable":true,"href":"https:\/\/www.isibond.it\/de\/wp-json\/wp\/v2\/users\/1"}],"replies":[{"embeddable":true,"href":"https:\/\/www.isibond.it\/de\/wp-json\/wp\/v2\/comments?post=478"}],"version-history":[{"count":28,"href":"https:\/\/www.isibond.it\/de\/wp-json\/wp\/v2\/pages\/478\/revisions"}],"predecessor-version":[{"id":3203,"href":"https:\/\/www.isibond.it\/de\/wp-json\/wp\/v2\/pages\/478\/revisions\/3203"}],"wp:attachment":[{"href":"https:\/\/www.isibond.it\/de\/wp-json\/wp\/v2\/media?parent=478"}],"curies":[{"name":"wp","href":"https:\/\/api.w.org\/{rel}","templated":true}]}}