{"id":647,"date":"2017-09-29T17:11:45","date_gmt":"2017-09-29T15:11:45","guid":{"rendered":"http:\/\/www.isibond.it\/?page_id=647"},"modified":"2018-02-26T16:19:53","modified_gmt":"2018-02-26T15:19:53","slug":"pastiglie-freno","status":"publish","type":"page","link":"https:\/\/www.isibond.it\/de\/prodotti\/pastiglie-freno\/","title":{"rendered":"Bremsbel\u00e4ge"},"content":{"rendered":"<p><section class=\"kc-elm kc-css-406313 kc_row\"><div class=\"kc-row-container  kc-container\"><div class=\"kc-wrap-columns\"><div class=\"kc-elm kc-css-134608 kc_col-sm-12 kc_column kc_col-sm-12\"><div class=\"kc-col-container\"><div class=\"kc-elm kc-css-241925 kc_text_block\"><\/p>\n<p><img loading=\"lazy\" class=\"wp-image-648 alignleft\" src=\"https:\/\/www.isibond.it\/wp-content\/uploads\/2017\/09\/PastiglieFreno.jpg\" alt=\"\" width=\"260\" height=\"191\" \/><span style=\"color: #000000;\"><strong>BREMSBEL\u00c4GE<\/strong><\/span><\/p>\n<p><span style=\"color: #000000;\">Eine enge Zusammenarbeit mit unseren Kunden erm\u00f6glicht\u00a0 es Isibond, uns\u00a0 st\u00e4ndig zu verbessern und\u00a0 unser Know-how zu erweitern.\u00a0 F\u00fcr Reibmaterialien, die in Geb\u00e4uden, auf der Strasse, in PKW und Nutzfahrzeugen eingesetzt werden, wo t\u00e4glich hohe Leistungen und Zuverl\u00e4ssigkeit erforderlich sind.<\/span><em><br \/>\n<\/em><\/p>\n<p>\n<\/div>\n<div class=\"kc-elm kc-css-565633 kc-pro-button kc-button-8\">\n\t<a href=\"https:\/\/www.isibond.it\/prodotti-personalizzati\/\" target=\"_blank\">\n\t\t<span class=\"creative_title\">Fordern Sie benutzerdefinierte Produkte an (Klicken Sie hier)<\/span>\t<\/a>\n<\/div>\n<\/div><\/div><\/div><\/div><\/section><\/p>","protected":false},"excerpt":{"rendered":"","protected":false},"author":1,"featured_media":0,"parent":540,"menu_order":0,"comment_status":"closed","ping_status":"closed","template":"","meta":{"_mi_skip_tracking":false},"_links":{"self":[{"href":"https:\/\/www.isibond.it\/de\/wp-json\/wp\/v2\/pages\/647"}],"collection":[{"href":"https:\/\/www.isibond.it\/de\/wp-json\/wp\/v2\/pages"}],"about":[{"href":"https:\/\/www.isibond.it\/de\/wp-json\/wp\/v2\/types\/page"}],"author":[{"embeddable":true,"href":"https:\/\/www.isibond.it\/de\/wp-json\/wp\/v2\/users\/1"}],"replies":[{"embeddable":true,"href":"https:\/\/www.isibond.it\/de\/wp-json\/wp\/v2\/comments?post=647"}],"version-history":[{"count":84,"href":"https:\/\/www.isibond.it\/de\/wp-json\/wp\/v2\/pages\/647\/revisions"}],"predecessor-version":[{"id":3148,"href":"https:\/\/www.isibond.it\/de\/wp-json\/wp\/v2\/pages\/647\/revisions\/3148"}],"up":[{"embeddable":true,"href":"https:\/\/www.isibond.it\/de\/wp-json\/wp\/v2\/pages\/540"}],"wp:attachment":[{"href":"https:\/\/www.isibond.it\/de\/wp-json\/wp\/v2\/media?parent=647"}],"curies":[{"name":"wp","href":"https:\/\/api.w.org\/{rel}","templated":true}]}}