{"id":660,"date":"2017-09-29T17:23:33","date_gmt":"2017-09-29T15:23:33","guid":{"rendered":"http:\/\/www.isibond.it\/?page_id=660"},"modified":"2020-10-13T10:30:35","modified_gmt":"2020-10-13T08:30:35","slug":"anelli-dentati","status":"publish","type":"page","link":"https:\/\/www.isibond.it\/de\/prodotti\/anelli-dentati\/","title":{"rendered":"Zahnrad Reibscheiben"},"content":{"rendered":"<p><section class=\"kc-elm kc-css-84289 kc_row\"><div class=\"kc-row-container  kc-container\"><div class=\"kc-wrap-columns\"><div class=\"kc-elm kc-css-278851 kc_col-sm-12 kc_column kc_col-sm-12\"><div class=\"kc-col-container\"><div class=\"kc-elm kc-css-48472 kc_text_block\"><\/p>\n<p><img loading=\"lazy\" class=\"size-full wp-image-1123 alignleft\" src=\"https:\/\/www.isibond.it\/wp-content\/uploads\/2017\/10\/3-Anelli-dentati-1.jpg\" alt=\"\" width=\"250\" height=\"225\" srcset=\"https:\/\/www.isibond.it\/wp-content\/uploads\/2017\/10\/3-Anelli-dentati-1.jpg 250w, https:\/\/www.isibond.it\/wp-content\/uploads\/2017\/10\/3-Anelli-dentati-1-90x80.jpg 90w\" sizes=\"(max-width: 250px) 100vw, 250px\" \/><\/p>\n<p><span style=\"color: #000000;\">Kupplunsscheiben rein aus Reibmaterial &#8211; ohne Tr\u00e4germaterial&nbsp; &#8211; werden in einer Vielzahl von Anwendungen eingesetzt. <\/span><\/p>\n<p><span style=\"color: #000000;\">Dabei steht neben den Reibtechnischen Eigenschaften die mechanische Festigkeit im Fordergrund.<\/span><\/p>\n<p><span style=\"color: #000000;\">Unsere Reibwerkstoff <strong>ISI361<\/strong> wurde vor Allem f\u00fcr solche Anwendungen entwickelt und ist in der Lage, eine hohe mechanische Festigkeit auf die Z\u00e4hne, auch unter extremen Bedingungen zu gew\u00e4hrleisten<\/span><\/p>\n<p>\n<\/div><\/div><\/div><\/div><\/div><\/section><section class=\"kc-elm kc-css-854075 kc_row\"><div class=\"kc-row-container  kc-container\"><div class=\"kc-wrap-columns\"><div class=\"kc-elm kc-css-346945 kc_col-sm-12 kc_column kc_col-sm-12\"><div class=\"kc-col-container\"><div class=\"kc-elm kc-css-633010 kc_row kc_row_inner\"><div class=\"kc-elm kc-css-744631 kc_col-sm-4 kc_column_inner kc_col-sm-4\"><div class=\"kc_wrapper kc-col-inner-container\"><\/div><\/div><div class=\"kc-elm kc-css-405732 kc_col-sm-8 kc_column_inner kc_col-sm-8\"><div class=\"kc_wrapper kc-col-inner-container\">\n<div class=\"kc-elm kc-css-689923 kc-pro-button kc-button-8\">\n\t<a href=\"https:\/\/www.isibond.it\/prodotti-personalizzati\/\" target=\"_blank\">\n\t\t<span class=\"creative_title\">Fordern Sie benutzerdefinierte Produkte an (Klicken Sie hier)<\/span>\t<\/a>\n<\/div>\n<\/div><\/div><\/div><\/div><\/div><\/div><\/div><\/section><\/p>","protected":false},"excerpt":{"rendered":"","protected":false},"author":1,"featured_media":0,"parent":540,"menu_order":0,"comment_status":"closed","ping_status":"closed","template":"","meta":{"_mi_skip_tracking":false},"_links":{"self":[{"href":"https:\/\/www.isibond.it\/de\/wp-json\/wp\/v2\/pages\/660"}],"collection":[{"href":"https:\/\/www.isibond.it\/de\/wp-json\/wp\/v2\/pages"}],"about":[{"href":"https:\/\/www.isibond.it\/de\/wp-json\/wp\/v2\/types\/page"}],"author":[{"embeddable":true,"href":"https:\/\/www.isibond.it\/de\/wp-json\/wp\/v2\/users\/1"}],"replies":[{"embeddable":true,"href":"https:\/\/www.isibond.it\/de\/wp-json\/wp\/v2\/comments?post=660"}],"version-history":[{"count":95,"href":"https:\/\/www.isibond.it\/de\/wp-json\/wp\/v2\/pages\/660\/revisions"}],"predecessor-version":[{"id":4019,"href":"https:\/\/www.isibond.it\/de\/wp-json\/wp\/v2\/pages\/660\/revisions\/4019"}],"up":[{"embeddable":true,"href":"https:\/\/www.isibond.it\/de\/wp-json\/wp\/v2\/pages\/540"}],"wp:attachment":[{"href":"https:\/\/www.isibond.it\/de\/wp-json\/wp\/v2\/media?parent=660"}],"curies":[{"name":"wp","href":"https:\/\/api.w.org\/{rel}","templated":true}]}}