{"id":700,"date":"2017-10-02T09:43:51","date_gmt":"2017-10-02T07:43:51","guid":{"rendered":"http:\/\/www.isibond.it\/?page_id=700"},"modified":"2020-10-15T09:34:46","modified_gmt":"2020-10-15T07:34:46","slug":"dischi-frizione","status":"publish","type":"page","link":"https:\/\/www.isibond.it\/de\/prodotti\/dischi-frizione\/","title":{"rendered":"Kupplungsscheiben"},"content":{"rendered":"<p><section class=\"kc-elm kc-css-919235 kc_row\"><div class=\"kc-row-container  kc-container\"><div class=\"kc-wrap-columns\"><div class=\"kc-elm kc-css-793690 kc_col-sm-12 kc_column kc_col-sm-12\"><div class=\"kc-col-container\"><div class=\"kc-elm kc-css-394022 kc_text_block\"><\/p>\n<p><span style=\"color: #000000;\"><strong>KUPPLUNGSSCHEIBEN<\/strong><\/span><\/p>\n<p><img loading=\"lazy\" class=\" wp-image-701 alignleft\" src=\"https:\/\/www.isibond.it\/wp-content\/uploads\/2017\/10\/DischiFrizione.jpg\" alt=\"\" width=\"256\" height=\"188\" \/><\/p>\n<p><span style=\"color: #000000;\">Reibbl\u00e4ge in Kupplungen ist der h\u00e4ufigste Weg, um die Kraft\u00fcbertragung zu regeln. Die Anwedungen sind sehr vielf\u00e4ltig. In trockenen Anwendungen kann Scheibe sowohl starr oder gefedert sein. Der Kraft \u2013 und Formschluss kann \u00fcber eine Nabe oder eine.<\/span><\/p>\n<p><span style=\"color: #000000;\">Verzahnung am Au\u00dfendurchmesser gew\u00e4hrleistet werden. Das Reibmaterial f\u00fcr trockene Anwendungen ist wahlweise gepresst, gewebt oder gesintert.<\/span><\/p>\n<p><span style=\"color: #000000;\">Im nassen Einsatz sind oft mehere Scheiben hintereinander angeordnet, die Vorteile sind weicheres Einkuppelverhalten, geringer Verschlei\u00df und geringe Ger\u00e4uschbildung. Als Reibbel\u00e4ge werden Papiere und Sintermaterialien eingesetzt.<\/span><\/p>\n<div id=\"page\"><\/div>\n<p>\n<\/div><div class=\"kc-elm kc-css-603667\" style=\"height: 20px; clear: both; width:100%;\"><\/div>\n<div class=\"kc-elm kc-css-249701 kc-pro-button kc-button-8\">\n\t<a href=\"https:\/\/www.isibond.it\/prodotti-personalizzati\/\" target=\"_blank\">\n\t\t<span class=\"creative_title\">Fordern Sie benutzerdefinierte Produkte an (Klicken Sie hier)<\/span>\t<\/a>\n<\/div>\n<div class=\"kc-elm kc-css-934322\" style=\"height: 45px; clear: both; width:100%;\"><\/div><\/div><\/div><\/div><\/div><\/section><section class=\"kc-elm kc-css-66013 kc_row\"><div class=\"kc-row-container  kc-container\"><div class=\"kc-wrap-columns\"><div class=\"kc-elm kc-css-142254 kc_col-sm-12 kc_column kc_col-sm-12\"><div class=\"kc-col-container\"><div class=\"kc-elm kc-css-185275 kc_text_block\"><\/p>\n<p><span style=\"color: #000000;\"><strong>GEWEBTE KUPPLUNGSBEL\u00c4GE<\/strong><\/span><\/p>\n<p><span style=\"color: #000000;\">Unsere gewebten Kupplungsbel\u00e4ge werden in Automobilkupplungen, in Zapfwellenkupplungen, Gelenkwellen und elektromagnetischen Bremsen eingesetzt in denen hohe Drehzahlen erreicht werden. In unserem Sortiment gibt es etwa 900 verschiedene Gr\u00f6\u00dfen mit Durchmessern von 65 \u2013 500 mm und einer Dicke von 1,8 \u2013 8,0 mm. Lieferbar gebohrt und ungebohrt.<\/span><\/p>\n<p>\n<\/div><div class=\"kc-elm kc-css-349317\" style=\"height: 20px; clear: both; width:100%;\"><\/div>\n<div class=\"kc-elm kc-css-737993 kc-pro-button kc-button-8\">\n\t<a href=\"https:\/\/www.isibond.it\/prodotti-personalizzati\/\" target=\"_blank\">\n\t\t<span class=\"creative_title\">Fordern Sie benutzerdefinierte Produkte an (Klicken Sie hier)<\/span>\t<\/a>\n<\/div>\n<div class=\"kc-elm kc-css-557076\" style=\"height: 45px; clear: both; width:100%;\"><\/div><\/div><\/div><\/div><\/div><\/section><section class=\"kc-elm kc-css-664230 kc_row\"><div class=\"kc-row-container  kc-container\"><div class=\"kc-wrap-columns\"><div class=\"kc-elm kc-css-291382 kc_col-sm-12 kc_column kc_col-sm-12\"><div class=\"kc-col-container\"><div class=\"kc-elm kc-css-658995 kc_text_block\"><\/p>\n<p><span style=\"color: #000000;\"><strong>SINTER BUTTONS<\/strong><\/span><\/p>\n<p><span style=\"color: #000000;\">Gesinterte Segmente sind sowohl f\u00fcr trockene und nasse Anwendungen geeignet. Buttons k\u00f6nnen lose geliefert werden, aber auch als einbaufertige Scheibe.<\/span><\/p>\n<p>\n<\/div><div class=\"kc-elm kc-css-970786\" style=\"height: 20px; clear: both; width:100%;\"><\/div>\n<div class=\"kc-elm kc-css-177167 kc-pro-button kc-button-8\">\n\t<a href=\"https:\/\/www.isibond.it\/prodotti-personalizzati\/\" target=\"_blank\">\n\t\t<span class=\"creative_title\">Fordern Sie benutzerdefinierte Produkte an (Klicken Sie hier)<\/span>\t<\/a>\n<\/div>\n<\/div><\/div><\/div><\/div><\/section><\/p>","protected":false},"excerpt":{"rendered":"<p>Leider ist der Eintrag nur auf Amerikanisches Englisch verf\u00fcgbar.<\/p>\n","protected":false},"author":1,"featured_media":0,"parent":540,"menu_order":0,"comment_status":"closed","ping_status":"closed","template":"","meta":{"_mi_skip_tracking":false},"_links":{"self":[{"href":"https:\/\/www.isibond.it\/de\/wp-json\/wp\/v2\/pages\/700"}],"collection":[{"href":"https:\/\/www.isibond.it\/de\/wp-json\/wp\/v2\/pages"}],"about":[{"href":"https:\/\/www.isibond.it\/de\/wp-json\/wp\/v2\/types\/page"}],"author":[{"embeddable":true,"href":"https:\/\/www.isibond.it\/de\/wp-json\/wp\/v2\/users\/1"}],"replies":[{"embeddable":true,"href":"https:\/\/www.isibond.it\/de\/wp-json\/wp\/v2\/comments?post=700"}],"version-history":[{"count":63,"href":"https:\/\/www.isibond.it\/de\/wp-json\/wp\/v2\/pages\/700\/revisions"}],"predecessor-version":[{"id":4020,"href":"https:\/\/www.isibond.it\/de\/wp-json\/wp\/v2\/pages\/700\/revisions\/4020"}],"up":[{"embeddable":true,"href":"https:\/\/www.isibond.it\/de\/wp-json\/wp\/v2\/pages\/540"}],"wp:attachment":[{"href":"https:\/\/www.isibond.it\/de\/wp-json\/wp\/v2\/media?parent=700"}],"curies":[{"name":"wp","href":"https:\/\/api.w.org\/{rel}","templated":true}]}}