{"id":712,"date":"2017-10-02T09:52:49","date_gmt":"2017-10-02T07:52:49","guid":{"rendered":"http:\/\/www.isibond.it\/?page_id=712"},"modified":"2018-02-26T16:19:08","modified_gmt":"2018-02-26T15:19:08","slug":"materiali-dattrito","status":"publish","type":"page","link":"https:\/\/www.isibond.it\/de\/prodotti\/materiali-dattrito\/","title":{"rendered":"Reibbel\u00e4ge"},"content":{"rendered":"<p><section class=\"kc-elm kc-css-879184 kc_row\"><div class=\"kc-row-container  kc-container\"><div class=\"kc-wrap-columns\"><div class=\"kc-elm kc-css-426405 kc_col-sm-12 kc_column kc_col-sm-12\"><div class=\"kc-col-container\"><div class=\"kc-elm kc-css-509911 kc_text_block\"><\/p>\n<p><img loading=\"lazy\" class=\"wp-image-713 alignleft\" src=\"https:\/\/www.isibond.it\/wp-content\/uploads\/2017\/10\/MaterialiAttrito.jpg\" alt=\"\" width=\"281\" height=\"206\" \/><\/p>\n<p><span style=\"color: #000000;\"><strong>REIBBEL\u00c4GE<\/strong><\/span><\/p>\n<p><span style=\"color: #000000;\">Unsere breite Palette von Reibbel\u00e4gen erm\u00f6glicht es Ihnen, die beste L\u00f6sung f\u00fcr die meisten Anwendungen in industriellen und landwirtschaftlichen Maschinen zu finden. Dar\u00fcber hinaus k\u00f6nnen zur Materialauswahl Test auf unseren Pr\u00fcfst\u00e4nden praxisnah simuliert werden um den richtigen Belag f\u00fcr Ihre Anforderungen auszuw\u00e4hlen.<\/span><\/p>\n<div id=\"page\">\n<div id=\"principale\">\n<p><span style=\"color: #000000;\"><strong>N.B. Die Pr\u00fcfungen an Produkten im \u00d6lbad werden mit ARBOR MULTI FX \u00d6l durchgef\u00fchrt.<\/strong><\/span><\/p>\n<\/div>\n<p><span style=\"color: #000000;\">Bitte w\u00e4hlen Sie die Felder aus, um das richtige Material zu finden:<\/span><\/p>\n<\/div>\n<p>\n<\/div><\/div><\/div><\/div><\/div><\/section><\/p>","protected":false},"excerpt":{"rendered":"<p>Leider ist der Eintrag nur auf Amerikanisches Englisch verf\u00fcgbar.<\/p>\n","protected":false},"author":1,"featured_media":0,"parent":540,"menu_order":0,"comment_status":"closed","ping_status":"closed","template":"materiali.php","meta":{"_mi_skip_tracking":false},"_links":{"self":[{"href":"https:\/\/www.isibond.it\/de\/wp-json\/wp\/v2\/pages\/712"}],"collection":[{"href":"https:\/\/www.isibond.it\/de\/wp-json\/wp\/v2\/pages"}],"about":[{"href":"https:\/\/www.isibond.it\/de\/wp-json\/wp\/v2\/types\/page"}],"author":[{"embeddable":true,"href":"https:\/\/www.isibond.it\/de\/wp-json\/wp\/v2\/users\/1"}],"replies":[{"embeddable":true,"href":"https:\/\/www.isibond.it\/de\/wp-json\/wp\/v2\/comments?post=712"}],"version-history":[{"count":53,"href":"https:\/\/www.isibond.it\/de\/wp-json\/wp\/v2\/pages\/712\/revisions"}],"predecessor-version":[{"id":3147,"href":"https:\/\/www.isibond.it\/de\/wp-json\/wp\/v2\/pages\/712\/revisions\/3147"}],"up":[{"embeddable":true,"href":"https:\/\/www.isibond.it\/de\/wp-json\/wp\/v2\/pages\/540"}],"wp:attachment":[{"href":"https:\/\/www.isibond.it\/de\/wp-json\/wp\/v2\/media?parent=712"}],"curies":[{"name":"wp","href":"https:\/\/api.w.org\/{rel}","templated":true}]}}