{"id":1156,"date":"2017-12-05T16:47:17","date_gmt":"2017-12-05T15:47:17","guid":{"rendered":"http:\/\/www.isibond.it\/?page_id=1156"},"modified":"2020-10-13T10:01:37","modified_gmt":"2020-10-13T08:01:37","slug":"settori-di-applicazione","status":"publish","type":"page","link":"https:\/\/www.isibond.it\/es\/settori-di-applicazione\/","title":{"rendered":"NUESTROS SECTORES DE ACTIVIDAD"},"content":{"rendered":"<p><span style=\"color: #000000;\"><strong>SECTOR AGR\u00cdCOLA<\/strong><\/span><br \/>\n<span style=\"color: #000000;\"> Desde hace m\u00e1s que 40 a\u00f1os suministramos nuestros productos, a los fabricantes de maqu\u00ednas agricolas m\u00e1s importantes en el mundo. Muchos de nuestros materiales de fricci\u00f3n, fueron desarrollados ayudando a nuestros clientes en la fase de dise\u00f1o de las nuevas maqu\u00ednas.<\/span><\/p>\n<p><span style=\"color: #000000;\">Nuestros productos para este sector son los siguientes :<\/span><\/p>\n<ul>\n<li><span style=\"color: #000000;\">Pastillas y cinchos de freno<\/span><\/li>\n<li><span style=\"color: #000000;\">Discos de embrague dentados para tractores de orugas<\/span><\/li>\n<li><span style=\"color: #000000;\">Discos de embrague centrales y de toma de fuerza<\/span><\/li>\n<li><span style=\"color: #000000;\">Conjuntos de freno para uso en seco y en aceite<\/span><\/li>\n<\/ul>\n<p>&nbsp;<\/p>\n<p><span style=\"color: #000000;\"><strong>SECTOR OBRAS P\u00daBLICAS<\/strong><\/span><br \/>\n<span style=\"color: #000000;\"> En el sector de las obras p\u00fablicas, nuestros productos se emplean en los cabrestantes para gr\u00faas de pluma de celosia, en los manipuladores telesc\u00f3picos, en los bulldozers y en las extendedoras de aglomerado asf\u00e1ltico. Desde hace m\u00e1s que 20 a\u00f1os producimos pastillas de freno para camiones mineros y de cantera, que operan en condiciones de trabajo extremas.<\/span><\/p>\n<p><span style=\"color: #000000;\">Nuestros productos para este sector son los siguientes :<\/span><\/p>\n<ul>\n<li><span style=\"color: #000000;\">Pastillas de freno<\/span><\/li>\n<li><span style=\"color: #000000;\">Pinzas de freno<\/span><\/li>\n<li><span style=\"color: #000000;\">Discos de freno para motores freno<\/span><\/li>\n<li><span style=\"color: #000000;\">Disco de freno sinterizados para cabrestantes<\/span><\/li>\n<\/ul>\n<p>&nbsp;<\/p>\n<p><span style=\"color: #000000;\"><strong>SECTOR FORESTAL<\/strong><\/span><br \/>\n<span style=\"color: #000000;\"> El transporte de los troncos se hace por medio de telef\u00e9ricos del bosque, que operan con niveles altos de humedad y bajas temperaturas. Muy a menudo las m\u00e1quinas permanecen inactivas durante unos meses y cuando los frenos vuelven a arrancar, tienen que funcionar bien desde un principio.<\/span><\/p>\n<p><span style=\"color: #000000;\">Nuestros productos para este sector son los siguientes :<\/span><\/p>\n<ul>\n<li><span style=\"color: #000000;\">Cinchos de freno<\/span><\/li>\n<li><span style=\"color: #000000;\">Zapatas y forros de freno<\/span><\/li>\n<li><span style=\"color: #000000;\">Discos de fricci\u00f3n en material org\u00e1nico y sinterizado<\/span><\/li>\n<\/ul>\n<p>&nbsp;<\/p>\n<p><span style=\"color: #000000;\"><strong>SECTOR COMPETICI\u00d3N<\/strong><\/span><br \/>\n<span style=\"color: #000000;\"> No s\u00f3lo por negocio, sino sobretodo por vocaci\u00f3n\u2026 De esta manera entramos en contacto con el mundo de de las carreras de motor fuera de lo normal.<\/span><\/p>\n<p><span style=\"color: #000000;\">En 1990 suministramos las pastillas de freno para el camion de cantera <strong>PERLINI 105 F,<\/strong> (<a href=\"https:\/\/www.bing.com\/videos\/search?q=+parigi+dakar+perlini+&amp;&amp;view=detail&amp;mid=A84A8A0652669ADB3339A84A8A0652669ADB3339&amp;FORM=VRDGAR\" target=\"_blank\" rel=\"noopener noreferrer\">ver video<\/a>) ganador del <strong>Rally Dakar<\/strong> dentro de la categor\u00eda de camiones.<\/span><\/p>\n<p><span style=\"font-weight: 600; color: #000000;\"><a href=\"https:\/\/www.isibond.it\/wp-content\/uploads\/2017\/12\/Ringraziamento-Perlini.jpg\" target=\"_blank\" rel=\"noopener noreferrer\"><img loading=\"lazy\" class=\"wp-image-2242 alignleft\" src=\"https:\/\/www.isibond.it\/wp-content\/uploads\/2017\/12\/Ringraziamento-Perlini.jpg\" alt=\"\" width=\"65\" height=\"91\" srcset=\"https:\/\/www.isibond.it\/wp-content\/uploads\/2017\/12\/Ringraziamento-Perlini.jpg 1109w, https:\/\/www.isibond.it\/wp-content\/uploads\/2017\/12\/Ringraziamento-Perlini-215x300.jpg 215w, https:\/\/www.isibond.it\/wp-content\/uploads\/2017\/12\/Ringraziamento-Perlini-768x1073.jpg 768w, https:\/\/www.isibond.it\/wp-content\/uploads\/2017\/12\/Ringraziamento-Perlini-733x1024.jpg 733w\" sizes=\"(max-width: 65px) 100vw, 65px\" \/>\u00a0<\/a><\/span><\/p>\n<p><span style=\"color: #000000;\"><a href=\"https:\/\/www.isibond.it\/wp-content\/uploads\/2017\/12\/Ringraziamento-Perlini.jpg\" target=\"_blank\" rel=\"noopener noreferrer\">(Haga clic para agrandar)<\/a><\/span><\/p>\n<p>&nbsp;<br \/>\n&nbsp;<\/p>\n<p><span style=\"color: #000000;\">En 2007 fuimos contactados por el equipo <strong>OVERLAND<\/strong>, para refaccionar los frenos del coche antiguo <strong>ITALA<\/strong> (<a href=\"https:\/\/www.bing.com\/videos\/search?q=itala+overland&amp;&amp;view=detail&amp;mid=0AF94A549D8262B1761F0AF94A549D8262B1761F&amp;FORM=VRDGAR\" target=\"_blank\" rel=\"noopener noreferrer\">ver video<\/a>) que en la \u00e9pica carrera por carretera de <strong>Par\u00eds a Pek\u00edn<\/strong>, commemor\u00f2 las haza\u00f1as del Pr\u00edncipe Scipione Borghese, lo cual gan\u00f3 la carrera Pek\u00edn-Par\u00eds en 1907, cruzando la l\u00ednea de llegada tres semanas antes que sus competidores, a lo largo de un camino de aproximadamente 16.000 Km.<\/span><\/p>\n<p><span style=\"color: #000000;\">Adem\u00e1s dise\u00f1amos un material de fricci\u00f3n de alto rendimiento para discos de embrague para <strong>tractor-pulling<\/strong> (<a href=\"https:\/\/www.bing.com\/videos\/search?q=tractor+pulling+cuneo&amp;&amp;view=detail&amp;mid=458811FF4209590A9F21458811FF4209590A9F21&amp;FORM=VRDGAR\" target=\"_blank\" rel=\"noopener noreferrer\">ver video<\/a>) un tipo de carreras en la que los tractores modificados deben arrastrar un trineo muy pesado lo mas lejos posible, a lo largo de una v\u00eda de 35 pies de ancho y 330 pies de largo, siendo el ganador el tractor que arrastra el trineo m\u00e1s lejos. Es un tipo de aplicaci\u00f3n en la cual incluso los materiales de fricci\u00f3n sinterizados est\u00e1n muy estresados.<\/span><br \/>\n&nbsp;<br \/>\n<span style=\"color: #000000;\"> <strong>SECTOR TELEF\u00c9RICOS<\/strong><\/span><br \/>\n<span style=\"color: #000000;\"> Desde hace m\u00e1s que 20 a\u00f1os producimos materiales de fricci\u00f3n tejidos y moldeados, para este sector, seg\u00fan las necesidades de nuestros clientes, asegurando que nuestros productos siempre cumplen con los est\u00e1ndares de calidad adecuados en cuanto a confiabilidad y durabilidad, incluso en condiciones de trabajo extremas.<\/span><br \/>\n&nbsp;<br \/>\n<span style=\"color: #000000;\"> <strong>SECTOR ENERG\u00c9TICO<\/strong><\/span><br \/>\n<span style=\"color: #000000;\"> En este sector suministramos pastillas de freno que se utilizan en generadores para centrales hidroel\u00e9ctricas. Tambi\u00e9n producimos un freno de emergencia para turbinas e\u00f3licas, para detener el rotor.<\/span><br \/>\n&nbsp;<br \/>\n<span style=\"color: #000000;\"> <strong>SECTOR NAVAL<\/strong><\/span><br \/>\n<span style=\"color: #000000;\"> En este sector suministramos cintas de freno tejidas en rollos, para refaccionar los frenos de los cabrestantes de anclaje y de amarre y para gr\u00faas portuarias. Adem\u00e1s fabricamos cinchos de freno seg\u00fan las necesidades de nuestros clientes, discos de freno sinterizados y zapatas de freno para cabrestantes para pescante de bote salvavidas.<\/span><\/p>\n<p><span style=\"color: #000000;\">Nuestros productos para este sector son los siguientes :<\/span><\/p>\n<ul>\n<li><span style=\"color: #000000;\">Cintas de freno tejidas en rollos<\/span><\/li>\n<li><span style=\"color: #000000;\">Discos de freno<\/span><\/li>\n<li><span style=\"color: #000000;\">Zapatas de freno<\/span><\/li>\n<\/ul>\n<p>&nbsp;<\/p>\n<p><span style=\"color: #000000;\"><strong>AUTOMACI\u00d3N RESIDENCIAL <\/strong><\/span><br \/>\n<span style=\"color: #000000;\"> En este sector suministramos forros de fricci\u00f3n, para los embragues de seguridad de los automatismos para puertas correderas y abatibles y para persianas y toldos. Producimos tambi\u00e9n una cinta de freno tejida a base de algod\u00f3n, para los cabrestantes de ascensores, la cual, entre otros aspectos, se caracteriza por no ser ruidosa.<\/span><\/p>","protected":false},"excerpt":{"rendered":"<p>SECTOR AGR\u00cdCOLA Desde hace m\u00e1s que 40 a\u00f1os suministramos nuestros productos, a los fabricantes de maqu\u00ednas agricolas m\u00e1s importantes en el mundo. Muchos de nuestros materiales de fricci\u00f3n, fueron desarrollados ayudando a nuestros clientes en la fase de dise\u00f1o de las nuevas maqu\u00ednas. Nuestros productos para este sector son los siguientes : Pastillas y cinchos<\/p>\n","protected":false},"author":1,"featured_media":0,"parent":0,"menu_order":0,"comment_status":"closed","ping_status":"closed","template":"","meta":{"_mi_skip_tracking":false},"_links":{"self":[{"href":"https:\/\/www.isibond.it\/es\/wp-json\/wp\/v2\/pages\/1156"}],"collection":[{"href":"https:\/\/www.isibond.it\/es\/wp-json\/wp\/v2\/pages"}],"about":[{"href":"https:\/\/www.isibond.it\/es\/wp-json\/wp\/v2\/types\/page"}],"author":[{"embeddable":true,"href":"https:\/\/www.isibond.it\/es\/wp-json\/wp\/v2\/users\/1"}],"replies":[{"embeddable":true,"href":"https:\/\/www.isibond.it\/es\/wp-json\/wp\/v2\/comments?post=1156"}],"version-history":[{"count":148,"href":"https:\/\/www.isibond.it\/es\/wp-json\/wp\/v2\/pages\/1156\/revisions"}],"predecessor-version":[{"id":4013,"href":"https:\/\/www.isibond.it\/es\/wp-json\/wp\/v2\/pages\/1156\/revisions\/4013"}],"wp:attachment":[{"href":"https:\/\/www.isibond.it\/es\/wp-json\/wp\/v2\/media?parent=1156"}],"curies":[{"name":"wp","href":"https:\/\/api.w.org\/{rel}","templated":true}]}}