{"id":2268,"date":"2018-01-02T10:15:06","date_gmt":"2018-01-02T09:15:06","guid":{"rendered":"http:\/\/www.isibond.it\/?page_id=2268"},"modified":"2018-09-24T16:48:04","modified_gmt":"2018-09-24T14:48:04","slug":"informativa-cookie","status":"publish","type":"page","link":"https:\/\/www.isibond.it\/es\/informativa-cookie\/","title":{"rendered":"Aviso de Cookies"},"content":{"rendered":"<p><\/p>\n<p><span style=\"color: #000000;\">Este sitio web utiliza cookies de terceros para an\u00e1lisis, publicidad basada en comportamiento y plugins sociales. Al seguir navegando por esta web, consideramos que Aceptas su uso. Aqu\u00ed dispones de toda la informaci\u00f3n de nuestras cookies.<br \/>\nUsamos cookies propias para mejorar nuestros servicios mediante el an\u00e1lisis de sus h\u00e1bitos de navegaci\u00f3n. Si contin\u00faa navegando en esta p\u00e1gina, consideramos que acepta su uso en los t\u00e9rminos indicados en la Pol\u00edtica de Cookies.<\/span><\/p>","protected":false},"excerpt":{"rendered":"<p>Este sitio web utiliza cookies de terceros para an\u00e1lisis, publicidad basada en comportamiento y plugins sociales. Al seguir navegando por esta web, consideramos que Aceptas su uso. Aqu\u00ed dispones de toda la informaci\u00f3n de nuestras cookies. Usamos cookies propias para mejorar nuestros servicios mediante el an\u00e1lisis de sus h\u00e1bitos de navegaci\u00f3n. Si contin\u00faa navegando en<\/p>\n","protected":false},"author":1,"featured_media":0,"parent":0,"menu_order":0,"comment_status":"closed","ping_status":"closed","template":"","meta":{"_mi_skip_tracking":false},"_links":{"self":[{"href":"https:\/\/www.isibond.it\/es\/wp-json\/wp\/v2\/pages\/2268"}],"collection":[{"href":"https:\/\/www.isibond.it\/es\/wp-json\/wp\/v2\/pages"}],"about":[{"href":"https:\/\/www.isibond.it\/es\/wp-json\/wp\/v2\/types\/page"}],"author":[{"embeddable":true,"href":"https:\/\/www.isibond.it\/es\/wp-json\/wp\/v2\/users\/1"}],"replies":[{"embeddable":true,"href":"https:\/\/www.isibond.it\/es\/wp-json\/wp\/v2\/comments?post=2268"}],"version-history":[{"count":58,"href":"https:\/\/www.isibond.it\/es\/wp-json\/wp\/v2\/pages\/2268\/revisions"}],"predecessor-version":[{"id":3534,"href":"https:\/\/www.isibond.it\/es\/wp-json\/wp\/v2\/pages\/2268\/revisions\/3534"}],"wp:attachment":[{"href":"https:\/\/www.isibond.it\/es\/wp-json\/wp\/v2\/media?parent=2268"}],"curies":[{"name":"wp","href":"https:\/\/api.w.org\/{rel}","templated":true}]}}