{"id":2336,"date":"2018-01-08T18:47:52","date_gmt":"2018-01-08T17:47:52","guid":{"rendered":"http:\/\/www.isibond.it\/?page_id=2336"},"modified":"2018-09-24T16:40:44","modified_gmt":"2018-09-24T14:40:44","slug":"informativa-privacy","status":"publish","type":"page","link":"https:\/\/www.isibond.it\/es\/informativa-privacy\/","title":{"rendered":"Aviso de privacidad"},"content":{"rendered":"<p><strong>Ley 196\/2003\u00a0\u2013\u00a0Tratamiento de Privacidad<\/strong><\/p>\n<p>ISIBOND le informa que sus datos ser\u00e1n tratados de manera confidencial y ser\u00e1n utilizados de manera interna s\u00f3lo para las finalidades indicadas.<br \/>\nEl acceso al presente sitio y\/o a secciones espec\u00edficas del mismo, y\/o a servicios personalizados brindados en el mismo, podr\u00e1n condicionarse al previo otorgamiento de sus datos personales y sensibles.<br \/>\nSus datos no ser\u00e1n en ning\u00fan caso cedidos a terceros<\/p>\n<p>El titular y responsable de los datos recogidos es:<\/p>\n<p>ISIBOND s.a.s.<br \/>\nVia Fernando Santi, 13<br \/>\n\u00c1rea industrial Sanda-Vad\u00f2<br \/>\n10024 &#8211; MONCALIERI (TO) &#8211; ITALIA<\/p>\n<p>Puede ejercitar los derechos de oposici\u00f3n, acceso, rectificaci\u00f3n y cancelaci\u00f3n dirigiendo un escrito a la direcci\u00f3n antes citada o un correo electr\u00f3nico.<\/p>","protected":false},"excerpt":{"rendered":"<p>Ley 196\/2003\u00a0\u2013\u00a0Tratamiento de Privacidad ISIBOND le informa que sus datos ser\u00e1n tratados de manera confidencial y ser\u00e1n utilizados de manera interna s\u00f3lo para las finalidades indicadas. El acceso al presente sitio y\/o a secciones espec\u00edficas del mismo, y\/o a servicios personalizados brindados en el mismo, podr\u00e1n condicionarse al previo otorgamiento de sus datos personales y<\/p>\n","protected":false},"author":1,"featured_media":0,"parent":0,"menu_order":0,"comment_status":"closed","ping_status":"closed","template":"","meta":{"_mi_skip_tracking":false},"_links":{"self":[{"href":"https:\/\/www.isibond.it\/es\/wp-json\/wp\/v2\/pages\/2336"}],"collection":[{"href":"https:\/\/www.isibond.it\/es\/wp-json\/wp\/v2\/pages"}],"about":[{"href":"https:\/\/www.isibond.it\/es\/wp-json\/wp\/v2\/types\/page"}],"author":[{"embeddable":true,"href":"https:\/\/www.isibond.it\/es\/wp-json\/wp\/v2\/users\/1"}],"replies":[{"embeddable":true,"href":"https:\/\/www.isibond.it\/es\/wp-json\/wp\/v2\/comments?post=2336"}],"version-history":[{"count":44,"href":"https:\/\/www.isibond.it\/es\/wp-json\/wp\/v2\/pages\/2336\/revisions"}],"predecessor-version":[{"id":3532,"href":"https:\/\/www.isibond.it\/es\/wp-json\/wp\/v2\/pages\/2336\/revisions\/3532"}],"wp:attachment":[{"href":"https:\/\/www.isibond.it\/es\/wp-json\/wp\/v2\/media?parent=2336"}],"curies":[{"name":"wp","href":"https:\/\/api.w.org\/{rel}","templated":true}]}}