{"id":238,"date":"2017-07-20T08:56:25","date_gmt":"2017-07-20T08:56:25","guid":{"rendered":"http:\/\/tonatheme.com\/newwp\/industry\/?page_id=238"},"modified":"2020-11-11T15:00:41","modified_gmt":"2020-11-11T14:00:41","slug":"contatti","status":"publish","type":"page","link":"https:\/\/www.isibond.it\/es\/contatti\/","title":{"rendered":"Contactos"},"content":{"rendered":"<p><section class=\"kc-elm kc-css-54993 kc_row\"><div class=\"kc-row-container\"><div class=\"kc-wrap-columns\"><div class=\"kc-elm kc-css-572107 kc_col-sm-12 kc_column kc_col-sm-12\"><div class=\"kc-col-container\"><div class=\"kc-elm kc-css-105706 kc_text_block\"><\/p>\n<h2><span style=\"font-weight: 600;\"><span style=\"color: #000000;\"><img loading=\"lazy\" class=\"aligncenter\" src=\"https:\/\/www.isibond.it\/wp-content\/uploads\/2018\/02\/finaff.jpg\" alt=\"\" width=\"268\" height=\"145\"><\/span><\/span><b style=\"color: #000000; font-size: 16px; text-align: -webkit-center;\"><i><span style=\"font-size: 14.0pt; mso-bidi-font-size: 10.0pt; mso-bidi-font-family: Arial;\"><img loading=\"lazy\" class=\"aligncenter \" src=\"https:\/\/www.isibond.it\/wp-content\/uploads\/2019\/05\/qr-code-1-e1558101246514.png\" alt=\"\" width=\"200\" height=\"200\"><\/span><\/i><\/b><\/h2>\n<p class=\"MsoFooter\" style=\"text-align: center; tab-stops: 35.4pt;\" align=\"center\"><span style=\"color: #000000;\"> QR Code vCard <\/span><\/p>\n<div>\n<p class=\"MsoFooter\" style=\"text-align: center; tab-stops: 35.4pt;\" align=\"center\"><span style=\"color: #339966;\"><b><i><span lang=\"EN-US\" style=\"font-size: 14.0pt; mso-bidi-font-size: 10.0pt; mso-bidi-font-family: Arial; mso-ansi-language: EN-US;\">FINAFF<\/span><\/i><\/b><\/span><span lang=\"EN-US\" style=\"color: #000000; font-size: 14pt;\"> es una marca registrada <span style=\"color: #3366ff;\"><strong> ISIBOND s.a.s.<\/strong><\/span><\/span><\/p>\n<\/div>\n<div><span style=\"font-weight: 600;\"><span style=\"color: #000000;\">\u00a0<\/span><\/span><\/div>\n<h2><strong>RED COMERCIAL ITALIA<\/strong><\/h2>\n<ul>\n<li><span style=\"color: #000000;\"><span style=\"font-weight: 600;\">EMILIA ROMAGNA<\/span>:\u00a0Agente\u00a0<span style=\"font-weight: 600;\"><span style=\"color: #339966;\"><em>MARI Maurizio<\/em><\/span><\/span>\u00a0<\/span><span style=\"color: #000000;\">&#8211;\u00a0Tel. 335-58.63.252 &#8211;\u00a0E-mail:\u00a0<a href=\"mailto:mari.maurizio@fastwebnet.it\">mari.maurizio@fastwebnet.it<\/a><\/span><\/li>\n<li><span style=\"font-weight: 600; color: #000000; font-style: inherit;\">TOSCANA<\/span><span style=\"color: #000000; font-style: inherit;\">:\u00a0Distributore\u00a0<\/span><span style=\"font-style: inherit; color: #339966;\"><em><span style=\"font-weight: 600;\">EUROGAMMA s.r.l.<\/span><\/em><\/span><span style=\"color: #000000; font-style: inherit;\">\u00a0&#8211; VIA DI LE PRATA, 108 \u2013 50041 CALENZANO (FI) -Tel. 055-88.15.11 &#8211;\u00a0<\/span><span style=\"color: #000000;\">Fax. 055-88.15.120<\/span><\/li>\n<li><span style=\"color: #000000; font-style: inherit;\">\u00a0 \u00a0 \u00a0 \u00a0 \u00a0 \u00a0 \u00a0 \u00a0 \u00a0 \u00a0 \u00a0E-mail:\u00a0<a href=\"mailto:info@eurogamma.com\">info@eurogamma.com<\/a><\/span><\/li>\n<li><span style=\"font-weight: 600; color: #000000; font-style: inherit;\">MARCHE\u2013ABRUZZO\u2013MOLISE<\/span><span style=\"color: #000000; font-style: inherit;\">:\u00a0Distributore\u00a0<\/span><span style=\"color: #000000; font-style: inherit;\"><em style=\"color: rgb(51, 153, 102);\"><span style=\"font-weight: 600;\">GZ RICAMBI s.a.s.<\/span><\/em>\u00a0&#8211; Via F.Maritano, 41 \u2013 62010 MONTECASSIANO (MC) Tel. 0733-59.87.87 &#8211; Cell.337-63.83.56 &#8211;\u00a0<\/span><\/li>\n<li><span style=\"color: #000000; font-style: inherit;\">\u00a0 \u00a0 \u00a0 \u00a0 \u00a0 \u00a0 \u00a0 \u00a0 \u00a0 \u00a0 \u00a0 \u00a0 \u00a0 \u00a0 \u00a0 \u00a0 \u00a0 \u00a0 \u00a0 \u00a0 \u00a0 \u00a0 \u00a0 \u00a0 \u00a0 \u00a0 \u00a0 \u00a0 \u00a0Fax. 0733-59.87.87 &#8211; E-mail:\u00a0<\/span><a style=\"font-style: inherit;\" href=\"mailto:info@giovannizitti.it\">info@giovannizitti.it<\/a><\/li>\n<li><span style=\"font-weight: 600; color: #000000; font-style: inherit;\">LAZIO-CAMPANIA-CALABRIA<\/span><span style=\"color: #000000; font-style: inherit;\">:\u00a0Distributore\u00a0<\/span><span style=\"font-style: inherit; color: #339966;\"><em><span style=\"font-weight: 600;\">S.A.TE.S. s.r.l<\/span><\/em><\/span><span style=\"color: #000000; font-style: inherit;\">. &#8211; Strada Statale Appia Km. 196,500 &#8211; 81050 &#8211; VITULAZIO (CE) Tel. 0823-99.73.23 &#8211;\u00a0<\/span><\/li>\n<li><span style=\"color: #000000; font-style: inherit;\">\u00a0 \u00a0 \u00a0 \u00a0 \u00a0 \u00a0 \u00a0 \u00a0 \u00a0 \u00a0 \u00a0 \u00a0 \u00a0 \u00a0 \u00a0 \u00a0 \u00a0 \u00a0 \u00a0 \u00a0 \u00a0 \u00a0 \u00a0 \u00a0 \u00a0 \u00a0 \u00a0 \u00a0 \u00a0 Fax. 0823-96.94.84 &#8211; E-mail:\u00a0<\/span><a style=\"font-style: inherit;\" href=\"mailto:sates@satessrl.com\">sates@satessrl.com<\/a><span style=\"color: #000000; font-style: inherit;\">\u00a0 \u00a0 \u00a0<\/span><\/li>\n<li><span style=\"font-weight: 600; color: #000000; font-style: inherit;\">PUGLIA-BASILICATA<\/span><span style=\"color: #000000; font-style: inherit;\">: Agente\u00a0<\/span><span style=\"font-style: inherit; color: #339966;\"><span style=\"font-weight: 600;\"><em>CASTELLANO Dario<\/em><\/span><\/span><span style=\"color: #000000; font-style: inherit;\">\u00a0&#8211; Tel. 392.11.14.131 &#8211; E-mail:\u00a0<\/span><a style=\"font-style: inherit;\" href=\"mailto:c.dario@alice.it\">c.dario@alice.it<\/a><span style=\"color: #000000; font-style: inherit;\">\u00a0<\/span><\/li>\n<li><span style=\"font-weight: 600; color: #000000; font-style: inherit;\">SICILIA<\/span><span style=\"color: #000000; font-style: inherit;\">:\u00a0Distributore\u00a0\u00a0<\/span><span style=\"font-style: inherit; color: #339966;\"><span style=\"font-weight: 600;\"><em>GISAL RICAMBI<\/em>\u00a0<\/span><\/span><span style=\"color: #000000; font-style: inherit;\"><span style=\"color: #339966;\"><strong><em>s.r.l.s.<\/em><\/strong><\/span> &#8211; Via F. Battiato, 36 \u2013 95124 CATANIA (CT) &#8211;\u00a0Tel e Fax 095-31.16.63 &#8211;\u00a0E-mail:\u00a0<\/span><a style=\"font-style: inherit;\" href=\"mailto:gisal@simail.it\">gisal@simail.it<\/a><\/li>\n<\/ul>\n<div><span style=\"font-weight: 600;\"><span style=\"color: #000000;\">\u00a0<\/span><\/span><\/div>\n<h2><strong>RED MUNDIAL DE VENTAS<\/strong><\/h2>\n<p><strong><span style=\"color: #000000;\">ESPA\u00d1A:<\/span> <span style=\"color: #339966;\"><em>RECINSA &#8211; RECAMBIOS INTERNACIONALES<\/em><\/span> &#8211; <\/strong><a href=\"https:\/\/www.recinsa.es\" target=\"_blank\" rel=\"noopener noreferrer\">www.recinsa.es<\/a> <span style=\"color: #000000;\">&#8211; E.mail<\/span> <a href=\"mailto:delegaciones@recinsa.es\" target=\"_blank\" rel=\"noopener noreferrer\">delegaciones@recinsa.es<\/a><\/p>\n<p><span style=\"color: #000000;\"><strong>SUIZA:<\/strong> <\/span><span style=\"color: #339966;\"><em><strong>LT BRUNO LEHMANN AG<\/strong><\/em><\/span> &#8211;\u00a0<a href=\"https:\/\/www.lehmann-trub.ch\" target=\"_blank\" rel=\"noopener noreferrer\">www.lehmann-trub.ch<\/a> <span style=\"color: #000000;\">&#8211; E-mail:<\/span> <a href=\"mailto:info@lehmann-trub.ch\" target=\"_blank\" rel=\"noopener noreferrer\">info@lehmann-trub.ch<\/a><\/p>\n<p><span style=\"color: #000000;\"><b><strong>AUSTRIA<\/strong>: <\/b><\/span><span style=\"color: #339966;\"><em><span style=\"font-weight: 600;\">WALTRAUD SPRINGER<\/span><\/em><\/span>\u00a0&#8211;\u00a0<a href=\"https:\/\/www.springer-reibbel\u00e4ge.at\">www.springer-reibbel\u00e4ge.at<\/a>\u00a0<span style=\"color: #000000;\">&#8211; E-mail<\/span>:\u00a0<a href=\"mailto:cls@reibbelaege.at\">cls@reibbelaege.at<\/a><\/p>\n<p><span style=\"color: #000000;\"><strong>REPUBLICA CHECA: <\/strong><\/span><span style=\"color: #339966;\"><em><strong>RENOVAK KOSTELEC NAD ORLICI <\/strong><\/em><\/span>&#8211;\u00a0<a href=\"https:\/\/www.renovak.cz\" target=\"_blank\" rel=\"noopener noreferrer\">www.renovak.cz<\/a>\u00a0<span style=\"color: #000000;\">&#8211; E-mail: <\/span><a href=\"mailto:renovak@www.renovak.cz\" target=\"_blank\" rel=\"noopener noreferrer\">renovak@www.renovak.cz<\/a><\/p>\n<p><strong style=\"font-style: inherit;\"><span style=\"color: #000000;\">ISRAEL:<\/span> <span style=\"color: #339966;\"><em>C.M.D. ENGINEERING EQUIPMENT<\/em><\/span><\/strong><span style=\"font-style: inherit;\">\u00a0&#8211; <\/span><a style=\"font-style: inherit;\" href=\"https:\/\/www.cmd.co.il\" target=\"_blank\" rel=\"noopener noreferrer\">www.cmd.co.il<\/a><span style=\"font-style: inherit;\">\u00a0&#8211;\u00a0<\/span><span style=\"font-style: inherit; color: #000000;\">E-mail:<\/span> <a style=\"font-style: inherit;\" href=\"mailto:cmd@cmd.co.il\" target=\"_blank\" rel=\"noopener noreferrer\">cmd@cmd.co.il<\/a><\/p>\n<p><span style=\"color: #000000;\"><strong>AUSTRALIA:<\/strong>\u00a0<\/span><span style=\"color: #339966;\"><em><strong>G.W. TRACTORS<\/strong><\/em><\/span> &#8211; <a href=\"https:\/\/www.gwtractors.com.au\" target=\"_blank\" rel=\"noopener noreferrer\">www.gwtractors.com.au\u00a0<\/a>&#8211; <span style=\"color: #000000;\">E-mail:<\/span> <a href=\"mailto:info@gwtractors.com.au\" target=\"_blank\" rel=\"noopener noreferrer\">info@gwtractors.com.au<\/a><\/p>\n<p>\n<\/div><\/div><\/div><\/div><\/div><\/section><section class=\"kc-elm kc-css-97598 kc_row\"><div class=\"kc-row-container  kc-container\"><div class=\"kc-wrap-columns\"><div class=\"kc-elm kc-css-143898 kc_col-sm-12 kc_column kc_col-sm-12\"><div class=\"kc-col-container\"><!--Start contact form area-->\n<section class=\"contact-form-area\">\n    <div class=\"container\">\n        <div class=\"sec-title\">\n            <h1>Contactos<\/h1>\n            <span class=\"border\"><\/span>\n            \n        <\/div>\n        <div class=\"row\">\n            <div class=\"col-lg-8 col-md-7\">\n                <div class=\"contact-form\">\n                    <div role=\"form\" class=\"wpcf7\" id=\"wpcf7-f1387-o5\" lang=\"it-IT\" dir=\"ltr\">\n<div class=\"screen-reader-response\"><p role=\"status\" aria-live=\"polite\" aria-atomic=\"true\"><\/p> <ul><\/ul><\/div>\n<form action=\"\/es\/wp-json\/wp\/v2\/pages\/238#wpcf7-f1387-o5\" method=\"post\" class=\"wpcf7-form init\" novalidate=\"novalidate\" data-status=\"init\">\n<div style=\"display: none;\">\n<input type=\"hidden\" name=\"_wpcf7\" value=\"1387\" \/>\n<input type=\"hidden\" name=\"_wpcf7_version\" value=\"5.5.6\" \/>\n<input type=\"hidden\" name=\"_wpcf7_locale\" value=\"it_IT\" \/>\n<input type=\"hidden\" name=\"_wpcf7_unit_tag\" value=\"wpcf7-f1387-o5\" \/>\n<input type=\"hidden\" name=\"_wpcf7_container_post\" value=\"0\" \/>\n<input type=\"hidden\" name=\"_wpcf7_posted_data_hash\" value=\"\" \/>\n<input type=\"hidden\" name=\"_wpcf7_recaptcha_response\" value=\"\" \/>\n<\/div>\n<div class=\"col-lg-2 col-md-2 col-sm-2 col-xs-2\">\n    <label> Nombre*<\/label>\n  <\/div>\n<div class=\"col-lg-10 col-md-10 col-sm-10 col-xs-10\">\n    <span class=\"wpcf7-form-control-wrap your-name\"><input type=\"text\" name=\"your-name\" value=\"\" size=\"30\" class=\"wpcf7-form-control wpcf7-text wpcf7-validates-as-required\" aria-required=\"true\" aria-invalid=\"false\" \/><\/span>\n  <\/div>\n<div class=\"col-lg-2 col-md-2 col-sm-2 col-xs-2\">\n    <label> Empresa*<\/label>\n  <\/div>\n<div class=\"col-lg-10 col-md-10 col-sm-10 col-xs-10\">\n    <span class=\"wpcf7-form-control-wrap your-azienda\"><input type=\"text\" name=\"your-azienda\" value=\"\" size=\"30\" class=\"wpcf7-form-control wpcf7-text wpcf7-validates-as-required\" aria-required=\"true\" aria-invalid=\"false\" \/><\/span>\n  <\/div>\n<div class=\"col-lg-2 col-md-2 col-sm-2 col-xs-2\">\n    <label> URL WEB*<\/label>\n  <\/div>\n<div class=\"col-lg-10 col-md-10 col-sm-10 col-xs-10\">\n    <span class=\"wpcf7-form-control-wrap your-web\"><input type=\"text\" name=\"your-web\" value=\"\" size=\"30\" class=\"wpcf7-form-control wpcf7-text wpcf7-validates-as-required\" aria-required=\"true\" aria-invalid=\"false\" \/><\/span>\n  <\/div>\n<div class=\"col-lg-2 col-md-2 col-sm-2 col-xs-2\">\n    <label> E-mail*   <\/label>\n  <\/div>\n<div class=\"col-lg-10 col-md-10 col-sm-10 col-xs-10\">\n    <span class=\"wpcf7-form-control-wrap your-email\"><input type=\"text\" name=\"your-email\" value=\"\" size=\"20\" class=\"wpcf7-form-control wpcf7-text wpcf7-validates-as-required\" aria-required=\"true\" aria-invalid=\"false\" \/><\/span>\n  <\/div>\n<div class=\"col-lg-2 col-md-2 col-sm-2 col-xs-2\">\n    <label> Tel\u00e9fono*<\/label>\n  <\/div>\n<div class=\"col-lg-10 col-md-10 col-sm-10 col-xs-10\">\n    <span class=\"wpcf7-form-control-wrap your-telefono\"><input type=\"text\" name=\"your-telefono\" value=\"\" size=\"20\" class=\"wpcf7-form-control wpcf7-text wpcf7-validates-as-required\" aria-required=\"true\" aria-invalid=\"false\" \/><\/span>\n<\/div>\n<div class=\"col-lg-2 col-md-2 col-sm-2 col-xs-2\">\n    <label> Direcci\u00f3n*<\/label>\n  <\/div>\n<div class=\"col-lg-10 col-md-10 col-sm-10 col-xs-10\">\n    <span class=\"wpcf7-form-control-wrap your-indirizzo\"><input type=\"text\" name=\"your-indirizzo\" value=\"\" size=\"30\" class=\"wpcf7-form-control wpcf7-text wpcf7-validates-as-required\" aria-required=\"true\" aria-invalid=\"false\" \/><\/span> <\/label>\n  <\/div>\n<div class=\"col-lg-2 col-md-2 col-sm-2 col-xs-2\">\n    <label> Ciudad*<\/label>\n  <\/div>\n<div class=\"col-lg-10 col-md-10 col-sm-10 col-xs-10\">\n    <span class=\"wpcf7-form-control-wrap your-citta\"><input type=\"text\" name=\"your-citta\" value=\"\" size=\"20\" class=\"wpcf7-form-control wpcf7-text wpcf7-validates-as-required\" aria-required=\"true\" aria-invalid=\"false\" \/><\/span>\n  <\/div>\n<div class=\"col-lg-2 col-md-2 col-sm-2 col-xs-2\">\n    <label> Estado*<\/label>\n  <\/div>\n<div class=\"col-lg-10 col-md-10 col-sm-10 col-xs-10\">\n    <span class=\"wpcf7-form-control-wrap your-stato\"><input type=\"text\" name=\"your-stato\" value=\"\" size=\"20\" class=\"wpcf7-form-control wpcf7-text wpcf7-validates-as-required\" aria-required=\"true\" aria-invalid=\"false\" \/><\/span>\n  <\/div>\n<div class=\"col-lg-12 col-md-12 col-sm-12 col-xs-12\" style=\"margin-top:80px;\">\n<p><label> Escribe tu mensaje:<\/p>\n<p>    <span class=\"wpcf7-form-control-wrap your-message\"><textarea name=\"your-message\" cols=\"60\" rows=\"6\" class=\"wpcf7-form-control wpcf7-textarea\" aria-invalid=\"false\"><\/textarea><\/span> <\/label><\/p>\n<\/div>\n<div class=\"col-lg-12 col-md-12 col-sm-12 col-xs-12\" \"margin-top:80px;\">\n<label><a href=\"https:\/\/www.isibond.it\/informativa-privacy\/\" target=\"_blank\">Aceptaci\u00f3n de la Pol\u00edtica de privacidad. (Haz click aqu\u00ed para leer m\u00e1s)<\/a><\/p>\n<p><span class=\"wpcf7-form-control-wrap your-accettazione\"><span class=\"wpcf7-form-control wpcf7-checkbox wpcf7-validates-as-required\"><span class=\"wpcf7-list-item first last\"><input type=\"checkbox\" name=\"your-accettazione[]\" value=\"Acepto*\" \/><span class=\"wpcf7-list-item-label\">Acepto*<\/span><\/span><\/span><\/span>\n<\/p><\/div>\n<div class=\"col-lg-4 col-md-4 col-sm-4 col-xs-4\" style=\"margin-top:40px;\">\n<label>C\u00f3digo de seguridad<\/label><br \/>\n<input type=\"hidden\" name=\"_wpcf7_captcha_challenge_your-captcha\" value=\"2841843092\" \/><img class=\"wpcf7-form-control wpcf7-captchac wpcf7-captcha-your-captcha\" width=\"84\" height=\"28\" alt=\"captcha\" src=\"https:\/\/www.isibond.it\/wp-content\/uploads\/wpcf7_captcha\/2841843092.png\" \/><br \/>\n<span class=\"wpcf7-form-control-wrap your-captcha\"><input type=\"text\" name=\"your-captcha\" value=\"\" size=\"1\" maxlength=\"100\" class=\"wpcf7-form-control wpcf7-captchar\" autocomplete=\"off\" aria-invalid=\"false\" \/><\/span>\n<\/div>\n<div class=\"col-lg-12 col-md-12 col-sm-12 col-xs-12\" style=\"margin-top:10px;\">\n<p><input type=\"submit\" value=\"Invia\" class=\"wpcf7-form-control has-spinner wpcf7-submit\" \/>\n<\/p><\/div>\n<div class=\"col-lg-12 col-md-12 col-sm-12 col-xs-12\" style=\"margin-top:5px;\">\n<p>*Campo obligatorio\n<\/p><\/div>\n<div class=\"wpcf7-response-output\" aria-hidden=\"true\"><\/div><\/form><\/div>  \n                <\/div>\n            <\/div>\n            <div class=\"col-lg-4 col-md-5\">\n                <div class=\"quick-contact\">\n\t\t\t\t                    <div class=\"title\">\n                        <h2>Contatti<\/h2>\n                        <p><\/p>\n                    <\/div>\n\t\t\t\t\t\n                    <ul class=\"contact-info\">\n\t\t\t\t\t\t\t\t\t\t\t\t                        <li>\n                            <div class=\"icon-holder\">\n                                <span class=\"flaticon-phone\"><\/span>\n                            <\/div>\n                            <div class=\"text-holder\">\n                                <h5><span>Phone:<\/span> +39 011 6472496 <\/h5>\n                            <\/div>\n                        <\/li>\n\t\t\t\t\t\t\t\t\t\t\t\t                        <li>\n                            <div class=\"icon-holder\">\n                                <span class=\"flaticon-back\"><\/span>\n                            <\/div>\n                            <div class=\"text-holder\">\n                                <h5><span>Email:<\/span> isibondsas@gmail.com<\/h5>\n                            <\/div>\n                        <\/li>\n\t\t\t\t\t\t                    <\/ul>\n                    \n                    <ul class=\"social-links\">\n                         \n                    <\/ul>\n                    \n                <\/div>    \n            <\/div>\n            \n        <\/div>\n    <\/div>\n<\/section>\n<!--End contact form area--> <\/div><\/div><\/div><\/div><\/section><section class=\"kc-elm kc-css-797332 kc_row\"><div class=\"kc-row-container\"><div class=\"kc-wrap-columns\"><div class=\"kc-elm kc-css-620455 kc_col-sm-12 kc_column kc_col-sm-12\"><div class=\"kc-col-container\"><div class=\"kc-elm kc-css-541569 kc_google_maps kc_shortcode\"><div style=\"height: 500px\" class=\"kc-google-maps\"><iframe src=\"https:\/\/www.google.com\/maps\/embed?pb=!1m18!1m12!1m3!1d90323.83421967956!2d7.6504002180357356!3d44.97171849541341!2m3!1f0!2f0!3f0!3m2!1i1024!2i768!4f13.1!3m3!1m2!1s0x47880c3242bc070b%3A0x6cc60b1f7897d255!2sIsibond+S.A.S.+Di+Navire+Rag.Paolo+%26+C.!5e0!3m2!1sit!2sit!4v1507706507557\" width=\"100%\" height=\"500\" frameborder=\"0\" style=\"border:0\" allowfullscreen><\/iframe><\/div><\/div><\/div><\/div><\/div><\/div><\/section><\/p>","protected":false},"excerpt":{"rendered":"","protected":false},"author":1,"featured_media":0,"parent":0,"menu_order":0,"comment_status":"closed","ping_status":"closed","template":"","meta":{"_mi_skip_tracking":false},"_links":{"self":[{"href":"https:\/\/www.isibond.it\/es\/wp-json\/wp\/v2\/pages\/238"}],"collection":[{"href":"https:\/\/www.isibond.it\/es\/wp-json\/wp\/v2\/pages"}],"about":[{"href":"https:\/\/www.isibond.it\/es\/wp-json\/wp\/v2\/types\/page"}],"author":[{"embeddable":true,"href":"https:\/\/www.isibond.it\/es\/wp-json\/wp\/v2\/users\/1"}],"replies":[{"embeddable":true,"href":"https:\/\/www.isibond.it\/es\/wp-json\/wp\/v2\/comments?post=238"}],"version-history":[{"count":361,"href":"https:\/\/www.isibond.it\/es\/wp-json\/wp\/v2\/pages\/238\/revisions"}],"predecessor-version":[{"id":4029,"href":"https:\/\/www.isibond.it\/es\/wp-json\/wp\/v2\/pages\/238\/revisions\/4029"}],"wp:attachment":[{"href":"https:\/\/www.isibond.it\/es\/wp-json\/wp\/v2\/media?parent=238"}],"curies":[{"name":"wp","href":"https:\/\/api.w.org\/{rel}","templated":true}]}}