{"id":412,"date":"2017-09-28T11:53:29","date_gmt":"2017-09-28T09:53:29","guid":{"rendered":"http:\/\/www.isibond.it\/?page_id=412"},"modified":"2019-06-12T10:38:09","modified_gmt":"2019-06-12T08:38:09","slug":"azienda","status":"publish","type":"page","link":"https:\/\/www.isibond.it\/es\/azienda\/","title":{"rendered":"EMPRESA"},"content":{"rendered":"<p><section class=\"kc-elm kc-css-460629 kc_row\"><div class=\"kc-row-container  kc-container\"><div class=\"kc-wrap-columns\"><div class=\"kc-elm kc-css-307117 kc_col-sm-12 kc_column kc_col-sm-12\"><div class=\"kc-col-container\"><div class=\"kc-elm kc-css-739475 kc_text_block\"><\/p>\n<p><img loading=\"lazy\" class=\"aligncenter wp-image-2713\" src=\"https:\/\/www.isibond.it\/wp-content\/uploads\/2017\/09\/Storica.jpg\" alt=\"\" width=\"689\" height=\"516\" srcset=\"https:\/\/www.isibond.it\/wp-content\/uploads\/2017\/09\/Storica.jpg 2762w, https:\/\/www.isibond.it\/wp-content\/uploads\/2017\/09\/Storica-300x225.jpg 300w, https:\/\/www.isibond.it\/wp-content\/uploads\/2017\/09\/Storica-768x575.jpg 768w, https:\/\/www.isibond.it\/wp-content\/uploads\/2017\/09\/Storica-1024x767.jpg 1024w\" sizes=\"(max-width: 689px) 100vw, 689px\" \/><\/p>\n<p style=\"text-align: center;\">Estaci\u00f3n Central de Porta Nuova &#8211; Turin,\u00a0 1954, publicidad de la empresa de representaciones NAVIRE<\/p>\n<p><span style=\"color: #000000;\"><span style=\"color: #3366ff;\"><strong>ISIBOND<\/strong> <\/span>nace en <strong>1974<\/strong> como fabricante de cintas de freno para maquinaria agr\u00edcola y de obras p\u00fablicas, a partir de la utilizaci\u00f3n de una nueva tecnolog\u00eda de pegado de las zapatas de freno, habitualmente remachadas en los cinchos de freno.<\/span><\/p>\n<p><span style=\"color: #000000;\">La innovadora tecnolog\u00eda de pegado unida a la excelente calidad de los materiales de fricci\u00f3n fabricados por <span style=\"color: #339966;\"><em><strong>FINAFF<\/strong><\/em><\/span>, una antigua empresa italiana fabricante de materiales de fricci\u00f3n fundada en <strong>1924<\/strong> en Ciri\u00e9 (Torino), permitieron a <span style=\"color: #3366ff;\"><strong>ISIBOND <\/strong><\/span>conseguir la homologaci\u00f3n de sus productos por parte de los m\u00e1s importantes fabricantes italianos y extranjeros de maquinaria agr\u00edcola y de obras p\u00fablicas.<\/span><\/p>\n<p><span style=\"color: #000000;\">El v\u00ednculo entre la familia Navire y <span style=\"color: #339966;\"><em><strong>FINAFF<\/strong> <\/em><\/span>nace en <strong>1937<\/strong>, cuando el Commendatore Carlo Navire se convierte en representante de dicha empresa para el Piemonte y la Liguria (regiones del Nordeste de Italia).<\/span><\/p>\n<p><span style=\"color: #000000;\"><img loading=\"lazy\" class=\"alignright wp-image-417 size-full\" src=\"https:\/\/www.isibond.it\/wp-content\/uploads\/2017\/09\/Stabile.jpg\" alt=\"\" width=\"379\" height=\"181\" srcset=\"https:\/\/www.isibond.it\/wp-content\/uploads\/2017\/09\/Stabile.jpg 379w, https:\/\/www.isibond.it\/wp-content\/uploads\/2017\/09\/Stabile-300x143.jpg 300w\" sizes=\"(max-width: 379px) 100vw, 379px\" \/><\/span><\/p>\n<p><span style=\"color: #000000;\">En <strong>1982<\/strong> <span style=\"color: #3366ff;\"><strong>ISIBOND<\/strong> <\/span>abre una planta de producci\u00f3n en el nuevo pol\u00edgono industrial de Moncalieri (Tur\u00edn \u2013 en el noroeste de Italia), donde actualmente se fabrican pinzas hidr\u00e1ulicas y conjuntos de freno de alta calidad.<\/span><\/p>\n<p><span style=\"color: #000000;\">Al a\u00f1o siguiente, para hacer frente a la demanda de sus m\u00e1s importantes clientes, la empresa adquiere una planta de producci\u00f3n de materiales de fricci\u00f3n, equipada con un laboratorio qu\u00edmico y un trib\u00f3metro. En <strong>1986<\/strong> comienzan los primeros estudios sobre productos sustitutos del amianto.<\/span><\/p>\n<p><span style=\"color: #000000;\">En <strong>1991<\/strong>\u00a0por causa de la inminente entrada en vigor de la normativa que proh\u00edbe el uso del amianto, <span style=\"color: #339966;\"><em><strong>FINAFF<\/strong><\/em><\/span>, proveedora de material de fricci\u00f3n, decide suspender su actividad. En ese momento, <span style=\"color: #3366ff;\"><strong>ISIBOND<\/strong> <\/span>dispone ya de algunos materiales s\u00edn amianto puestos a punto en el transcurso de a\u00f1os anteriores, por lo que intensifica sus investigaciones y potencia los departamentos de producci\u00f3n adquiriendo parte de las maquinarias de <span style=\"color: #339966;\"><em><strong>FINAFF<\/strong><\/em><\/span>, as\u00ed como la hist\u00f3rica marca.<\/span><\/p>\n<p><span style=\"color: #000000;\">En <strong>1993<\/strong> se constituye una red comercial de cobertura nacional, y posteriormente internacional, que operar\u00e1 en el mercado de repuestos bajo de la marca <span style=\"color: #339966;\"><em><strong>FINAFF<\/strong><\/em><\/span>. Mientras, la gama de productos de <span style=\"color: #3366ff;\"><strong>ISIBOND<\/strong> <\/span>se amplia con la introducci\u00f3n de materiales de fricci\u00f3n sinterizados y de papel para uso en ba\u00f1o de aceite.<\/span><\/p>\n<p><span style=\"color: #000000;\">En <strong>2000<\/strong>, <span style=\"color: #3366ff;\"><strong>ISIBOND <\/strong><\/span>compra el departamento de materiales de fricci\u00f3n para ascensores de la sociedad <strong>Serralunga<\/strong> (Biella &#8211; Italia), lo que contribuye a consolidar su posici\u00f3n en el mercado industrial.<\/span><\/p>\n<p><span style=\"color: #000000;\">En <strong>2001<\/strong>, <span style=\"color: #3366ff;\"><strong>ISIBOND<\/strong> <\/span>adquiere la empresa <strong>A.D.F.<\/strong> (Acquasanta Terme &#8211; Italia), productora de forros de embragues para autom\u00f3viles, camiones, tractores y aplicaciones industriales.<\/span><\/p>\n<p><span style=\"color: #000000;\">El laboratorio de investigaci\u00f3n y desarrollo, totalmente equipado, cuenta tambi\u00e9n con un moderno dinam\u00f3metro para llevar cabo ensayos din\u00e1micos, internos y por cuenta ajena, con diferentes sistemas de frenos, lo que agiliza el desarrollo de materiales de fricci\u00f3n de altas prestaciones y de bajo impacto medio-ambiental.<\/span><\/p>\n<p><span style=\"color: #000000;\">El sistema empresarial de <span style=\"color: #3366ff;\"><strong>ISIBOND<\/strong> <\/span>dispone de certificaciones seg\u00fan Normas<strong> ISO 9001:2015<\/strong> y <strong>ISO 14001:2015.<\/strong><\/span><\/p>\n<p><span style=\"color: #000000;\">Actualmente la empresa ocupa una superficie de <strong>8.000<\/strong> m\u00b2, de los que <strong>4.500<\/strong> m\u00b2 son cubiertos. En su plantilla de <strong>26<\/strong> profesionales repartidos entre los distintos departamentos destacan de modo significativo los de Calidad e Investigaci\u00f3n y Desarrollo.<\/span><\/p>\n<h4><span style=\"color: #000000;\"><strong><br \/><\/strong><\/span><\/h4>\n<h4><span style=\"color: #000000;\"><strong>NUESTRAS MARCAS<\/strong><\/span><\/h4>\n<p><img loading=\"lazy\" class=\"aligncenter size-full wp-image-1104\" src=\"https:\/\/www.isibond.it\/wp-content\/uploads\/2017\/09\/fgcvfg.gif\" alt=\"\" width=\"379\" height=\"107\"><\/p>\n<p>\n<\/div><\/div><\/div><\/div><\/div><\/section><\/p>","protected":false},"excerpt":{"rendered":"","protected":false},"author":1,"featured_media":0,"parent":0,"menu_order":0,"comment_status":"closed","ping_status":"closed","template":"","meta":{"_mi_skip_tracking":false},"_links":{"self":[{"href":"https:\/\/www.isibond.it\/es\/wp-json\/wp\/v2\/pages\/412"}],"collection":[{"href":"https:\/\/www.isibond.it\/es\/wp-json\/wp\/v2\/pages"}],"about":[{"href":"https:\/\/www.isibond.it\/es\/wp-json\/wp\/v2\/types\/page"}],"author":[{"embeddable":true,"href":"https:\/\/www.isibond.it\/es\/wp-json\/wp\/v2\/users\/1"}],"replies":[{"embeddable":true,"href":"https:\/\/www.isibond.it\/es\/wp-json\/wp\/v2\/comments?post=412"}],"version-history":[{"count":102,"href":"https:\/\/www.isibond.it\/es\/wp-json\/wp\/v2\/pages\/412\/revisions"}],"predecessor-version":[{"id":3824,"href":"https:\/\/www.isibond.it\/es\/wp-json\/wp\/v2\/pages\/412\/revisions\/3824"}],"wp:attachment":[{"href":"https:\/\/www.isibond.it\/es\/wp-json\/wp\/v2\/media?parent=412"}],"curies":[{"name":"wp","href":"https:\/\/api.w.org\/{rel}","templated":true}]}}