{"id":654,"date":"2017-09-29T17:19:06","date_gmt":"2017-09-29T15:19:06","guid":{"rendered":"http:\/\/www.isibond.it\/?page_id=654"},"modified":"2018-02-26T15:28:54","modified_gmt":"2018-02-26T14:28:54","slug":"dischi-freno","status":"publish","type":"page","link":"https:\/\/www.isibond.it\/es\/prodotti\/dischi-freno\/","title":{"rendered":"Discos de freno"},"content":{"rendered":"<p><section class=\"kc-elm kc-css-282038 kc_row\"><div class=\"kc-row-container  kc-container\"><div class=\"kc-wrap-columns\"><div class=\"kc-elm kc-css-718065 kc_col-sm-12 kc_column kc_col-sm-12\"><div class=\"kc-col-container\"><div class=\"kc-elm kc-css-506435 kc_text_block\"><\/p>\n<p><img loading=\"lazy\" class=\"wp-image-655 alignleft\" src=\"https:\/\/www.isibond.it\/wp-content\/uploads\/2017\/09\/DischiFreno.jpg\" alt=\"\" width=\"285\" height=\"209\" \/><\/p>\n<p><span style=\"color: #000000;\"><strong>DISCOS DE FRENO<\/strong><\/span><\/p>\n<p><span style=\"color: #000000;\">La experiencia adquirida trabajando con firmas de primeros equipos ha sido fundamental para obtener un buen producto:<\/span><\/p>\n<ul>\n<li><span style=\"color: #000000;\">&#8211; Los aceros de alta calidad y los tratamientos t\u00e9rmicos aseguran una alta resistencia mec\u00e1nica<\/span><\/li>\n<li><span style=\"color: #000000;\">&#8211; La mecanizaci\u00f3n y el paralelismo con una m\u00ednima tolerancia proporciona un correcto funcionamiento del conjunto de freno<\/span><\/li>\n<li><span style=\"color: #000000;\">&#8211; El estriado del cubo brochado garantiza una transmisi\u00f3n eficaz y silenciosa.<\/span><\/li>\n<li><span style=\"color: #000000;\">El forro de freno puede ser remachado o pegado. El remachado permite la sustituci\u00f3n del forro, lo que proporciona un mantenimiento econ\u00f3mico y eficaz. En algunos materiales y forros de peque\u00f1o espesor, el acoplamiento de las dos piezas se realiza a trav\u00e9s de un pegado t\u00e9rmico.<\/span><\/li>\n<\/ul>\n<p style=\"text-align: center;\"><span style=\"color: #000000;\">\u00a0<\/span><\/p>\n<p>\n<\/div><div class=\"kc-elm kc-css-403054\" style=\"height: 26px; clear: both; width:100%;\"><\/div><\/div><\/div><\/div><\/div><\/section><section class=\"kc-elm kc-css-206308 kc_row\"><div class=\"kc-row-container  kc-container\"><div class=\"kc-wrap-columns\"><div class=\"kc-elm kc-css-198525 kc_col-sm-4 kc_column kc_col-sm-4\"><div class=\"kc-col-container\"><\/div><\/div><div class=\"kc-elm kc-css-79855 kc_col-sm-8 kc_column kc_col-sm-8\"><div class=\"kc-col-container\">\n<div class=\"kc-elm kc-css-565025 kc-pro-button kc-button-8\">\n\t<a href=\"https:\/\/www.isibond.it\/prodotti-personalizzati\/\" target=\"_blank\">\n\t\t<span class=\"creative_title\">Demanda de productos personalizados (Haga clic aqu\u00ed)<\/span>\t<\/a>\n<\/div>\n<\/div><\/div><\/div><\/div><\/section><\/p>","protected":false},"excerpt":{"rendered":"","protected":false},"author":1,"featured_media":0,"parent":540,"menu_order":0,"comment_status":"closed","ping_status":"closed","template":"","meta":{"_mi_skip_tracking":false},"_links":{"self":[{"href":"https:\/\/www.isibond.it\/es\/wp-json\/wp\/v2\/pages\/654"}],"collection":[{"href":"https:\/\/www.isibond.it\/es\/wp-json\/wp\/v2\/pages"}],"about":[{"href":"https:\/\/www.isibond.it\/es\/wp-json\/wp\/v2\/types\/page"}],"author":[{"embeddable":true,"href":"https:\/\/www.isibond.it\/es\/wp-json\/wp\/v2\/users\/1"}],"replies":[{"embeddable":true,"href":"https:\/\/www.isibond.it\/es\/wp-json\/wp\/v2\/comments?post=654"}],"version-history":[{"count":49,"href":"https:\/\/www.isibond.it\/es\/wp-json\/wp\/v2\/pages\/654\/revisions"}],"predecessor-version":[{"id":3137,"href":"https:\/\/www.isibond.it\/es\/wp-json\/wp\/v2\/pages\/654\/revisions\/3137"}],"up":[{"embeddable":true,"href":"https:\/\/www.isibond.it\/es\/wp-json\/wp\/v2\/pages\/540"}],"wp:attachment":[{"href":"https:\/\/www.isibond.it\/es\/wp-json\/wp\/v2\/media?parent=654"}],"curies":[{"name":"wp","href":"https:\/\/api.w.org\/{rel}","templated":true}]}}