{"id":664,"date":"2017-09-29T17:27:54","date_gmt":"2017-09-29T15:27:54","guid":{"rendered":"http:\/\/www.isibond.it\/?page_id=664"},"modified":"2018-06-13T15:56:23","modified_gmt":"2018-06-13T13:56:23","slug":"dispositivi-frenanti","status":"publish","type":"page","link":"https:\/\/www.isibond.it\/es\/prodotti\/dispositivi-frenanti\/","title":{"rendered":"Dispositivos de frenado"},"content":{"rendered":"<p><section class=\"kc-elm kc-css-552168 kc_row\"><div class=\"kc-row-container  kc-container\"><div class=\"kc-wrap-columns\"><div class=\"kc-elm kc-css-670279 kc_col-sm-12 kc_column kc_col-sm-12\"><div class=\"kc-col-container\"><div class=\"kc-elm kc-css-132236 kc_text_block\"><\/p>\n<p><img loading=\"lazy\" class=\"wp-image-665 alignleft\" src=\"https:\/\/www.isibond.it\/wp-content\/uploads\/2017\/09\/DispositiviFrenanti.jpg\" alt=\"\" width=\"289\" height=\"212\" \/><\/p>\n<p><span style=\"color: #000000;\"><strong>DISPOSITIVOS DE FRENADO<\/strong><\/span><\/p>\n<p><span style=\"color: #000000;\">Se trata de mecanismos con accionamiento mec\u00e1nico e hidr\u00e1ulico, fabricados en serie para las aplicaciones industriales y agr\u00edcolas m\u00e1s populares.<\/span><\/p>\n<p><span style=\"color: #000000;\">Nuestra experiencia y flexibilidad est\u00e1n a disposici\u00f3n de nuestros clientes,\u00a0 para colaborar en el dise\u00f1o de nuevas aplicaciones.<\/span><\/p>\n<p><span style=\"color: #000000;\"><strong>CINCHOS DE FRENO<\/strong><\/span><\/p>\n<p><span style=\"color: #000000;\">A los modelos ya existentes de nuestra gama de producto para equipos agr\u00edcolas y de obras p\u00fablicas, se incorporan bajo demanda productos especiales, para aplicaciones en todo el sector industrial (instalaciones mineras, papeleras, f\u00e1bricas de acero, sector mar\u00edtimo, sector de la construcci\u00f3n etc.)<\/span><\/p>\n<p><span style=\"color: #000000;\">Las diferentes tecnolog\u00edas de producci\u00f3n incluyen los cinchos de freno hechos de una o m\u00e1s piezas, as\u00ed como el cincho de doble envoltura con \u00e1ngulos de enrollamiento de hasta 680\u00b0 que permite alcanzar momentos de frenado elevados en un espacio limitado.<\/span><\/p>\n<p><span style=\"color: #000000;\">La zapata de freno puede ser remachada o pegada. Nuestra amplia gama de materiales, permite individualizar el producto m\u00e1s adecuado para uso en seco y en ba\u00f1o de aceite.<\/span><\/p>\n<p>\n<\/div><div class=\"kc-elm kc-css-957631\" style=\"height: 20px; clear: both; width:100%;\"><\/div>\n<div class=\"kc-elm kc-css-672603 kc-pro-button kc-button-8\">\n\t<a href=\"https:\/\/www.isibond.it\/prodotti-personalizzati\/\" target=\"_blank\">\n\t\t<span class=\"creative_title\">Demanda de productos personalizados (Haga clic aqu\u00ed)<\/span>\t<\/a>\n<\/div>\n<div class=\"kc-elm kc-css-342495\" style=\"height: 45px; clear: both; width:100%;\"><\/div><\/div><\/div><\/div><\/div><\/section><section class=\"kc-elm kc-css-240647 kc_row\"><div class=\"kc-row-container  kc-container\"><div class=\"kc-wrap-columns\"><div class=\"kc-elm kc-css-683053 kc_col-sm-12 kc_column kc_col-sm-12\"><div class=\"kc-col-container\"><div class=\"kc-elm kc-css-845761 kc_text_block\"><\/p>\n<p><span style=\"color: #000000;\"><strong>ZAPATAS DE FRENO<\/strong><\/span><\/p>\n<p><span style=\"color: #000000;\">Zapatas de freno para mordazas y cinchos de freno, moldeadas o de tejido, r\u00edgidas o flexibles para uso en seco o en ba\u00f1o de aceite.<\/span><\/p>\n<p><span style=\"color: #000000;\">Nuestra experiencia de muchos a\u00f1os en la producci\u00f3n de materiales de fricci\u00f3n nos permite ofrecer el producto m\u00e1s adecuado para cada necesidad.<\/span><\/p>\n<p><span style=\"color: #000000;\">Nuestro 304 es uno de los pocos materiales\u00a0 en el mercado que tiene una matriz flexible a base de goma y \u00f3xidos e incorpora un tejido de fibra de vidrio que le confiere una resistencia mec\u00e1nica muy elevada, necesaria para remachar las zapatas.<\/span><\/p>\n<p>\n<\/div><div class=\"kc-elm kc-css-869899\" style=\"height: 20px; clear: both; width:100%;\"><\/div>\n<div class=\"kc-elm kc-css-148716 kc-pro-button kc-button-8\">\n\t<a href=\"https:\/\/www.isibond.it\/prodotti-personalizzati\/\" target=\"_blank\">\n\t\t<span class=\"creative_title\">Demanda de productos personalizados (Haz clic aqu\u00ed)<\/span>\t<\/a>\n<\/div>\n<div class=\"kc-elm kc-css-559021\" style=\"height: 45px; clear: both; width:100%;\"><\/div><\/div><\/div><\/div><\/div><\/section><section class=\"kc-elm kc-css-475296 kc_row\"><div class=\"kc-row-container  kc-container\"><div class=\"kc-wrap-columns\"><div class=\"kc-elm kc-css-932586 kc_col-sm-12 kc_column kc_col-sm-12\"><div class=\"kc-col-container\"><div class=\"kc-elm kc-css-350835 kc_text_block\"><\/p>\n<p><span style=\"color: #000000;\"><strong>FRENOS DE BOLAS<\/strong><\/span><\/p>\n<p><span style=\"color: #000000;\">Se trata de mecanismos de freno formados por dos platos de fundici\u00f3n sobrepuestos. En la cara interior de cada plato, se incluyen diversos alojamientos en los que se colocan al menos tres bolas. El conjunto se mantiene cerrado por medio de resortes encajados en el perfil de los platos que realizan su funci\u00f3n en un alojamiento centrado sobre el di\u00e1metro exterior.<\/span><\/p>\n<p><span style=\"color: #000000;\">Los dos platos giran forzados mientras las bolas se deslizan por las rampas, provocando el alejamiento axial de los platos.<\/span><\/p>\n<p><span style=\"color: #000000;\">El movimiento de rotaci\u00f3n axial de los platos, provoca un empuje en los discos de freno, que se comprimen entre los platos y las paredes exteriores del conjunto.<\/span><\/p>\n<p><span style=\"color: #000000;\">Al desaparecer la carga, los muelles provocan el cierre del conjunto, que pasa a situarse en posici\u00f3n de reposo.<\/span><\/p>\n<p><span style=\"color: #000000;\">Los freno de bolas est\u00e1n disponibles en di\u00e1metros de 4 a 8,75 pulgadas, y trabajan con dos a seis discos, generando unos pares de frenado de valores muy amplios.<\/span><\/p>\n<p style=\"text-align: center;\"><iframe loading=\"lazy\" src=\"https:\/\/www.youtube.com\/embed\/yDyJDz4xNi0\" width=\"560\" height=\"315\" frameborder=\"0\" allowfullscreen=\"allowfullscreen\"><\/iframe><\/p>\n<p style=\"text-align: center;\"><a href=\"https:\/\/www.isibond.it\/wp-content\/uploads\/2017\/10\/pinza-freno-negat..pdf\" target=\"_blank\" rel=\"noopener\"><img loading=\"lazy\" class=\"aligncenter wp-image-442 size-full\" src=\"https:\/\/www.isibond.it\/wp-content\/uploads\/2017\/09\/2.png\" alt=\"\" width=\"53\" height=\"46\" \/><\/a><a href=\"https:\/\/www.isibond.it\/wp-content\/uploads\/2017\/10\/pinza-freno-negat..pdf\" target=\"_blank\" rel=\"noopener\">Caracter\u00edsticas<\/a><\/p>\n<p>\n<\/div><div class=\"kc-elm kc-css-909514\" style=\"height: 20px; clear: both; width:100%;\"><\/div>\n<div class=\"kc-elm kc-css-21970 kc-pro-button kc-button-8\">\n\t<a href=\"https:\/\/www.isibond.it\/prodotti-personalizzati\/\" target=\"_blank\">\n\t\t<span class=\"creative_title\">Demanda de productos personalizados (Haz clic aqu\u00ed)<\/span>\t<\/a>\n<\/div>\n<div class=\"kc-elm kc-css-452098\" style=\"height: 70px; clear: both; width:100%;\"><\/div><\/div><\/div><\/div><\/div><\/section><section class=\"kc-elm kc-css-203186 kc_row\"><div class=\"kc-row-container  kc-container\"><div class=\"kc-wrap-columns\"><div class=\"kc-elm kc-css-560427 kc_col-sm-12 kc_column kc_col-sm-12\"><div class=\"kc-col-container\"><div class=\"kc-elm kc-css-640463 kc_text_block\"><\/p>\n<p><span style=\"color: #000000;\"><strong>PINZAS DE FRENO DE EMERGENCIA<\/strong><\/span><\/p>\n<p><span style=\"color: #000000;\">En estos dispositivos, la presi\u00f3n hidr\u00e1ulica se utiliza para vencer la carga de los muelles del plato, los cuales aseguran el cierre de la pinza.<\/span><\/p>\n<p><span style=\"color: #000000;\">Normalmente se montan en las m\u00e1quinas de obras p\u00fablicas y en equipos de elevaci\u00f3n. Las pinzas se mantienen abiertas cuando la m\u00e1quina trabaja y suministra presi\u00f3n al sistema hidr\u00e1ulico.<\/span><\/p>\n<p><span style=\"color: #000000;\">Cuando la m\u00e1quina no trabaja o se aver\u00eda, la presi\u00f3n hidr\u00e1ulica se reduce y la pinza freno se cierra bloqueando la m\u00e1quina<\/span><\/p>\n<p><span style=\"color: #000000;\">Estas pinzas de freno trabajan con presiones de apertura de 150 a 250 bar, y garantizan un par de frenado de cerca de 4.000 Nm trabajando con un disco de di\u00e1metro 400 mm.<\/span><\/p>\n<p style=\"text-align: center;\"><iframe loading=\"lazy\" src=\"https:\/\/www.youtube.com\/embed\/-w-BffouY8I\" width=\"560\" height=\"315\" frameborder=\"0\" allowfullscreen=\"allowfullscreen\"><\/iframe><\/p>\n<p>\n<\/div><div class=\"kc-elm kc-css-345736\" style=\"height: 20px; clear: both; width:100%;\"><\/div>\n<div class=\"kc-elm kc-css-371174 kc-pro-button kc-button-8\">\n\t<a href=\"https:\/\/www.isibond.it\/prodotti-personalizzati\/\" target=\"_blank\">\n\t\t<span class=\"creative_title\">Demanda de productos personalizados (Haz clic aqu\u00ed)<\/span>\t<\/a>\n<\/div>\n<\/div><\/div><\/div><\/div><\/section><\/p>","protected":false},"excerpt":{"rendered":"","protected":false},"author":1,"featured_media":0,"parent":540,"menu_order":0,"comment_status":"closed","ping_status":"closed","template":"","meta":{"_mi_skip_tracking":false},"_links":{"self":[{"href":"https:\/\/www.isibond.it\/es\/wp-json\/wp\/v2\/pages\/664"}],"collection":[{"href":"https:\/\/www.isibond.it\/es\/wp-json\/wp\/v2\/pages"}],"about":[{"href":"https:\/\/www.isibond.it\/es\/wp-json\/wp\/v2\/types\/page"}],"author":[{"embeddable":true,"href":"https:\/\/www.isibond.it\/es\/wp-json\/wp\/v2\/users\/1"}],"replies":[{"embeddable":true,"href":"https:\/\/www.isibond.it\/es\/wp-json\/wp\/v2\/comments?post=664"}],"version-history":[{"count":173,"href":"https:\/\/www.isibond.it\/es\/wp-json\/wp\/v2\/pages\/664\/revisions"}],"predecessor-version":[{"id":3293,"href":"https:\/\/www.isibond.it\/es\/wp-json\/wp\/v2\/pages\/664\/revisions\/3293"}],"up":[{"embeddable":true,"href":"https:\/\/www.isibond.it\/es\/wp-json\/wp\/v2\/pages\/540"}],"wp:attachment":[{"href":"https:\/\/www.isibond.it\/es\/wp-json\/wp\/v2\/media?parent=664"}],"curies":[{"name":"wp","href":"https:\/\/api.w.org\/{rel}","templated":true}]}}