{"id":700,"date":"2017-10-02T09:43:51","date_gmt":"2017-10-02T07:43:51","guid":{"rendered":"http:\/\/www.isibond.it\/?page_id=700"},"modified":"2020-10-15T09:34:46","modified_gmt":"2020-10-15T07:34:46","slug":"dischi-frizione","status":"publish","type":"page","link":"https:\/\/www.isibond.it\/es\/prodotti\/dischi-frizione\/","title":{"rendered":"Discos de embrague"},"content":{"rendered":"<p><section class=\"kc-elm kc-css-262012 kc_row\"><div class=\"kc-row-container  kc-container\"><div class=\"kc-wrap-columns\"><div class=\"kc-elm kc-css-805098 kc_col-sm-12 kc_column kc_col-sm-12\"><div class=\"kc-col-container\"><div class=\"kc-elm kc-css-922990 kc_text_block\"><\/p>\n<p><span style=\"color: #000000;\"><strong>DISCOS DE EMBRAGUE<\/strong><\/span><\/p>\n<p><img loading=\"lazy\" class=\" wp-image-701 alignleft\" src=\"https:\/\/www.isibond.it\/wp-content\/uploads\/2017\/10\/DischiFrizione.jpg\" alt=\"\" width=\"260\" height=\"190\" \/><\/p>\n<p><span style=\"color: #000000;\">El embrague de fricci\u00f3n es seguramente el mecanismo m\u00e1s difundido para el control y transmisi\u00f3n de potencia.<\/span><\/p>\n<p><span style=\"color: #000000;\">Si el disco trabaja en seco puede ser r\u00edgido o flexible (con muelles)<\/span><\/p>\n<p><span style=\"color: #000000;\">El acoplamiento con el elemento de arrastre se realiza, en general, por medio del cubo del embrague o a trav\u00e9s de la placa exterior por medio de un eje dentado o por aletas radiales<\/span><\/p>\n<p><span style=\"color: #000000;\">El material de fricci\u00f3n para embragues en seco puede ser moldeado, tejido o de metal sinterizado.<\/span><\/p>\n<p><span style=\"color: #000000;\">Los embragues en ba\u00f1o de aceite con discos m\u00faltiples tienen la ventaja de una menor demanda de fuerza y menor sonoridad, as\u00ed como un cambio m\u00e1s suave. Los materiales empleados en estos casos son org\u00e1nicos o de metal sinterizado.<\/span><\/p>\n<p><span style=\"color: #000000;\">Los materiales de fricci\u00f3n con papel se utilizan en los cambios autom\u00e1ticos de autom\u00f3viles, en los tractores con cambio asistido (Power Shift) y en las maquinas de obras publicas, debido a su baja sonoridad y escaso desgaste.<\/span><\/p>\n<p>\n<\/div><div class=\"kc-elm kc-css-919361\" style=\"height: 20px; clear: both; width:100%;\"><\/div>\n<div class=\"kc-elm kc-css-103906 kc-pro-button kc-button-8\">\n\t<a href=\"https:\/\/www.isibond.it\/prodotti-personalizzati\/\" target=\"_blank\">\n\t\t<span class=\"creative_title\">Demanda de productos personalizados (Haz clic aqu\u00ed)<\/span>\t<\/a>\n<\/div>\n<div class=\"kc-elm kc-css-888681\" style=\"height: 43px; clear: both; width:100%;\"><\/div><div class=\"kc-elm kc-css-645895 kc_text_block\"><\/p>\n<p><span style=\"color: #000000;\"><strong>FORROS DE EMBRAGUE TEJIDOS<\/strong><\/span><\/p>\n<div id=\"page\">\n<div id=\"principale\">\n<p><span style=\"color: #000000;\">Los forros de embrague tejidos se utilizan en los embragues, en las transmisiones con ejes cardan, en los frenos electromagn\u00e9ticos y en las aplicaciones con elevadas velocidades de rotaci\u00f3n. Se ofrecen en di\u00e1metros exteriores de 65 a 500 mm. y grosores de 1,8 hasta 8 mm. Nuestra gama de producto cuenta con unos 900 c\u00f3digos<\/span><\/p>\n<p><span style=\"color: #000000;\">Bajo demanda del cliente, el forro se puede suministrar taladrado para facilitar el remachado.<\/span><\/p>\n<\/div>\n<\/div>\n<p>\n<\/div><div class=\"kc-elm kc-css-77266\" style=\"height: 20px; clear: both; width:100%;\"><\/div>\n<div class=\"kc-elm kc-css-30650 kc-pro-button kc-button-8\">\n\t<a href=\"https:\/\/www.isibond.it\/prodotti-personalizzati\/\" target=\"_blank\">\n\t\t<span class=\"creative_title\">Demanda de productos personalizados (Haz clic aqu\u00ed)<\/span>\t<\/a>\n<\/div>\n<div class=\"kc-elm kc-css-103036\" style=\"height: 43px; clear: both; width:100%;\"><\/div><div class=\"kc-elm kc-css-498419 kc_text_block\"><\/p>\n<p><span style=\"color: #000000;\"><strong>BOTONES CERAMET\u00c1LICOS<\/strong><\/span><\/p>\n<div>\n<p><span style=\"color: #000000;\">Para completar su gama de productos, ISIBOND dispone de acuerdos con fabricantes de materiales de fricci\u00f3n de metal sinterizado. Estos materiales se utilizan tanto en aplicaciones en seco como en ba\u00f1o de aceite.<\/span><\/p>\n<p><span style=\"color: #000000;\">Las botones ceramet\u00e1licos<\/span><span style=\"color: #000000;\">\u00a0constituyen una soluci\u00f3n ideal ya que pueden aplicarse por medio de remaches especiales.<\/span><\/p>\n<\/div>\n<p>\n<\/div><\/div><\/div><\/div><\/div><\/section><section class=\"kc-elm kc-css-502399 kc_row\"><div class=\"kc-row-container  kc-container\"><div class=\"kc-wrap-columns\"><div class=\"kc-elm kc-css-227075 kc_col-sm-12 kc_column kc_col-sm-12\"><div class=\"kc-col-container\"><div class=\"kc-elm kc-css-467036\" style=\"height: 20px; clear: both; width:100%;\"><\/div>\n<div class=\"kc-elm kc-css-776624 kc-pro-button kc-button-8\">\n\t<a href=\"https:\/\/www.isibond.it\/prodotti-personalizzati\/\" target=\"_blank\">\n\t\t<span class=\"creative_title\">Demanda de productos personalizados (Haz clic aqu\u00ed)<\/span>\t<\/a>\n<\/div>\n<\/div><\/div><\/div><\/div><\/section><\/p>","protected":false},"excerpt":{"rendered":"<p>Disculpa, pero esta entrada est\u00e1 disponible s\u00f3lo en Ingl\u00e9s Estadounidense.<\/p>\n","protected":false},"author":1,"featured_media":0,"parent":540,"menu_order":0,"comment_status":"closed","ping_status":"closed","template":"","meta":{"_mi_skip_tracking":false},"_links":{"self":[{"href":"https:\/\/www.isibond.it\/es\/wp-json\/wp\/v2\/pages\/700"}],"collection":[{"href":"https:\/\/www.isibond.it\/es\/wp-json\/wp\/v2\/pages"}],"about":[{"href":"https:\/\/www.isibond.it\/es\/wp-json\/wp\/v2\/types\/page"}],"author":[{"embeddable":true,"href":"https:\/\/www.isibond.it\/es\/wp-json\/wp\/v2\/users\/1"}],"replies":[{"embeddable":true,"href":"https:\/\/www.isibond.it\/es\/wp-json\/wp\/v2\/comments?post=700"}],"version-history":[{"count":63,"href":"https:\/\/www.isibond.it\/es\/wp-json\/wp\/v2\/pages\/700\/revisions"}],"predecessor-version":[{"id":4020,"href":"https:\/\/www.isibond.it\/es\/wp-json\/wp\/v2\/pages\/700\/revisions\/4020"}],"up":[{"embeddable":true,"href":"https:\/\/www.isibond.it\/es\/wp-json\/wp\/v2\/pages\/540"}],"wp:attachment":[{"href":"https:\/\/www.isibond.it\/es\/wp-json\/wp\/v2\/media?parent=700"}],"curies":[{"name":"wp","href":"https:\/\/api.w.org\/{rel}","templated":true}]}}