{"id":712,"date":"2017-10-02T09:52:49","date_gmt":"2017-10-02T07:52:49","guid":{"rendered":"http:\/\/www.isibond.it\/?page_id=712"},"modified":"2018-02-26T16:19:08","modified_gmt":"2018-02-26T15:19:08","slug":"materiali-dattrito","status":"publish","type":"page","link":"https:\/\/www.isibond.it\/es\/prodotti\/materiali-dattrito\/","title":{"rendered":"Materiales de fricci\u00f3n"},"content":{"rendered":"<p><section class=\"kc-elm kc-css-83419 kc_row\"><div class=\"kc-row-container  kc-container\"><div class=\"kc-wrap-columns\"><div class=\"kc-elm kc-css-954235 kc_col-sm-12 kc_column kc_col-sm-12\"><div class=\"kc-col-container\"><div class=\"kc-elm kc-css-767646 kc_text_block\"><\/p>\n<p><img loading=\"lazy\" class=\"wp-image-713 alignleft\" src=\"https:\/\/www.isibond.it\/wp-content\/uploads\/2017\/10\/MaterialiAttrito.jpg\" alt=\"\" width=\"281\" height=\"206\" \/><\/p>\n<p class=\"MsoNormal\">\n<p><strong><span style=\"color: #000000;\">MATERIALES DE FRICCI\u00d3N<\/span><\/strong><\/p>\n<p><span style=\"color: #000000;\">Nuestra amplia gama de productos abarca soluciones a la medida de sus necesidades para la mayoria de las m\u00e1quinas agr\u00edcolas y para aplicaciones industriales<\/span><br \/>\n<span style=\"color: #000000;\">Las diversas condiciones de ensayo de nuestros materiales permiten obtener distintos resultados, los cuales pueden ser muy \u00fatiles para dimensionar el grupo de freno y elegir el material de friccion m\u00e1s adecuado.<\/span><\/p>\n<p><strong><span style=\"color: #000000;\">N.B. Las pruebas de productos en ba\u00f1o de aceite se realizan con aceite ARBOR MULTI FX.<\/span><\/strong><\/p>\n<p><span style=\"color: #000000;\">Seleccione los valores de los campos para buscar el producto m\u00e1s adecuado:<\/span><\/p>\n<p>\n<\/div><\/div><\/div><\/div><\/div><\/section><\/p>","protected":false},"excerpt":{"rendered":"<p>Disculpa, pero esta entrada est\u00e1 disponible s\u00f3lo en Ingl\u00e9s Estadounidense.<\/p>\n","protected":false},"author":1,"featured_media":0,"parent":540,"menu_order":0,"comment_status":"closed","ping_status":"closed","template":"materiali.php","meta":{"_mi_skip_tracking":false},"_links":{"self":[{"href":"https:\/\/www.isibond.it\/es\/wp-json\/wp\/v2\/pages\/712"}],"collection":[{"href":"https:\/\/www.isibond.it\/es\/wp-json\/wp\/v2\/pages"}],"about":[{"href":"https:\/\/www.isibond.it\/es\/wp-json\/wp\/v2\/types\/page"}],"author":[{"embeddable":true,"href":"https:\/\/www.isibond.it\/es\/wp-json\/wp\/v2\/users\/1"}],"replies":[{"embeddable":true,"href":"https:\/\/www.isibond.it\/es\/wp-json\/wp\/v2\/comments?post=712"}],"version-history":[{"count":53,"href":"https:\/\/www.isibond.it\/es\/wp-json\/wp\/v2\/pages\/712\/revisions"}],"predecessor-version":[{"id":3147,"href":"https:\/\/www.isibond.it\/es\/wp-json\/wp\/v2\/pages\/712\/revisions\/3147"}],"up":[{"embeddable":true,"href":"https:\/\/www.isibond.it\/es\/wp-json\/wp\/v2\/pages\/540"}],"wp:attachment":[{"href":"https:\/\/www.isibond.it\/es\/wp-json\/wp\/v2\/media?parent=712"}],"curies":[{"name":"wp","href":"https:\/\/api.w.org\/{rel}","templated":true}]}}