{"id":1156,"date":"2017-12-05T16:47:17","date_gmt":"2017-12-05T15:47:17","guid":{"rendered":"http:\/\/www.isibond.it\/?page_id=1156"},"modified":"2020-10-13T10:01:37","modified_gmt":"2020-10-13T08:01:37","slug":"settori-di-applicazione","status":"publish","type":"page","link":"https:\/\/www.isibond.it\/fr\/settori-di-applicazione\/","title":{"rendered":"DOMAINES D&rsquo;ACTIVIT\u00c9"},"content":{"rendered":"<p><span style=\"color: #000000;\"><strong>MACHINES POUR L\u2019AGRICULTURE<\/strong><\/span><\/p>\n<p><span style=\"color: #000000;\">Depuis plus de 40 ans, nous travaillons avec les plus grands constructeurs de machines agricoles dans le monde. Beaucoup de nos mat\u00e9riaux de friction, ont \u00e9t\u00e9 am\u00e9lior\u00e9s en secondant nos clients lors de la phase de conception des nouvelles machines.<\/span><\/p>\n<p><span style=\"color: #000000;\">Nos produits dans ce domaine sont les suivants:<\/span><\/p>\n<ul>\n<li><span style=\"color: #000000;\">Sangles de frein et plaquettes de frein<\/span><\/li>\n<li><span style=\"color: #000000;\">Disques d&#8217;embrayage dent\u00e9s pour tracteurs \u00e0 chenilles<\/span><\/li>\n<li><span style=\"color: #000000;\">Disques d&#8217;embrayage centraux et de prise de force<\/span><\/li>\n<li><span style=\"color: #000000;\">M\u00e9canismes de frein \u00e0 disque pour un usage \u00e0 sec ou \u00e0 bain d&rsquo;huile<\/span><\/li>\n<\/ul>\n<p>&nbsp;<\/p>\n<p><span style=\"color: #000000;\"><strong>DOMAINE DE CONSTRUCTION\/MINIER<\/strong><\/span><\/p>\n<p><span style=\"color: #000000;\">Les produits que nous r\u00e9alisons pour le domaine des travaux publics sont utilis\u00e9s sur les treuils de grues \u00e0 fl\u00e8che en treillis sur chenilles , pour les \u00e9l\u00e9vateurs t\u00e9lescopiques, les bulldozers et les finisseurs.<\/span><\/p>\n<p><span style=\"color: #000000;\">Depuis plus de 20 ans, nous concevons et fabriquons plaquettes de frein pour tombereaux de chantier, pr\u00e9vus sp\u00e9cifiquement pour les mines, les carri\u00e8res et les travaux de construction, travaillant en conditions extr\u00eames.<\/span><\/p>\n<p><span style=\"color: #000000;\">Nos produits dans ce domaine, sont les suivants:<\/span><\/p>\n<ul>\n<li><span style=\"color: #000000;\">Plaquettes de frein<\/span><\/li>\n<li><span style=\"color: #000000;\">\u00c9triers de frein<\/span><\/li>\n<li><span style=\"color: #000000;\">Disques de frein pour moteurs \u00e9lectriques auto-freinants<\/span><\/li>\n<li><span style=\"color: #000000;\">Disques de frein en m\u00e9tal fritt\u00e9 pour treuils<\/span><\/li>\n<\/ul>\n<p>&nbsp;<\/p>\n<p><span style=\"color: #000000;\"><strong>DOMAINE FORESTIER<\/strong><strong><br \/>\n<\/strong>Les bois sont achemin\u00e9s depuis la for\u00eat, par des t\u00e9l\u00e9ph\u00e9riques par c\u00e2ble \u00e9tudi\u00e9s ad hoc pour le transport de mat\u00e9riaux, travaillant dans une environnement tr\u00e8s humide et avec des basses temp\u00e9ratures. Les machines restent souvent inutilis\u00e9es pendant plusieurs mois et lorsqu&rsquo;elles sont red\u00e9marr\u00e9es, elles ont besoin d&rsquo;un syst\u00e8me de freinage que soit les plus performant possible au d\u00e9marrage et lors des premier freinage.<\/span><\/p>\n<p><span style=\"color: #000000;\">Nos produits dan ce domaine, sont les suivants:<\/span><\/p>\n<ul>\n<li><span style=\"color: #000000;\">Sangles de frein<\/span><\/li>\n<li><span style=\"color: #000000;\">Garnitures de frein pour sangles et disques de frein<\/span><\/li>\n<li><span style=\"color: #000000;\">Disques de friction en materiau moul\u00e9\/tiss\u00e9 ou en m\u00e9tal fritt\u00e9<\/span><\/li>\n<\/ul>\n<p>&nbsp;<\/p>\n<p><span style=\"color: #000000;\"><strong>SECTEUR COMPETITION<\/strong><strong><br \/>\n<\/strong>Pas seulement pour les affaires, mais aussi pour la passion &#8230; C&rsquo;est ainsi que nous sommes entr\u00e9s dans le monde des comp\u00e9titions hors du commun.<\/span><\/p>\n<p><span style=\"color: #000000;\">En 1990, nous avons fourni nos plaquettes de frein au camion <strong>PERLINI 105 F,<\/strong> (<a href=\"https:\/\/www.bing.com\/videos\/search?q=+parigi+dakar+perlini+&amp;&amp;view=detail&amp;mid=A84A8A0652669ADB3339A84A8A0652669ADB3339&amp;FORM=VRDGAR\" target=\"_blank\" rel=\"noopener noreferrer\">Voir la vid\u00e9o<\/a>) vainqueur dans sa categorie au rallye <strong>Paris-Dakar.<\/strong><\/span><\/p>\n<p><span style=\"font-weight: 600; color: #000000;\"><a href=\"https:\/\/www.isibond.it\/wp-content\/uploads\/2017\/12\/Ringraziamento-Perlini.jpg\" target=\"_blank\" rel=\"noopener noreferrer\"><img loading=\"lazy\" class=\"wp-image-2242 alignleft\" src=\"https:\/\/www.isibond.it\/wp-content\/uploads\/2017\/12\/Ringraziamento-Perlini.jpg\" alt=\"\" width=\"65\" height=\"91\" srcset=\"https:\/\/www.isibond.it\/wp-content\/uploads\/2017\/12\/Ringraziamento-Perlini.jpg 1109w, https:\/\/www.isibond.it\/wp-content\/uploads\/2017\/12\/Ringraziamento-Perlini-215x300.jpg 215w, https:\/\/www.isibond.it\/wp-content\/uploads\/2017\/12\/Ringraziamento-Perlini-768x1073.jpg 768w, https:\/\/www.isibond.it\/wp-content\/uploads\/2017\/12\/Ringraziamento-Perlini-733x1024.jpg 733w\" sizes=\"(max-width: 65px) 100vw, 65px\" \/>\u00a0<\/a><\/span><\/p>\n<p><span style=\"color: #000000;\"><a href=\"https:\/\/www.isibond.it\/wp-content\/uploads\/2017\/12\/Ringraziamento-Perlini.jpg\" target=\"_blank\" rel=\"noopener noreferrer\">(Cliquer pour agrandir)<\/a><\/span><\/p>\n<p>&nbsp;<\/p>\n<p>&nbsp;<\/p>\n<p><span style=\"color: #000000;\">En 2007 nous avons \u00e9t\u00e9 contact\u00e9s par l&rsquo;\u00e9quipe <strong>OVERLAND<\/strong>, pour la remise \u00e0 neuf des m\u00e2choires de frein de l&rsquo;ancienne voiture <strong>ITALA<\/strong> (<a href=\"https:\/\/www.bing.com\/videos\/search?q=itala+overland&amp;&amp;view=detail&amp;mid=0AF94A549D8262B1761F0AF94A549D8262B1761F&amp;FORM=VRDGAR\" target=\"_blank\" rel=\"noopener noreferrer\">Voir la vid\u00e9o<\/a>) que au cours du rallye <strong>PARIS-P\u00c9KIN<\/strong> a comm\u00e9mor\u00e9 les exploits du prince Scipione Borghese, vainqueur du rallye P\u00c9KIN-PARIS en 1907, franchissant la ligne d&rsquo;arriv\u00e9e trois semaines \u00e0 l&rsquo;avance sur ses concurrents, sur un parcours d&rsquo;environ 16.000 km.<\/span><\/p>\n<p><span style=\"color: #000000;\">Nous avons \u00e9galement con\u00e7u un mat\u00e9riau de friction haute performance, pour les disques d&#8217;embrayage des tracteurs utilis\u00e9s dans les competitions <strong>Tracteur pulling<\/strong> (<a href=\"https:\/\/www.bing.com\/videos\/search?q=tractor+pulling+cuneo&amp;&amp;view=detail&amp;mid=458811FF4209590A9F21458811FF4209590A9F21&amp;FORM=VRDGAR\" target=\"_blank\" rel=\"noopener noreferrer\">Voir la vid\u00e9o<\/a>) o\u00f9 les participants disposent d\u2019engins \u00e0 motorisations surpuissantes con\u00e7us sp\u00e9cialement pour la comp\u00e9tition. Le principe est simple, sur une piste en terre battue, tracter une remorque lest\u00e9e le plus loin possible. La difficult\u00e9 repose sur le fonctionnement de la remorque, en effet celle-ci devient de plus en plus lourde au fur et \u00e0 mesure de sa progression. C&rsquo;est une sorte d&rsquo;application o\u00f9 m\u00eame les mat\u00e9riaux de friction en m\u00e9tal fritt\u00e9, sont fortement sollicit\u00e9s.<\/span><\/p>\n<p><span style=\"color: #000000;\"><strong>TRANSPORT PAR C\u00c2BLE<\/strong><\/span><br \/>\n<span style=\"color: #000000;\">Depuis plus de 20 ans nous concevons et fabriquons mat\u00e9riaux de friction tiss\u00e9s et moul\u00e9s de haut niveau pour ce domaine, selon les exigences de nos clients, tout en leur assurant les meilleures performances en terme de fiabilit\u00e9 et dur\u00e9e de vie, aussi dans des conditions de travail lourdes.<\/span><\/p>\n<p><span style=\"color: #000000;\"> <strong>\u00c9OLIEN<\/strong><\/span><br \/>\n<span style=\"color: #000000;\"> Dans ce domaine, nous concevons et r\u00e9alisons des plaquettes de frein pour g\u00e9n\u00e9rateurs des centrales hydro\u00e9lectriques ainsi que pour le stationnement des nacelles d&rsquo;\u00e9olienne. Nous fabriquons aussi un syst\u00e8me de freinage d&rsquo;urgence, pour arr\u00eater le rotor des \u00e9oliennes terrestres.<\/span><\/p>\n<p><span style=\"color: #000000;\"><strong>DOMAINE NAVAL<\/strong><\/span><br \/>\n<span style=\"color: #000000;\"> Dans le domaine naval, nous vous proposons des mat\u00e9riaux de mat\u00e9riaux tiss\u00e9s pour le regarnissage des sangles de frein des guindeaux ainsi que pour les grues portuaires.<br \/>\nNous concevons et r\u00e9alisons aussi des sangles de frein selon les exigences de nos clients, disques et machoires de frein en m\u00e9tal fritt\u00e9 pour les treuils de mont\u00e9e\/descente des chaloupes de sauvetage.<\/span><\/p>\n<p><span style=\"color: #000000;\">Nos produits dan ce domaine, sont les suivants:<\/span><\/p>\n<ul>\n<li><span style=\"color: #000000;\">Bandes de frein moul\u00e9es ou tiss\u00e9es avec ou sans renfort m\u00e9tallique<\/span><\/li>\n<li><span style=\"color: #000000;\">Disques de frein moul\u00e9\/tiss\u00e9 ou en m\u00e9tal fritt\u00e9<\/span><\/li>\n<li><span style=\"color: #000000;\">Garnitures de friction moul\u00e9\/tiss\u00e9 ou en m\u00e9tal fritt\u00e9<\/span><\/li>\n<\/ul>\n<p>&nbsp;<\/p>\n<p><span style=\"color: #000000;\"><strong>DOMAINE DOMOTIQUE<\/strong><\/span><br \/>\n<span style=\"color: #000000;\"> Dans ce domaine, nous vous proposons des garnitures de friction pour les embrayages de suret\u00e9 des syst\u00e8mes d&rsquo;ouverture automatiques des portails et portes de garage, ainsi que pour les moteurs des volets roulants. Pour les treuils d&rsquo;ascenseurs nous avons con\u00e7u et r\u00e9alis\u00e9 un mat\u00e9riau de friction tiss\u00e9 \u00e0 base coton\u00a0<\/span><span style=\"color: #000000;\">tr\u00e8s appr\u00e9ci\u00e9 en raison de son fonctionnement silencieux.<\/span><\/p>","protected":false},"excerpt":{"rendered":"<p>MACHINES POUR L\u2019AGRICULTURE Depuis plus de 40 ans, nous travaillons avec les plus grands constructeurs de machines agricoles dans le monde. Beaucoup de nos mat\u00e9riaux de friction, ont \u00e9t\u00e9 am\u00e9lior\u00e9s en secondant nos clients lors de la phase de conception des nouvelles machines. Nos produits dans ce domaine sont les suivants: Sangles de frein et<\/p>\n","protected":false},"author":1,"featured_media":0,"parent":0,"menu_order":0,"comment_status":"closed","ping_status":"closed","template":"","meta":{"_mi_skip_tracking":false},"_links":{"self":[{"href":"https:\/\/www.isibond.it\/fr\/wp-json\/wp\/v2\/pages\/1156"}],"collection":[{"href":"https:\/\/www.isibond.it\/fr\/wp-json\/wp\/v2\/pages"}],"about":[{"href":"https:\/\/www.isibond.it\/fr\/wp-json\/wp\/v2\/types\/page"}],"author":[{"embeddable":true,"href":"https:\/\/www.isibond.it\/fr\/wp-json\/wp\/v2\/users\/1"}],"replies":[{"embeddable":true,"href":"https:\/\/www.isibond.it\/fr\/wp-json\/wp\/v2\/comments?post=1156"}],"version-history":[{"count":148,"href":"https:\/\/www.isibond.it\/fr\/wp-json\/wp\/v2\/pages\/1156\/revisions"}],"predecessor-version":[{"id":4013,"href":"https:\/\/www.isibond.it\/fr\/wp-json\/wp\/v2\/pages\/1156\/revisions\/4013"}],"wp:attachment":[{"href":"https:\/\/www.isibond.it\/fr\/wp-json\/wp\/v2\/media?parent=1156"}],"curies":[{"name":"wp","href":"https:\/\/api.w.org\/{rel}","templated":true}]}}