{"id":1290,"date":"2017-12-11T12:44:56","date_gmt":"2017-12-11T11:44:56","guid":{"rendered":"http:\/\/www.isibond.it\/?page_id=1290"},"modified":"2018-02-28T08:46:26","modified_gmt":"2018-02-28T07:46:26","slug":"nuove-richieste","status":"publish","type":"page","link":"https:\/\/www.isibond.it\/fr\/nuove-richieste\/","title":{"rendered":"Nouvelles demandes"},"content":{"rendered":"<p><section class=\"kc-elm kc-css-963853 kc_row\"><div class=\"kc-row-container  kc-container\"><div class=\"kc-wrap-columns\"><div class=\"kc-elm kc-css-176138 kc_column kc_col-sm-12\"><div class=\"kc-col-container\"><div class=\"kc-elm kc-css-717803 kc_text_block\"><\/p>\n<p><span style=\"color: #000000;\"><strong>CONCEPTION<\/strong><\/span><\/p>\n<p><span style=\"color: #000000;\">Dans cette section, vous trouverez un support technique utile pour le dimensionnement du syst\u00e8me de freinage, ainsi \u00a0que pour la choix du mat\u00e9riau de friction.<\/span><\/p>\n<table style=\"height: 353px;\" width=\"627\" cellspacing=\"1\" cellpadding=\"1\" align=\"center\">\n<tbody>\n<tr>\n<td><img loading=\"lazy\" class=\"wp-image-517 aligncenter\" src=\"https:\/\/www.isibond.it\/wp-content\/uploads\/2017\/09\/Prog2-150x150.jpg\" alt=\"\" width=\"185\" height=\"185\" srcset=\"https:\/\/www.isibond.it\/wp-content\/uploads\/2017\/09\/Prog2-150x150.jpg 150w, https:\/\/www.isibond.it\/wp-content\/uploads\/2017\/09\/Prog2-85x85.jpg 85w\" sizes=\"(max-width: 185px) 100vw, 185px\" \/><\/td>\n<td><img loading=\"lazy\" class=\"wp-image-521 aligncenter\" src=\"https:\/\/www.isibond.it\/wp-content\/uploads\/2017\/09\/Prog1-1-150x150.jpg\" alt=\"\" width=\"199\" height=\"199\" srcset=\"https:\/\/www.isibond.it\/wp-content\/uploads\/2017\/09\/Prog1-1-150x150.jpg 150w, https:\/\/www.isibond.it\/wp-content\/uploads\/2017\/09\/Prog1-1-180x180.jpg 180w, https:\/\/www.isibond.it\/wp-content\/uploads\/2017\/09\/Prog1-1-85x85.jpg 85w\" sizes=\"(max-width: 199px) 100vw, 199px\" \/><\/td>\n<\/tr>\n<tr>\n<td>\n<p style=\"text-align: center;\"><span style=\"color: #000000;\"><em>Regarnissage disques d&#039;embrayage voitures d&#039;\u00e9poque<\/em><\/span><\/p>\n<\/td>\n<td style=\"text-align: center;\"><span style=\"color: #000000;\"><em>Pi\u00e8ces fabriqu\u00e9es \u00e0 dessin pour machines industrielles<\/em><\/span><\/td>\n<\/tr>\n<\/tbody>\n<\/table>\n<table width=\"536\" cellspacing=\"1\" cellpadding=\"1\" align=\"center\">\n<tbody>\n<tr>\n<td><img loading=\"lazy\" class=\"wp-image-527 aligncenter\" src=\"https:\/\/www.isibond.it\/wp-content\/uploads\/2017\/09\/Prog3-150x150.jpg\" alt=\"\" width=\"212\" height=\"212\" srcset=\"https:\/\/www.isibond.it\/wp-content\/uploads\/2017\/09\/Prog3-150x150.jpg 150w, https:\/\/www.isibond.it\/wp-content\/uploads\/2017\/09\/Prog3-85x85.jpg 85w\" sizes=\"(max-width: 212px) 100vw, 212px\" \/><\/td>\n<td><img loading=\"lazy\" class=\"wp-image-528 aligncenter\" src=\"https:\/\/www.isibond.it\/wp-content\/uploads\/2017\/09\/Prog4-150x150.jpg\" alt=\"\" width=\"201\" height=\"201\" srcset=\"https:\/\/www.isibond.it\/wp-content\/uploads\/2017\/09\/Prog4-150x150.jpg 150w, https:\/\/www.isibond.it\/wp-content\/uploads\/2017\/09\/Prog4-85x85.jpg 85w\" sizes=\"(max-width: 201px) 100vw, 201px\" \/><\/td>\n<\/tr>\n<tr>\n<td style=\"text-align: center;\"><span style=\"color: #000000;\"><em>Plaquettes de frein pour g\u00e9n\u00e9rateurs hydro-\u00e9lectriques <\/em><\/span><\/td>\n<td style=\"text-align: center;\"><span style=\"color: #000000;\"><em>\u00a0 Garnitures de frein utilis\u00e9es dans le domaine ferroviaire<\/em><\/span><\/td>\n<\/tr>\n<\/tbody>\n<\/table>\n<p>\n<\/div><div class=\"kc-elm kc-css-803322\" style=\"height: 20px; clear: both; width:100%;\"><\/div>\n<div class=\"kc-elm kc-css-926399 kc-pro-button kc-button-8\">\n\t<a href=\"https:\/\/www.isibond.it\/prodotti-personalizzati\/\" target=\"_blank\">\n\t\t<span class=\"creative_title\">Demande des produits sur mesure (cliquez ici)<\/span>\t<\/a>\n<\/div>\n<div class=\"kc-elm kc-css-191924\" style=\"height: 67px; clear: both; width:100%;\"><\/div><div class=\"kc-elm kc-css-909934 kc_text_block\"><\/p>\n<p><span style=\"color: #000000;\"><strong>ESSAIS SUR <\/strong><strong>BANC DE SIMULATION A INERTIE<\/strong><\/span><\/p>\n<p><span style=\"color: #000000;\">Depuis 2005 en collaboration avec la soci\u00e9t\u00e9 TECSA S.r.l, producteur leader des bancs de simulation \u00e0 inertie pour essais de freinage, nous effectuons des essais de freinage pour la caract\u00e9risation des mat\u00e9riaux de friction et des mati\u00e8res premi\u00e8res.<\/span><\/p>\n<p><a href=\"https:\/\/www.tecsa-srl.it\/\"><img loading=\"lazy\" class=\"wp-image-535 aligncenter\" src=\"https:\/\/www.isibond.it\/wp-content\/uploads\/2017\/09\/Tecsa1.gif\" alt=\"\" width=\"381\" height=\"85\" \/><\/a><\/p>\n<table style=\"height: 344px;\" border=\"0\" width=\"770\" cellspacing=\"3\" cellpadding=\"3\" align=\"center\">\n<tbody>\n<tr>\n<td><span style=\"color: #000000;\"><strong>Vous trouverez ci-apr\u00e8s les donn\u00e9s principaux de notre banc de simulation \u00e0 inertie:<\/strong><\/span><\/td>\n<\/tr>\n<tr>\n<td valign=\"top\">\n<table style=\"height: 290px;\" border=\"0\" width=\"746\" cellspacing=\"1\" cellpadding=\"2\" align=\"center\">\n<tbody>\n<tr>\n<td class=\"BorderTabellaAB\" align=\"left\" bgcolor=\"#d8ecf4\" width=\"30%\"><span style=\"color: #000000;\">Inertie:<\/span><\/td>\n<td class=\"BorderTabellaALBdot\" align=\"left\" width=\"68%\"><span style=\"color: #000000;\">de <strong>5<\/strong> \u00e0 <strong>220<\/strong> Kgm<sup>2<\/sup><\/span><\/td>\n<\/tr>\n<tr>\n<td class=\"BorderTabellaAB\" align=\"left\" bgcolor=\"#d8ecf4\" width=\"30%\"><span style=\"color: #000000;\">Vitesse maximum:<\/span><\/td>\n<td class=\"BorderTabellaALBdot\" align=\"left\" width=\"68%\"><span class=\"Grigio8\" style=\"color: #000000;\"><b>2000<\/b> rpm<\/span><\/td>\n<\/tr>\n<tr>\n<td class=\"BorderTabellaAB\" align=\"left\" bgcolor=\"#d8ecf4\" width=\"30%\"><span style=\"color: #000000;\">Moment de freinage maximum:<\/span><\/td>\n<td class=\"BorderTabellaALBdot\" align=\"left\" width=\"68%\"><span class=\"Grigio8\" style=\"color: #000000;\"><b>5000<\/b> Nm<\/span><\/td>\n<\/tr>\n<tr>\n<td class=\"BorderTabellaAB\" align=\"left\" bgcolor=\"#d8ecf4\" width=\"30%\"><span style=\"color: #000000;\">Montage du frein:<\/span><\/td>\n<td class=\"BorderTabellaALBdot\" align=\"left\" width=\"68%\"><span style=\"color: #000000;\"><span class=\"Grigio8\"><span class=\"Grigio8\">&#8211; avec disque de frein sur arbre et pince sur <span style=\"font-family: inherit; font-size: inherit;\">contre<\/span><span style=\"font-family: inherit; font-size: inherit;\">&#8211;<\/span><span style=\"font-family: inherit; font-size: inherit;\">pointe<\/span><br \/>\n<\/span><\/span><span class=\"Grigio8\">&#8211; montage sur pivot de fus\u00e9e<\/span><\/span><\/td>\n<\/tr>\n<tr>\n<td class=\"BorderTabellaAB\" align=\"left\" bgcolor=\"#d8ecf4\" width=\"30%\"><span style=\"color: #000000;\">Ventilation du frein:<\/span><\/td>\n<td class=\"BorderTabellaALBdot\" align=\"left\" width=\"68%\">\n<table width=\"576\">\n<tbody>\n<tr>\n<td width=\"364\"><span style=\"color: #000000;\">modulaire avec port\u00e9e maximum de <strong>4000<\/strong> m<sup>3<\/sup>\/h<\/span><\/td>\n<\/tr>\n<\/tbody>\n<\/table>\n<\/td>\n<\/tr>\n<tr>\n<td class=\"BorderTabellaAB\" align=\"left\" bgcolor=\"#d8ecf4\" width=\"30%\"><span style=\"color: #000000;\">Mesure du volume huile:<\/span><\/td>\n<td class=\"BorderTabellaALBdot\" align=\"left\" width=\"68%\"><span style=\"color: #000000;\">par mouvement de la p\u00e9dale (tr\u00e8s pr\u00e9cise)<\/span><\/td>\n<\/tr>\n<\/tbody>\n<\/table>\n<\/td>\n<\/tr>\n<\/tbody>\n<\/table>\n<table border=\"0\" width=\"90%\" cellspacing=\"3\" cellpadding=\"3\" align=\"center\">\n<tbody>\n<tr>\n<td><span style=\"color: #000000;\"><strong style=\"font-family: inherit; font-size: inherit;\">QUELQUES-UNES DES NOS PIECES TYPE<\/strong><span style=\"font-family: inherit; font-size: inherit;\">:<\/span><\/span><\/td>\n<\/tr>\n<tr>\n<td valign=\"top\">\n<table border=\"0\" width=\"98%\" cellspacing=\"1\" cellpadding=\"2\" align=\"center\">\n<tbody>\n<tr>\n<td class=\"BorderTabellaAB\" align=\"left\" bgcolor=\"#e3ebee\"><span class=\"Blu8b\" style=\"color: #000000;\">AK Master \u2013 AK1 \u2013 AK 2<\/span><\/td>\n<\/tr>\n<tr>\n<td class=\"BorderTabellaAB\" align=\"left\" bgcolor=\"#e3ebee\"><span class=\"Blu8b\" style=\"color: #000000;\">ECE R-90<\/span><\/td>\n<\/tr>\n<tr>\n<td class=\"BorderTabellaAB\" align=\"left\" bgcolor=\"#e3ebee\"><span class=\"Blu8b\" style=\"color: #000000;\">WEAR test<\/span><\/td>\n<\/tr>\n<tr>\n<td class=\"BorderTabellaAB\" align=\"left\" bgcolor=\"#e3ebee\"><span class=\"Blu8b\" style=\"color: #000000;\">7-H2000 &#8211; Fiat procedure (partial and\/or total)<\/span><\/td>\n<\/tr>\n<tr>\n<td class=\"BorderTabellaAB\" align=\"left\" bgcolor=\"#e3ebee\"><span class=\"Blu8b\" style=\"color: #000000;\">TSR 5151G procedure Wear<\/span><\/td>\n<\/tr>\n<tr>\n<td class=\"BorderTabellaAB\" align=\"left\" bgcolor=\"#e3ebee\"><span class=\"Blu8b\" style=\"color: #000000;\">Test Bosch (partial and\/or total)<\/span><\/td>\n<\/tr>\n<tr>\n<td class=\"BorderTabellaAB\" align=\"left\" bgcolor=\"#e3ebee\"><span class=\"Blu8b\" style=\"color: #000000;\">AMS &#8211; Auto Moto Sport<\/span><\/td>\n<\/tr>\n<\/tbody>\n<\/table>\n<\/td>\n<\/tr>\n<\/tbody>\n<\/table>\n<p>\n<\/div>\n<div class=\"kc-elm kc-css-329570 kc-pro-button kc-button-8\">\n\t<a href=\"https:\/\/www.isibond.it\/prove-su-banco-dinamometrico\/\" target=\"_blank\">\n\t\t<span class=\"creative_title\">Demande de test du dynamom\u00e8tre (Cliquez ici)<\/span>\t<\/a>\n<\/div>\n<div class=\"kc-elm kc-css-566133\" style=\"height: 67px; clear: both; width:100%;\"><\/div><\/div><\/div><\/div><\/div><\/section><\/p>","protected":false},"excerpt":{"rendered":"","protected":false},"author":1,"featured_media":0,"parent":0,"menu_order":0,"comment_status":"closed","ping_status":"closed","template":"","meta":{"_mi_skip_tracking":false},"_links":{"self":[{"href":"https:\/\/www.isibond.it\/fr\/wp-json\/wp\/v2\/pages\/1290"}],"collection":[{"href":"https:\/\/www.isibond.it\/fr\/wp-json\/wp\/v2\/pages"}],"about":[{"href":"https:\/\/www.isibond.it\/fr\/wp-json\/wp\/v2\/types\/page"}],"author":[{"embeddable":true,"href":"https:\/\/www.isibond.it\/fr\/wp-json\/wp\/v2\/users\/1"}],"replies":[{"embeddable":true,"href":"https:\/\/www.isibond.it\/fr\/wp-json\/wp\/v2\/comments?post=1290"}],"version-history":[{"count":70,"href":"https:\/\/www.isibond.it\/fr\/wp-json\/wp\/v2\/pages\/1290\/revisions"}],"predecessor-version":[{"id":3242,"href":"https:\/\/www.isibond.it\/fr\/wp-json\/wp\/v2\/pages\/1290\/revisions\/3242"}],"wp:attachment":[{"href":"https:\/\/www.isibond.it\/fr\/wp-json\/wp\/v2\/media?parent=1290"}],"curies":[{"name":"wp","href":"https:\/\/api.w.org\/{rel}","templated":true}]}}