{"id":2268,"date":"2018-01-02T10:15:06","date_gmt":"2018-01-02T09:15:06","guid":{"rendered":"http:\/\/www.isibond.it\/?page_id=2268"},"modified":"2018-09-24T16:48:04","modified_gmt":"2018-09-24T14:48:04","slug":"informativa-cookie","status":"publish","type":"page","link":"https:\/\/www.isibond.it\/fr\/informativa-cookie\/","title":{"rendered":"Politique De Gestion Des Cookies"},"content":{"rendered":"<p><\/p>\n<p><span style=\"color: #000000;\">Nous utilisons des cookies pour vous garantir la meilleure exp\u00e9rience sur notre site.<br \/>\nSi vous continuez \u00e0 utiliser ce dernier, nous consid\u00e9rerons que vous acceptez l&#039;utilisation des cookies.<\/span><\/p>","protected":false},"excerpt":{"rendered":"<p>Nous utilisons des cookies pour vous garantir la meilleure exp\u00e9rience sur notre site. Si vous continuez \u00e0 utiliser ce dernier, nous consid\u00e9rerons que vous acceptez l&#039;utilisation des cookies.<\/p>\n","protected":false},"author":1,"featured_media":0,"parent":0,"menu_order":0,"comment_status":"closed","ping_status":"closed","template":"","meta":{"_mi_skip_tracking":false},"_links":{"self":[{"href":"https:\/\/www.isibond.it\/fr\/wp-json\/wp\/v2\/pages\/2268"}],"collection":[{"href":"https:\/\/www.isibond.it\/fr\/wp-json\/wp\/v2\/pages"}],"about":[{"href":"https:\/\/www.isibond.it\/fr\/wp-json\/wp\/v2\/types\/page"}],"author":[{"embeddable":true,"href":"https:\/\/www.isibond.it\/fr\/wp-json\/wp\/v2\/users\/1"}],"replies":[{"embeddable":true,"href":"https:\/\/www.isibond.it\/fr\/wp-json\/wp\/v2\/comments?post=2268"}],"version-history":[{"count":58,"href":"https:\/\/www.isibond.it\/fr\/wp-json\/wp\/v2\/pages\/2268\/revisions"}],"predecessor-version":[{"id":3534,"href":"https:\/\/www.isibond.it\/fr\/wp-json\/wp\/v2\/pages\/2268\/revisions\/3534"}],"wp:attachment":[{"href":"https:\/\/www.isibond.it\/fr\/wp-json\/wp\/v2\/media?parent=2268"}],"curies":[{"name":"wp","href":"https:\/\/api.w.org\/{rel}","templated":true}]}}