{"id":2336,"date":"2018-01-08T18:47:52","date_gmt":"2018-01-08T17:47:52","guid":{"rendered":"http:\/\/www.isibond.it\/?page_id=2336"},"modified":"2018-09-24T16:40:44","modified_gmt":"2018-09-24T14:40:44","slug":"informativa-privacy","status":"publish","type":"page","link":"https:\/\/www.isibond.it\/fr\/informativa-privacy\/","title":{"rendered":"Avis de confidentialit\u00e9"},"content":{"rendered":"<p>Vos donn\u00e9es personnelles seront utilis\u00e9es sp\u00e9cifiquement pour le traitement de votre demande ainsi que pour l&#039;envoi de nos offres commerciales, apr\u00e8s votre autorisation explicite, et ne seront pas utilis\u00e9es ult\u00e9rieurement par ISIBOND \u00e0 d\u2019autres fins ni transmises \u00e0 des Tiers.<br \/>\nConform\u00e9ment \u00e0 la <strong>l\u00e9gislation italienne en vigueur<\/strong> et plus particuli\u00e8rement \u00e0 la loi<strong> n\u00b0 196\/2003\u00a0&#8211;<\/strong>\u00a0dite \u00ab\u00a0Protection de la vie priv\u00e9e\u00a0\u00bb.<br \/>\nVous disposez d&#039;un droit d&#039;acc\u00e8s, de modification, de rectification et d\u2019opposition sur vos donn\u00e9es personnelles que vous pouvez exercer vous-m\u00eames<\/p>\n<p>L&#039;enregistrement de vos donn\u00e9es personnelles est facultatif. Nous vous informons cependant, qu&#039;en cas de non acceptation, nous serions dans l&#039;impossibilit\u00e9 de vous fournir les services demand\u00e9s.<br \/>\nVos donn\u00e9es personnelles ne seront pas communiqu\u00e9es ni diffus\u00e9es \u00e0 des tiers.<\/p>\n<p>Le responsable du traitement des donn\u00e9es collect\u00e9es est:<\/p>\n<p>ISIBOND s.a.s.<br \/>\nVia Fernando Santi, 13<br \/>\nZone industrielle Sanda-Vad\u00f2<br \/>\n10024 &#8211; MONCALIERI (TO) &#8211; ITALIE<\/p>\n<p>Vous pouvez exercer votre droit d&#039;acc\u00e8s et de rectification en nous \u00e9crivant par courriel ou directement \u00e0 ISIBOND S.a.s..<\/p>","protected":false},"excerpt":{"rendered":"<p>Vos donn\u00e9es personnelles seront utilis\u00e9es sp\u00e9cifiquement pour le traitement de votre demande ainsi que pour l&#039;envoi de nos offres commerciales, apr\u00e8s votre autorisation explicite, et ne seront pas utilis\u00e9es ult\u00e9rieurement par ISIBOND \u00e0 d\u2019autres fins ni transmises \u00e0 des Tiers. Conform\u00e9ment \u00e0 la l\u00e9gislation italienne en vigueur et plus particuli\u00e8rement \u00e0 la loi n\u00b0 196\/2003\u00a0&#8211;\u00a0dite<\/p>\n","protected":false},"author":1,"featured_media":0,"parent":0,"menu_order":0,"comment_status":"closed","ping_status":"closed","template":"","meta":{"_mi_skip_tracking":false},"_links":{"self":[{"href":"https:\/\/www.isibond.it\/fr\/wp-json\/wp\/v2\/pages\/2336"}],"collection":[{"href":"https:\/\/www.isibond.it\/fr\/wp-json\/wp\/v2\/pages"}],"about":[{"href":"https:\/\/www.isibond.it\/fr\/wp-json\/wp\/v2\/types\/page"}],"author":[{"embeddable":true,"href":"https:\/\/www.isibond.it\/fr\/wp-json\/wp\/v2\/users\/1"}],"replies":[{"embeddable":true,"href":"https:\/\/www.isibond.it\/fr\/wp-json\/wp\/v2\/comments?post=2336"}],"version-history":[{"count":44,"href":"https:\/\/www.isibond.it\/fr\/wp-json\/wp\/v2\/pages\/2336\/revisions"}],"predecessor-version":[{"id":3532,"href":"https:\/\/www.isibond.it\/fr\/wp-json\/wp\/v2\/pages\/2336\/revisions\/3532"}],"wp:attachment":[{"href":"https:\/\/www.isibond.it\/fr\/wp-json\/wp\/v2\/media?parent=2336"}],"curies":[{"name":"wp","href":"https:\/\/api.w.org\/{rel}","templated":true}]}}