{"id":412,"date":"2017-09-28T11:53:29","date_gmt":"2017-09-28T09:53:29","guid":{"rendered":"http:\/\/www.isibond.it\/?page_id=412"},"modified":"2019-06-12T10:38:09","modified_gmt":"2019-06-12T08:38:09","slug":"azienda","status":"publish","type":"page","link":"https:\/\/www.isibond.it\/fr\/azienda\/","title":{"rendered":"ENTREPRISE"},"content":{"rendered":"<p><section class=\"kc-elm kc-css-705453 kc_row\"><div class=\"kc-row-container  kc-container\"><div class=\"kc-wrap-columns\"><div class=\"kc-elm kc-css-419028 kc_col-sm-12 kc_column kc_col-sm-12\"><div class=\"kc-col-container\"><div class=\"kc-elm kc-css-186983 kc_text_block\"><\/p>\n<p><img loading=\"lazy\" class=\"aligncenter wp-image-2713\" src=\"https:\/\/www.isibond.it\/wp-content\/uploads\/2017\/09\/Storica.jpg\" alt=\"\" width=\"689\" height=\"516\" srcset=\"https:\/\/www.isibond.it\/wp-content\/uploads\/2017\/09\/Storica.jpg 2762w, https:\/\/www.isibond.it\/wp-content\/uploads\/2017\/09\/Storica-300x225.jpg 300w, https:\/\/www.isibond.it\/wp-content\/uploads\/2017\/09\/Storica-768x575.jpg 768w, https:\/\/www.isibond.it\/wp-content\/uploads\/2017\/09\/Storica-1024x767.jpg 1024w\" sizes=\"(max-width: 689px) 100vw, 689px\" \/><\/p>\n<p style=\"text-align: center;\">Gare de Porta Nuova &#8211; Turin, 1954, publicit\u00e9 de la maison de commerce NAVIRE<\/p>\n<p><span style=\"color: #000000;\">La soci\u00e9t\u00e9 <span style=\"color: #3366ff;\"><strong>ISIBOND<\/strong> <\/span>a \u00e9t\u00e9 fond\u00e9e en <strong>1974<\/strong> comme productrice de sangles de frein pour tracteurs agricoles et engins travaux publics gr\u00e2ce \u00e0 sa technologie du collage des garnitures de frein, normalement rivet\u00e9s sur bande m\u00e9tallique.<\/span><\/p>\n<p><span style=\"color: #000000;\">Sa technologie de collage innovante ainsi que la qualit\u00e9 des garnitures de frein fabriqu\u00e9s par <span style=\"color: #339966;\"><strong><em>FINAFF<\/em><\/strong><\/span>, une soci\u00e9t\u00e9 italienne fond\u00e9e en <strong>1924<\/strong> pour produire des mat\u00e9riaux de friction, permettent \u00e0 <span style=\"color: #3366ff;\"><strong>ISIBOND<\/strong> <\/span>d&#039;obtenir l&#039;homologation de ses produits chez les plus importants constructeurs de tracteurs et d&#039;engins travaux publics en Italie et \u00e0 l\u2019\u00e9tranger.<\/span><\/p>\n<p><span style=\"color: #000000;\">La liaison entre la famille Navire, propri\u00e9taire de la future\u00a0 <span style=\"color: #3366ff;\"><strong>ISIBOND<\/strong><\/span><strong>,<\/strong> et la <span style=\"color: #339966;\"><strong><em>FINAFF <\/em><\/strong><\/span>commence en <strong>1937<\/strong> quand Monsieur Carlo Navire devient l\u2019agent de cette derni\u00e8re pour les r\u00e9gions <em>italiennes<\/em> du Pi\u00e9mont et de la Ligurie.<\/span><\/p>\n<p><span style=\"color: #000000;\"><img loading=\"lazy\" class=\"size-full wp-image-417 alignright\" src=\"https:\/\/www.isibond.it\/wp-content\/uploads\/2017\/09\/Stabile.jpg\" alt=\"\" width=\"379\" height=\"181\" srcset=\"https:\/\/www.isibond.it\/wp-content\/uploads\/2017\/09\/Stabile.jpg 379w, https:\/\/www.isibond.it\/wp-content\/uploads\/2017\/09\/Stabile-300x143.jpg 300w\" sizes=\"(max-width: 379px) 100vw, 379px\" \/><\/span><\/p>\n<p><span style=\"color: #000000;\">En <strong>1982<\/strong>, <span style=\"color: #3366ff;\"><strong>ISIBOND<\/strong> <\/span>ouvre une usine de production suppl\u00e9mentaire dans la nouvelle zone industrielle de Moncalieri (pr\u00e8s de Turin, nord-ouest de l&#039;Italie) o\u00f9 elle produit actuellement, dans un atelier de m\u00e9canique complet et efficace, des plateaux de frein tels que pinces hydrauliques et freins \u00e0 ressort.<\/span><\/p>\n<p><span style=\"color: #000000;\">L&#039;ann\u00e9e suivante, <span style=\"color: #3366ff;\"><strong>ISIBOND<\/strong> <\/span>ach\u00e8te un \u00e9quipement pour la production de mat\u00e9riaux de friction ainsi qu&#039;un laboratoire chimique et un banc d&#039;essai dans le but de satisfaire la demande de ses plus importants clients; en <strong>1986<\/strong>, elle entreprend ses premi\u00e8res recherches sur les produits susceptibles de remplacer l&#039;amiante.<\/span><\/p>\n<p><span style=\"color: #000000;\">En <strong>1991<\/strong>, en raison de l&#039;imminente entr\u00e9e en vigueur de la loi interdisant l&#039;emploi de l&#039;amiante, la soci\u00e9t\u00e9 <span style=\"color: #339966;\"><strong><em>FINAFF<\/em><\/strong><\/span>, fournisseur du mat\u00e9riau de friction, d\u00e9cide de cesser toute activit\u00e9. <\/span><\/p>\n<p><span style=\"color: #000000;\"><span style=\"color: #3366ff;\"><strong>ISIBOND<\/strong><\/span>, qui avait \u00e0 l&#039;\u00e9poque d\u00e9j\u00e0 d\u00e9velopp\u00e9 des produits de friction sans amiante, d\u00e9cide d&#039;intensifier sa recherche et d&#039;augmenter sa capacit\u00e9 de production en achetant une partie des machines de <span style=\"color: #339966;\"><strong><em>FINAFF<\/em><\/strong> <\/span>ainsi que sa marque historique.<\/span><\/p>\n<p><span style=\"color: #000000;\">En <strong>1993<\/strong>, <span style=\"color: #3366ff;\"><strong>ISIBOND<\/strong> <\/span>constitue son r\u00e9seau de distribution sur le territoire italien et international, pour la vente de ses produits avec la marque <span style=\"color: #339966;\"><strong><em>FINAFF<\/em><\/strong> <\/span>sur le march\u00e9 des pi\u00e8ces d\u00e9tach\u00e9es, tandis que la gamme de produits s&#039;agrandit avec l&#039;introduction des mat\u00e9riaux fritt\u00e9s\u00a0 et des mat\u00e9riaux \u00e0 base de papier pour un usage dans bain d&#039;huile.<\/span><\/p>\n<p><span style=\"color: #000000;\">En <strong>2000<\/strong>, afin de mieux consolider sa position sur le march\u00e9 industriel, <span style=\"color: #3366ff;\"><strong>ISIBOND<\/strong> <\/span>ach\u00e8te la division mat\u00e9riaux de friction pour as\u00a0censeurs de la soci\u00e9t\u00e9 <strong>Serralunga<\/strong> (Biella &#8211; Italie).<\/span><\/p>\n<p><span style=\"color: #000000;\">Enfin, en <strong>2001<\/strong>, <span style=\"color: #3366ff;\"><strong>ISIBOND<\/strong> <\/span>ach\u00e8te <strong>A.D.F.<\/strong> (Acquasanta Terme &#8211; Italie), une soci\u00e9t\u00e9 italienne sp\u00e9cialis\u00e9e dans la fabrication de garnitures d\u2019embrayage tiss\u00e9es pour tous usages (voitures, camions, tracteurs et applications industrielles).<\/span><\/p>\n<p><span style=\"color: #000000;\">Un laboratoire de Recherche &#038; D\u00e9veloppement moderne, \u00e9quip\u00e9 d&#039;un tribom\u00e8tre de freinage et d&#039;un banc de simulation \u00e0 inertie pour effectuer des essais dynamiques (\u00e9galement pour le compte de tiers) sur syst\u00e8mes de freinage, nous permet de d\u00e9velopper des produits de friction tr\u00e8s performants et \u00e0 tr\u00e8s faible impact sur l&#039;environnement.<\/span><\/p>\n<p><span style=\"color: #000000;\">Aujourd&#039;hui, <span style=\"color: #3366ff;\"><strong>ISIBOND<\/strong> <\/span>est une soci\u00e9t\u00e9 enregistr\u00e9e selon les standards <strong>ISO 9001:2015<\/strong>\u00a0et <strong>ISO 14001:2015<\/strong>.<\/span><\/p>\n<p><span style=\"color: #000000;\">La soci\u00e9t\u00e9 occupe une surface de <strong>8.000 <\/strong>m\u00b2, dont <strong>4500<\/strong> m\u00b2 sont couverts. Au sein de l&#039;entreprise travaillent aujourd&#039;hui <b>26\u00a0<\/b>personnes parmi le<\/span><\/p>\n<p><span style=\"color: #000000;\">squelles il y a des employ\u00e9s tr\u00e8s professionnels dans les bureaux qui sont \u00e0 nos yeux primordiaux (Bureau de qualit\u00e9 et R&#038;D).<\/span><\/p>\n<p><span style=\"color: #000000;\"><strong><br \/><\/strong><\/span><\/p>\n<p><span style=\"color: #000000;\"><strong>NOS MARQUES<\/strong><\/span><\/p>\n<p><img loading=\"lazy\" class=\"aligncenter size-full wp-image-1104\" src=\"https:\/\/www.isibond.it\/wp-content\/uploads\/2017\/09\/fgcvfg.gif\" alt=\"\" width=\"379\" height=\"107\"><\/p>\n<p>\n<\/div><\/div><\/div><\/div><\/div><\/section><\/p>","protected":false},"excerpt":{"rendered":"","protected":false},"author":1,"featured_media":0,"parent":0,"menu_order":0,"comment_status":"closed","ping_status":"closed","template":"","meta":{"_mi_skip_tracking":false},"_links":{"self":[{"href":"https:\/\/www.isibond.it\/fr\/wp-json\/wp\/v2\/pages\/412"}],"collection":[{"href":"https:\/\/www.isibond.it\/fr\/wp-json\/wp\/v2\/pages"}],"about":[{"href":"https:\/\/www.isibond.it\/fr\/wp-json\/wp\/v2\/types\/page"}],"author":[{"embeddable":true,"href":"https:\/\/www.isibond.it\/fr\/wp-json\/wp\/v2\/users\/1"}],"replies":[{"embeddable":true,"href":"https:\/\/www.isibond.it\/fr\/wp-json\/wp\/v2\/comments?post=412"}],"version-history":[{"count":102,"href":"https:\/\/www.isibond.it\/fr\/wp-json\/wp\/v2\/pages\/412\/revisions"}],"predecessor-version":[{"id":3824,"href":"https:\/\/www.isibond.it\/fr\/wp-json\/wp\/v2\/pages\/412\/revisions\/3824"}],"wp:attachment":[{"href":"https:\/\/www.isibond.it\/fr\/wp-json\/wp\/v2\/media?parent=412"}],"curies":[{"name":"wp","href":"https:\/\/api.w.org\/{rel}","templated":true}]}}