{"id":478,"date":"2017-09-28T15:59:36","date_gmt":"2017-09-28T13:59:36","guid":{"rendered":"http:\/\/www.isibond.it\/?page_id=478"},"modified":"2018-02-27T10:36:17","modified_gmt":"2018-02-27T09:36:17","slug":"ricerca-e-sviluppo","status":"publish","type":"page","link":"https:\/\/www.isibond.it\/fr\/ricerca-e-sviluppo\/","title":{"rendered":"Recherche Et Developpement"},"content":{"rendered":"<p><span style=\"color: #000000;\"><strong>LABORATOIRE<\/strong><\/span><\/p>\n<p><span style=\"color: #000000;\">L&rsquo;exp\u00e9rimentation dans notre\u00a0 laboratoire ainsi que les tests de route, effectu\u00e9s avec la collaboration des ateliers autoris\u00e9s \u00a0nous permettent d\u2019atteindre des standards tr\u00e8s \u00e9lev\u00e9s de qualit\u00e9 qui aujourd\u2019hui sont demand\u00e9s par un march\u00e9 de plus en plus exigent. De cette fa\u00e7on, il est possible d\u2019obtenir des r\u00e9sultats imm\u00e9diats, dans le but de r\u00e9duire le plus possible le \u00a0\u00bb time to market \u00ab\u00a0pour la r\u00e9alisation des nouveaux produits et am\u00e9liorer notre production. Donc aux r\u00e9sultats obtenus par notre laboratoire,\u00a0nous ajoutons\u00a0 aussi l\u2019opinion technique des professionnels.<\/span><\/p>\n<p>&nbsp;<\/p>\n<p>&nbsp;<\/p>\n<p><span style=\"color: #000000;\"><strong>RECHERCHE<\/strong><\/span><\/p>\n<p><span style=\"color: #000000;\">Au sein d\u2019ISIBOND, les premi\u00e8res recherches\u00a0 concernant les mat\u00e9riaux de friction sans amiante, ont lieu au d\u00e9but des ann\u00e9es 80, dans le but de trouver une alternative aux produits \u00e0 base amiante que nous achetions sur le march\u00e9.<\/span><\/p>\n<p><span style=\"color: #000000;\">Les r\u00e9sultats obtenus ont \u00e9t\u00e9 stimulants pour d\u00e9marrer\u00a0 la production de nos mat\u00e9riaux sans amiante. En quelques ann\u00e9es leurs performances \u00a0ont atteint et m\u00eame d\u00e9pass\u00e9\u00a0 les vieilles garnitures \u00e0 base amiante.<\/span><\/p>\n<p><span style=\"color: #000000;\">En 1999 au cours de la \u201cConf\u00e9rence Nationale sur l\u2019Amiante\u201d qui eut lieu \u00e0 Rome, nous avons pr\u00e9sent\u00e9 les r\u00e9sultats concernant notre recherche sur les fibres alternatives.<\/span><\/p>\n<p><span style=\"color: #000000;\">Dans la m\u00e9canique ainsi que pour les garnitures de friction, le support du lyc\u00e9e polytechnique de Turin a \u00e9t\u00e9 d\u00e9terminant pour le d\u00e9veloppement des nouveaux produits.<\/span><\/p>\n<p><span style=\"color: #000000;\">Aujourd\u2019hui, nos objectifs de recherche sont orient\u00e9s vers la r\u00e9duction de l&rsquo;impact environnemental de notre processus de production, et des nos produits tout en am\u00e9liorant la qualit\u00e9 et les performances.<\/span><\/p>\n<p>&nbsp;<\/p>","protected":false},"excerpt":{"rendered":"<p>LABORATOIRE L&rsquo;exp\u00e9rimentation dans notre\u00a0 laboratoire ainsi que les tests de route, effectu\u00e9s avec la collaboration des ateliers autoris\u00e9s \u00a0nous permettent d\u2019atteindre des standards tr\u00e8s \u00e9lev\u00e9s de qualit\u00e9 qui aujourd\u2019hui sont demand\u00e9s par un march\u00e9 de plus en plus exigent. De cette fa\u00e7on, il est possible d\u2019obtenir des r\u00e9sultats imm\u00e9diats, dans le but de r\u00e9duire le<\/p>\n","protected":false},"author":1,"featured_media":0,"parent":0,"menu_order":0,"comment_status":"closed","ping_status":"closed","template":"","meta":{"_mi_skip_tracking":false},"_links":{"self":[{"href":"https:\/\/www.isibond.it\/fr\/wp-json\/wp\/v2\/pages\/478"}],"collection":[{"href":"https:\/\/www.isibond.it\/fr\/wp-json\/wp\/v2\/pages"}],"about":[{"href":"https:\/\/www.isibond.it\/fr\/wp-json\/wp\/v2\/types\/page"}],"author":[{"embeddable":true,"href":"https:\/\/www.isibond.it\/fr\/wp-json\/wp\/v2\/users\/1"}],"replies":[{"embeddable":true,"href":"https:\/\/www.isibond.it\/fr\/wp-json\/wp\/v2\/comments?post=478"}],"version-history":[{"count":28,"href":"https:\/\/www.isibond.it\/fr\/wp-json\/wp\/v2\/pages\/478\/revisions"}],"predecessor-version":[{"id":3203,"href":"https:\/\/www.isibond.it\/fr\/wp-json\/wp\/v2\/pages\/478\/revisions\/3203"}],"wp:attachment":[{"href":"https:\/\/www.isibond.it\/fr\/wp-json\/wp\/v2\/media?parent=478"}],"curies":[{"name":"wp","href":"https:\/\/api.w.org\/{rel}","templated":true}]}}