{"id":540,"date":"2017-09-29T11:11:44","date_gmt":"2017-09-29T09:11:44","guid":{"rendered":"http:\/\/www.isibond.it\/?page_id=540"},"modified":"2020-10-13T09:10:54","modified_gmt":"2020-10-13T07:10:54","slug":"prodotti","status":"publish","type":"page","link":"https:\/\/www.isibond.it\/fr\/prodotti\/","title":{"rendered":"Produits"},"content":{"rendered":"<p><section class=\"kc-elm kc-css-767515 kc_row\"><div class=\"kc-row-container  kc-container\"><div class=\"kc-wrap-columns\"><div class=\"kc-elm kc-css-453595 kc_col-sm-12 kc_column kc_col-sm-12\"><div class=\"kc-col-container\"> \n   \n\n<!--Start solution area-->\n<section class=\"solution-area\">\n    <div class=\"container\">\n        <div class=\"row\">\n                        <!--Start single item-->\n            <div class=\"col-md-4\">\n                <div class=\"single-solution-item\">\n                    <div class=\"title-holder\">\n                        <h3>Plaquettes de frein \u00e0 disque<\/h3>\n                        <p><\/p>\n                        <span class=\"border\"><\/span>\n                    <\/div>\n                    <div class=\"img-holder\">\n                        <img width=\"360\" height=\"200\" src=\"https:\/\/www.isibond.it\/wp-content\/uploads\/2017\/07\/1-Pastiglie-freno-2-360x200.jpg\" class=\"attachment-industry_370x200 size-industry_370x200 wp-post-image\" alt=\"\" loading=\"lazy\" srcset=\"https:\/\/www.isibond.it\/wp-content\/uploads\/2017\/07\/1-Pastiglie-freno-2.jpg 360w, https:\/\/www.isibond.it\/wp-content\/uploads\/2017\/07\/1-Pastiglie-freno-2-300x167.jpg 300w\" sizes=\"(max-width: 360px) 100vw, 360px\" \/>                        <div class=\"overlay-style-one\">\n                            <div class=\"box\">\n                                <div class=\"content\">\n                                    <a href=\"https:\/\/www.isibond.it\/prodotti\/pastiglie-freno\/\">En savoir plus<\/a>\n                                <\/div>\n                            <\/div>\n                        <\/div>\n                        <div class=\"icon-holder\">\n                            <span class=\"\"><\/span>\n                        <\/div>\n                    <\/div>\n                    <div class=\"text-holder\">\n                        <p><\/p>\n                    <\/div>\n                <\/div>\n            <\/div>\n            <!--End single item-->\n                        <!--Start single item-->\n            <div class=\"col-md-4\">\n                <div class=\"single-solution-item\">\n                    <div class=\"title-holder\">\n                        <h3>Disques de frein<\/h3>\n                        <p><\/p>\n                        <span class=\"border\"><\/span>\n                    <\/div>\n                    <div class=\"img-holder\">\n                        <img width=\"360\" height=\"200\" src=\"https:\/\/www.isibond.it\/wp-content\/uploads\/2017\/10\/2-Dischi-freno-2-360x200.jpg\" class=\"attachment-industry_370x200 size-industry_370x200 wp-post-image\" alt=\"\" loading=\"lazy\" srcset=\"https:\/\/www.isibond.it\/wp-content\/uploads\/2017\/10\/2-Dischi-freno-2.jpg 360w, https:\/\/www.isibond.it\/wp-content\/uploads\/2017\/10\/2-Dischi-freno-2-300x167.jpg 300w\" sizes=\"(max-width: 360px) 100vw, 360px\" \/>                        <div class=\"overlay-style-one\">\n                            <div class=\"box\">\n                                <div class=\"content\">\n                                    <a href=\"https:\/\/www.isibond.it\/prodotti\/dischi-freno\/\">En savoir plus<\/a>\n                                <\/div>\n                            <\/div>\n                        <\/div>\n                        <div class=\"icon-holder\">\n                            <span class=\"\"><\/span>\n                        <\/div>\n                    <\/div>\n                    <div class=\"text-holder\">\n                        <p><\/p>\n                    <\/div>\n                <\/div>\n            <\/div>\n            <!--End single item-->\n                        <!--Start single item-->\n            <div class=\"col-md-4\">\n                <div class=\"single-solution-item\">\n                    <div class=\"title-holder\">\n                        <h3>Disques de friction \u00e0 denture ext\u00e9rieure ou int\u00e9rieure<\/h3>\n                        <p><\/p>\n                        <span class=\"border\"><\/span>\n                    <\/div>\n                    <div class=\"img-holder\">\n                        <img width=\"360\" height=\"200\" src=\"https:\/\/www.isibond.it\/wp-content\/uploads\/2018\/07\/AnelliDentati-360x200.jpg\" class=\"attachment-industry_370x200 size-industry_370x200 wp-post-image\" alt=\"\" loading=\"lazy\" srcset=\"https:\/\/www.isibond.it\/wp-content\/uploads\/2018\/07\/AnelliDentati.jpg 360w, https:\/\/www.isibond.it\/wp-content\/uploads\/2018\/07\/AnelliDentati-300x167.jpg 300w\" sizes=\"(max-width: 360px) 100vw, 360px\" \/>                        <div class=\"overlay-style-one\">\n                            <div class=\"box\">\n                                <div class=\"content\">\n                                    <a href=\"https:\/\/www.isibond.it\/prodotti\/anelli-dentati\/\">En savoir plus<\/a>\n                                <\/div>\n                            <\/div>\n                        <\/div>\n                        <div class=\"icon-holder\">\n                            <span class=\"\"><\/span>\n                        <\/div>\n                    <\/div>\n                    <div class=\"text-holder\">\n                        <p><\/p>\n                    <\/div>\n                <\/div>\n            <\/div>\n            <!--End single item-->\n                        <!--Start single item-->\n            <div class=\"col-md-4\">\n                <div class=\"single-solution-item\">\n                    <div class=\"title-holder\">\n                        <h3>Mecanismes de freinage<\/h3>\n                        <p><\/p>\n                        <span class=\"border\"><\/span>\n                    <\/div>\n                    <div class=\"img-holder\">\n                        <img width=\"360\" height=\"200\" src=\"https:\/\/www.isibond.it\/wp-content\/uploads\/2017\/10\/4-Dispositivi-frenanti-360x200.jpg\" class=\"attachment-industry_370x200 size-industry_370x200 wp-post-image\" alt=\"\" loading=\"lazy\" srcset=\"https:\/\/www.isibond.it\/wp-content\/uploads\/2017\/10\/4-Dispositivi-frenanti.jpg 360w, https:\/\/www.isibond.it\/wp-content\/uploads\/2017\/10\/4-Dispositivi-frenanti-300x167.jpg 300w\" sizes=\"(max-width: 360px) 100vw, 360px\" \/>                        <div class=\"overlay-style-one\">\n                            <div class=\"box\">\n                                <div class=\"content\">\n                                    <a href=\"https:\/\/www.isibond.it\/prodotti\/dispositivi-frenanti\/\">En savoir plus<\/a>\n                                <\/div>\n                            <\/div>\n                        <\/div>\n                        <div class=\"icon-holder\">\n                            <span class=\"\"><\/span>\n                        <\/div>\n                    <\/div>\n                    <div class=\"text-holder\">\n                        <p><\/p>\n                    <\/div>\n                <\/div>\n            <\/div>\n            <!--End single item-->\n                        <!--Start single item-->\n            <div class=\"col-md-4\">\n                <div class=\"single-solution-item\">\n                    <div class=\"title-holder\">\n                        <h3>Disques d\u2019embrayage<\/h3>\n                        <p><\/p>\n                        <span class=\"border\"><\/span>\n                    <\/div>\n                    <div class=\"img-holder\">\n                        <img width=\"360\" height=\"200\" src=\"https:\/\/www.isibond.it\/wp-content\/uploads\/2017\/10\/5-Dischi-frizione-1-360x200.jpg\" class=\"attachment-industry_370x200 size-industry_370x200 wp-post-image\" alt=\"\" loading=\"lazy\" srcset=\"https:\/\/www.isibond.it\/wp-content\/uploads\/2017\/10\/5-Dischi-frizione-1.jpg 360w, https:\/\/www.isibond.it\/wp-content\/uploads\/2017\/10\/5-Dischi-frizione-1-300x167.jpg 300w\" sizes=\"(max-width: 360px) 100vw, 360px\" \/>                        <div class=\"overlay-style-one\">\n                            <div class=\"box\">\n                                <div class=\"content\">\n                                    <a href=\"https:\/\/www.isibond.it\/prodotti\/dischi-frizione\/\">En savoir plus<\/a>\n                                <\/div>\n                            <\/div>\n                        <\/div>\n                        <div class=\"icon-holder\">\n                            <span class=\"\"><\/span>\n                        <\/div>\n                    <\/div>\n                    <div class=\"text-holder\">\n                        <p><\/p>\n                    <\/div>\n                <\/div>\n            <\/div>\n            <!--End single item-->\n                        <!--Start single item-->\n            <div class=\"col-md-4\">\n                <div class=\"single-solution-item\">\n                    <div class=\"title-holder\">\n                        <h3>Mat\u00e9riaux de friction<\/h3>\n                        <p><\/p>\n                        <span class=\"border\"><\/span>\n                    <\/div>\n                    <div class=\"img-holder\">\n                        <img width=\"360\" height=\"200\" src=\"https:\/\/www.isibond.it\/wp-content\/uploads\/2017\/10\/6-Materiali-dattrito-1-360x200.jpg\" class=\"attachment-industry_370x200 size-industry_370x200 wp-post-image\" alt=\"\" loading=\"lazy\" srcset=\"https:\/\/www.isibond.it\/wp-content\/uploads\/2017\/10\/6-Materiali-dattrito-1.jpg 360w, https:\/\/www.isibond.it\/wp-content\/uploads\/2017\/10\/6-Materiali-dattrito-1-300x167.jpg 300w\" sizes=\"(max-width: 360px) 100vw, 360px\" \/>                        <div class=\"overlay-style-one\">\n                            <div class=\"box\">\n                                <div class=\"content\">\n                                    <a href=\"https:\/\/www.isibond.it\/prodotti\/materiali-dattrito\/\">En savoir plus<\/a>\n                                <\/div>\n                            <\/div>\n                        <\/div>\n                        <div class=\"icon-holder\">\n                            <span class=\"\"><\/span>\n                        <\/div>\n                    <\/div>\n                    <div class=\"text-holder\">\n                        <p><\/p>\n                    <\/div>\n                <\/div>\n            <\/div>\n            <!--End single item-->\n                    <\/div>\n    <\/div>\n    <div class=\"container solution-botton\">\n        <div class=\"row\">\n                  \n        <\/div>\n    <\/div>\n<\/section>\n<!--End solution area-->\n\n<\/div><\/div><\/div><\/div><\/section><\/p>","protected":false},"excerpt":{"rendered":"","protected":false},"author":1,"featured_media":0,"parent":0,"menu_order":0,"comment_status":"closed","ping_status":"closed","template":"","meta":{"_mi_skip_tracking":false},"_links":{"self":[{"href":"https:\/\/www.isibond.it\/fr\/wp-json\/wp\/v2\/pages\/540"}],"collection":[{"href":"https:\/\/www.isibond.it\/fr\/wp-json\/wp\/v2\/pages"}],"about":[{"href":"https:\/\/www.isibond.it\/fr\/wp-json\/wp\/v2\/types\/page"}],"author":[{"embeddable":true,"href":"https:\/\/www.isibond.it\/fr\/wp-json\/wp\/v2\/users\/1"}],"replies":[{"embeddable":true,"href":"https:\/\/www.isibond.it\/fr\/wp-json\/wp\/v2\/comments?post=540"}],"version-history":[{"count":34,"href":"https:\/\/www.isibond.it\/fr\/wp-json\/wp\/v2\/pages\/540\/revisions"}],"predecessor-version":[{"id":3998,"href":"https:\/\/www.isibond.it\/fr\/wp-json\/wp\/v2\/pages\/540\/revisions\/3998"}],"wp:attachment":[{"href":"https:\/\/www.isibond.it\/fr\/wp-json\/wp\/v2\/media?parent=540"}],"curies":[{"name":"wp","href":"https:\/\/api.w.org\/{rel}","templated":true}]}}