{"id":647,"date":"2017-09-29T17:11:45","date_gmt":"2017-09-29T15:11:45","guid":{"rendered":"http:\/\/www.isibond.it\/?page_id=647"},"modified":"2018-02-26T16:19:53","modified_gmt":"2018-02-26T15:19:53","slug":"pastiglie-freno","status":"publish","type":"page","link":"https:\/\/www.isibond.it\/fr\/prodotti\/pastiglie-freno\/","title":{"rendered":"Plaquettes de frein \u00e0 disque"},"content":{"rendered":"<p><section class=\"kc-elm kc-css-51039 kc_row\"><div class=\"kc-row-container  kc-container\"><div class=\"kc-wrap-columns\"><div class=\"kc-elm kc-css-798416 kc_col-sm-12 kc_column kc_col-sm-12\"><div class=\"kc-col-container\"><div class=\"kc-elm kc-css-671408 kc_text_block\"><\/p>\n<p><img loading=\"lazy\" class=\"wp-image-648 alignleft\" src=\"https:\/\/www.isibond.it\/wp-content\/uploads\/2017\/09\/PastiglieFreno.jpg\" alt=\"\" width=\"260\" height=\"191\" \/><\/p>\n<p><span style=\"color: #000000;\"><strong>PLAQUETTES DE FREIN \u00c0 DISQUE<\/strong><\/span><\/p>\n<p><span style=\"color: #000000;\">Un partenariat actif avec nos clients plus importants, nous a permis de perfectionner constamment certains mat\u00e9riaux pour tombereaux de chantier, travaillant dans le monde entier avec des conditions de travail tr\u00e8s difficiles o\u00f9 la fiabilit\u00e9 doit \u00eatre absolue.<\/span><\/p>\n<p>\n<\/div><\/div><\/div><\/div><\/div><\/section><section class=\"kc-elm kc-css-91476 kc_row\"><div class=\"kc-row-container  kc-container\"><div class=\"kc-wrap-columns\"><div class=\"kc-elm kc-css-979874 kc_col-sm-12 kc_column kc_col-sm-12\"><div class=\"kc-col-container\">\n<div class=\"kc-elm kc-css-648710 kc-pro-button kc-button-8\">\n\t<a href=\"https:\/\/www.isibond.it\/prodotti-personalizzati\/\" target=\"_blank\">\n\t\t<span class=\"creative_title\">Demande des produits sur mesure (cliquez ici) <\/span>\t<\/a>\n<\/div>\n<\/div><\/div><\/div><\/div><\/section><\/p>","protected":false},"excerpt":{"rendered":"","protected":false},"author":1,"featured_media":0,"parent":540,"menu_order":0,"comment_status":"closed","ping_status":"closed","template":"","meta":{"_mi_skip_tracking":false},"_links":{"self":[{"href":"https:\/\/www.isibond.it\/fr\/wp-json\/wp\/v2\/pages\/647"}],"collection":[{"href":"https:\/\/www.isibond.it\/fr\/wp-json\/wp\/v2\/pages"}],"about":[{"href":"https:\/\/www.isibond.it\/fr\/wp-json\/wp\/v2\/types\/page"}],"author":[{"embeddable":true,"href":"https:\/\/www.isibond.it\/fr\/wp-json\/wp\/v2\/users\/1"}],"replies":[{"embeddable":true,"href":"https:\/\/www.isibond.it\/fr\/wp-json\/wp\/v2\/comments?post=647"}],"version-history":[{"count":84,"href":"https:\/\/www.isibond.it\/fr\/wp-json\/wp\/v2\/pages\/647\/revisions"}],"predecessor-version":[{"id":3148,"href":"https:\/\/www.isibond.it\/fr\/wp-json\/wp\/v2\/pages\/647\/revisions\/3148"}],"up":[{"embeddable":true,"href":"https:\/\/www.isibond.it\/fr\/wp-json\/wp\/v2\/pages\/540"}],"wp:attachment":[{"href":"https:\/\/www.isibond.it\/fr\/wp-json\/wp\/v2\/media?parent=647"}],"curies":[{"name":"wp","href":"https:\/\/api.w.org\/{rel}","templated":true}]}}