{"id":660,"date":"2017-09-29T17:23:33","date_gmt":"2017-09-29T15:23:33","guid":{"rendered":"http:\/\/www.isibond.it\/?page_id=660"},"modified":"2020-10-13T10:30:35","modified_gmt":"2020-10-13T08:30:35","slug":"anelli-dentati","status":"publish","type":"page","link":"https:\/\/www.isibond.it\/fr\/prodotti\/anelli-dentati\/","title":{"rendered":"Disques de friction \u00e0 denture ext\u00e9rieure ou int\u00e9rieure"},"content":{"rendered":"<p><section class=\"kc-elm kc-css-745368 kc_row\"><div class=\"kc-row-container  kc-container\"><div class=\"kc-wrap-columns\"><div class=\"kc-elm kc-css-10497 kc_col-sm-12 kc_column kc_col-sm-12\"><div class=\"kc-col-container\"><div class=\"kc-elm kc-css-601901 kc_text_block\"><\/p>\n<p><img loading=\"lazy\" class=\"size-full wp-image-1123 alignleft\" src=\"https:\/\/www.isibond.it\/wp-content\/uploads\/2017\/10\/3-Anelli-dentati-1.jpg\" alt=\"\" width=\"250\" height=\"225\" srcset=\"https:\/\/www.isibond.it\/wp-content\/uploads\/2017\/10\/3-Anelli-dentati-1.jpg 250w, https:\/\/www.isibond.it\/wp-content\/uploads\/2017\/10\/3-Anelli-dentati-1-90x80.jpg 90w\" sizes=\"(max-width: 250px) 100vw, 250px\" \/><\/p>\n<p><span style=\"color: #000000;\">Dans plusieurs applications \u00e0 sec sont utilis\u00e9s des disques d\u2019embrayage enti\u00e8rement produits en mat\u00e9riel de friction. <\/span><\/p>\n<p><span style=\"color: #000000;\">Nous nous r\u00e9f\u00e9rons aux presses m\u00e9caniques, aux cisailles et aux convertisseurs de couple o\u00f9 la garniture de friction, qui n\u2019a aucun support m\u00e9tallique, s&#039;accouple directement sur l&#039;organe rotatif au moyen d\u2019une cannelure. <\/span><\/p>\n<p><span style=\"color: #000000;\">Pour ces applications, le coefficient de frottement ainsi qu\u2019une r\u00e9sistance \u00e0 l&#039;usure, doivent se conjuguer avec une haute r\u00e9sistance m\u00e9canique, dans le but de garantir la transmission des couples \u00e9lev\u00e9s. <\/span><\/p>\n<p><span style=\"color: #000000;\">Notre mat\u00e9riau <strong>ISI361<\/strong>, d\u00e9velopp\u00e9 dans ce but, garantit une haute r\u00e9sistance des dents dans des conditions extr\u00eames.<\/span><\/p>\n<p style=\"text-align: center;\"><span style=\"color: #000000;\">\u00a0<\/span><\/p>\n<p>\n<\/div><\/div><\/div><\/div><\/div><\/section><section class=\"kc-elm kc-css-381410 kc_row\"><div class=\"kc-row-container  kc-container\"><div class=\"kc-wrap-columns\"><div class=\"kc-elm kc-css-662126 kc_col-sm-4 kc_column kc_col-sm-4\"><div class=\"kc-col-container\"><\/div><\/div><div class=\"kc-elm kc-css-942120 kc_col-sm-8 kc_column kc_col-sm-8\"><div class=\"kc-col-container\">\n<div class=\"kc-elm kc-css-243546 kc-pro-button kc-button-8\">\n\t<a href=\"https:\/\/www.isibond.it\/prodotti-personalizzati\/\" target=\"_blank\">\n\t\t<span class=\"creative_title\">Demande des produits sur mesure (cliquez ici)<\/span>\t<\/a>\n<\/div>\n<\/div><\/div><\/div><\/div><\/section><\/p>","protected":false},"excerpt":{"rendered":"","protected":false},"author":1,"featured_media":0,"parent":540,"menu_order":0,"comment_status":"closed","ping_status":"closed","template":"","meta":{"_mi_skip_tracking":false},"_links":{"self":[{"href":"https:\/\/www.isibond.it\/fr\/wp-json\/wp\/v2\/pages\/660"}],"collection":[{"href":"https:\/\/www.isibond.it\/fr\/wp-json\/wp\/v2\/pages"}],"about":[{"href":"https:\/\/www.isibond.it\/fr\/wp-json\/wp\/v2\/types\/page"}],"author":[{"embeddable":true,"href":"https:\/\/www.isibond.it\/fr\/wp-json\/wp\/v2\/users\/1"}],"replies":[{"embeddable":true,"href":"https:\/\/www.isibond.it\/fr\/wp-json\/wp\/v2\/comments?post=660"}],"version-history":[{"count":95,"href":"https:\/\/www.isibond.it\/fr\/wp-json\/wp\/v2\/pages\/660\/revisions"}],"predecessor-version":[{"id":4019,"href":"https:\/\/www.isibond.it\/fr\/wp-json\/wp\/v2\/pages\/660\/revisions\/4019"}],"up":[{"embeddable":true,"href":"https:\/\/www.isibond.it\/fr\/wp-json\/wp\/v2\/pages\/540"}],"wp:attachment":[{"href":"https:\/\/www.isibond.it\/fr\/wp-json\/wp\/v2\/media?parent=660"}],"curies":[{"name":"wp","href":"https:\/\/api.w.org\/{rel}","templated":true}]}}