{"id":700,"date":"2017-10-02T09:43:51","date_gmt":"2017-10-02T07:43:51","guid":{"rendered":"http:\/\/www.isibond.it\/?page_id=700"},"modified":"2020-10-15T09:34:46","modified_gmt":"2020-10-15T07:34:46","slug":"dischi-frizione","status":"publish","type":"page","link":"https:\/\/www.isibond.it\/fr\/prodotti\/dischi-frizione\/","title":{"rendered":"Disques d\u2019embrayage"},"content":{"rendered":"<p><section class=\"kc-elm kc-css-589232 kc_row\"><div class=\"kc-row-container  kc-container\"><div class=\"kc-wrap-columns\"><div class=\"kc-elm kc-css-493943 kc_col-sm-12 kc_column kc_col-sm-12\"><div class=\"kc-col-container\"><div class=\"kc-elm kc-css-465328 kc_text_block\"><\/p>\n<p><span style=\"color: #000000;\"><strong>DISQUES D\u2019EMBRAYAGE<\/strong><\/span><\/p>\n<p><img loading=\"lazy\" class=\" wp-image-701 alignleft\" src=\"https:\/\/www.isibond.it\/wp-content\/uploads\/2017\/10\/DischiFrizione.jpg\" alt=\"\" width=\"256\" height=\"188\" \/><\/p>\n<p><span style=\"color: #000000;\">Le clabot \u00e0 embrayage, est s\u00fbrement le m\u00e9canisme le plus utilis\u00e9 pour la transmission de puissance.<\/span><\/p>\n<p><span style=\"color: #000000;\">Pour un usage \u00e0 sec, le disque peut \u00eatre rigide ou avec des ressorts. Le couplement du syst\u00e8me tournant sur le moyeu central peut \u00eatre r\u00e9alis\u00e9 sur, le diam\u00e8tre ext\u00e9rieur, par profil dent\u00e9 ou par ailettes radiales.<\/span><\/p>\n<p><span style=\"color: #000000;\">Le mat\u00e9riel de friction pour les embrayages \u00e0 sec peut \u00eatre moul\u00e9, tiss\u00e9 ou fritt\u00e9.<\/span><\/p>\n<p><span style=\"color: #000000;\">Les embrayages multidisque \u00e0 bain d&#039;huile ont l\u2019avantage d\u2019un bruit bas, d\u2019une usure limit\u00e9e ainsi qu\u2019 un usage plus agr\u00e9able. Les mat\u00e9riaux les plus utilis\u00e9s dans ce domaine sont organiques, fritt\u00e9s ou \u00e0 base papier aussi connue comme <em>friction papers<\/em>.\u00a0 Ces derni\u00e8res sont pr\u00e9sentes partout dans le domaine automotive gr\u00e2ce \u00e0 leur silence et \u00e0 leur usure minime. On les trouve dans les voitures (bo\u00eetes de vitesses automatiques), les camions ainsi que dans les tracteurs (Power Shift), les engins TP, et les Poids Lourds.<\/span><\/p>\n<div id=\"page\"><span style=\"color: #000000;\">\u00a0<\/span><\/div>\n<p>\n<\/div><div class=\"kc-elm kc-css-519710\" style=\"height: 20px; clear: both; width:100%;\"><\/div>\n<div class=\"kc-elm kc-css-162983 kc-pro-button kc-button-8\">\n\t<a href=\"https:\/\/www.isibond.it\/prodotti-personalizzati\/\" target=\"_blank\">\n\t\t<span class=\"creative_title\">Demande des produits sur mesure (cliquez ici)<\/span>\t<\/a>\n<\/div>\n<div class=\"kc-elm kc-css-72277\" style=\"height: 45px; clear: both; width:100%;\"><\/div><\/div><\/div><\/div><\/div><\/section><section class=\"kc-elm kc-css-269531 kc_row\"><div class=\"kc-row-container  kc-container\"><div class=\"kc-wrap-columns\"><div class=\"kc-elm kc-css-223310 kc_col-sm-12 kc_column kc_col-sm-12\"><div class=\"kc-col-container\"><div class=\"kc-elm kc-css-604479 kc_text_block\"><\/p>\n<div id=\"page\">\n<p><span style=\"color: #000000;\"><strong>GARNITURES<\/strong> <strong>DE<\/strong> <strong>FRICTION<\/strong> <strong>TISS\u00c9ES<\/strong><\/span><\/p>\n<p><span style=\"color: #000000;\">Les garnitures de friction tiss\u00e9es sont utilis\u00e9es dans les embrayages\u00a0 m\u00e9caniques, les transmissions \u00e0 cardans ainsi que dans les freins \u00e9lectromagn\u00e9tiques \u00e0 disque et les applications avec des vitesses de rotation \u00e9lev\u00e9es. Ayant des diam\u00e8tres ext\u00e9rieurs de 65 \u00e0 500 mm. et des \u00e9paisseurs de 1,8 \u00e0 8 mm., notre gamme de garnitures de friction se compose de 900 codes.<\/span><\/p>\n<p><span style=\"color: #000000;\">Sur demande du client, la garniture peut \u00eatre fournie perc\u00e9e pour le rivetage.<\/span><\/p>\n<\/div>\n<p>\n<\/div><div class=\"kc-elm kc-css-427068\" style=\"height: 20px; clear: both; width:100%;\"><\/div>\n<div class=\"kc-elm kc-css-37080 kc-pro-button kc-button-8\">\n\t<a href=\"https:\/\/www.isibond.it\/prodotti-personalizzati\/\" target=\"_blank\">\n\t\t<span class=\"creative_title\">Demande des produits sur mesure (cliquez ici)<\/span>\t<\/a>\n<\/div>\n<div class=\"kc-elm kc-css-487212\" style=\"height: 45px; clear: both; width:100%;\"><\/div><\/div><\/div><\/div><\/div><\/section><section class=\"kc-elm kc-css-260336 kc_row\"><div class=\"kc-row-container  kc-container\"><div class=\"kc-wrap-columns\"><div class=\"kc-elm kc-css-450728 kc_col-sm-12 kc_column kc_col-sm-12\"><div class=\"kc-col-container\"><div class=\"kc-elm kc-css-368488 kc_text_block\"><\/p>\n<p><span style=\"color: #000000;\"><strong>SEGMENTS<\/strong> <strong>D<\/strong>\u2019<strong>EMBRAYAGE FRITT\u00c9S<\/strong><\/span><\/p>\n<p><span style=\"color: #000000;\">En compl\u00e9ment \u00a0de sa gamme de produit, ISIBOND a sign\u00e9 des accords commerciaux avec des producteurs des mat\u00e9riaux de friction \u00e0 base de m\u00e9taux.\u00a0 Ceux-ci sont utilis\u00e9s aussi bien pour usage \u00e0 sec que \u00e0 bain d\u2019huile.<\/span><\/p>\n<p><span style=\"color: #000000;\">Les segments fritt\u00e9s constituent une tr\u00e8s bonne solution car il est possible de le riveter.<\/span><\/p>\n<p>\n<\/div><div class=\"kc-elm kc-css-320630\" style=\"height: 20px; clear: both; width:100%;\"><\/div>\n<div class=\"kc-elm kc-css-208147 kc-pro-button kc-button-8\">\n\t<a href=\"https:\/\/www.isibond.it\/prodotti-personalizzati\/\" target=\"_blank\">\n\t\t<span class=\"creative_title\">Demande des produits sur mesure (cliquez ici)<\/span>\t<\/a>\n<\/div>\n<div class=\"kc-elm kc-css-929912\" style=\"height: 45px; clear: both; width:100%;\"><\/div><\/div><\/div><\/div><\/div><\/section><\/p>","protected":false},"excerpt":{"rendered":"<p>D\u00e9sol\u00e9, cet article est seulement disponible en Anglais Am\u00e9ricain.<\/p>\n","protected":false},"author":1,"featured_media":0,"parent":540,"menu_order":0,"comment_status":"closed","ping_status":"closed","template":"","meta":{"_mi_skip_tracking":false},"_links":{"self":[{"href":"https:\/\/www.isibond.it\/fr\/wp-json\/wp\/v2\/pages\/700"}],"collection":[{"href":"https:\/\/www.isibond.it\/fr\/wp-json\/wp\/v2\/pages"}],"about":[{"href":"https:\/\/www.isibond.it\/fr\/wp-json\/wp\/v2\/types\/page"}],"author":[{"embeddable":true,"href":"https:\/\/www.isibond.it\/fr\/wp-json\/wp\/v2\/users\/1"}],"replies":[{"embeddable":true,"href":"https:\/\/www.isibond.it\/fr\/wp-json\/wp\/v2\/comments?post=700"}],"version-history":[{"count":63,"href":"https:\/\/www.isibond.it\/fr\/wp-json\/wp\/v2\/pages\/700\/revisions"}],"predecessor-version":[{"id":4020,"href":"https:\/\/www.isibond.it\/fr\/wp-json\/wp\/v2\/pages\/700\/revisions\/4020"}],"up":[{"embeddable":true,"href":"https:\/\/www.isibond.it\/fr\/wp-json\/wp\/v2\/pages\/540"}],"wp:attachment":[{"href":"https:\/\/www.isibond.it\/fr\/wp-json\/wp\/v2\/media?parent=700"}],"curies":[{"name":"wp","href":"https:\/\/api.w.org\/{rel}","templated":true}]}}