{"id":712,"date":"2017-10-02T09:52:49","date_gmt":"2017-10-02T07:52:49","guid":{"rendered":"http:\/\/www.isibond.it\/?page_id=712"},"modified":"2018-02-26T16:19:08","modified_gmt":"2018-02-26T15:19:08","slug":"materiali-dattrito","status":"publish","type":"page","link":"https:\/\/www.isibond.it\/fr\/prodotti\/materiali-dattrito\/","title":{"rendered":"Mat\u00e9riaux de friction"},"content":{"rendered":"<p><section class=\"kc-elm kc-css-505890 kc_row\"><div class=\"kc-row-container  kc-container\"><div class=\"kc-wrap-columns\"><div class=\"kc-elm kc-css-404872 kc_col-sm-12 kc_column kc_col-sm-12\"><div class=\"kc-col-container\"><div class=\"kc-elm kc_text_block\"><\/p>\n<p><img loading=\"lazy\" class=\"wp-image-713 alignleft\" src=\"https:\/\/www.isibond.it\/wp-content\/uploads\/2017\/10\/MaterialiAttrito.jpg\" alt=\"\" width=\"281\" height=\"206\" \/><\/p>\n<p><span style=\"color: #000000;\"><strong>MAT\u00c9RIAUX DE FRICTION<\/strong><\/span><\/p>\n<p><span style=\"color: #000000;\">Une grande gamme des produits de friction, vous permet de trouver la solution la plus adapt\u00e9e pour la plupart des applications dans le domaine industriel et agricole. Les conditions d&#039;essai, dans lesquelles sont test\u00e9s nos mat\u00e9riaux de friction, fournissent des informations tr\u00e8s pr\u00e9cieuses aux ing\u00e9nieurs, pour le dimensionnement du frein ainsi que dans la choix du mat\u00e9riel.<\/span><\/p>\n<div id=\"page\">\n<div id=\"principale\">\n<p><span style=\"color: #000000;\"><strong>N.B. Les essais sur les produits en bain d&#039;huile sont r\u00e9alis\u00e9s avec de l&#039;huile ARBOR MULTI FX.<\/strong><\/span><\/p>\n<\/div>\n<p><span style=\"color: #000000;\">S\u00e9lectionnez, les champs pour la recherche du produit id\u00e9al:<\/span><\/p>\n<\/div>\n<p>\n<\/div><\/div><\/div><\/div><\/div><\/section><\/p>","protected":false},"excerpt":{"rendered":"<p>D\u00e9sol\u00e9, cet article est seulement disponible en Anglais Am\u00e9ricain.<\/p>\n","protected":false},"author":1,"featured_media":0,"parent":540,"menu_order":0,"comment_status":"closed","ping_status":"closed","template":"materiali.php","meta":{"_mi_skip_tracking":false},"_links":{"self":[{"href":"https:\/\/www.isibond.it\/fr\/wp-json\/wp\/v2\/pages\/712"}],"collection":[{"href":"https:\/\/www.isibond.it\/fr\/wp-json\/wp\/v2\/pages"}],"about":[{"href":"https:\/\/www.isibond.it\/fr\/wp-json\/wp\/v2\/types\/page"}],"author":[{"embeddable":true,"href":"https:\/\/www.isibond.it\/fr\/wp-json\/wp\/v2\/users\/1"}],"replies":[{"embeddable":true,"href":"https:\/\/www.isibond.it\/fr\/wp-json\/wp\/v2\/comments?post=712"}],"version-history":[{"count":53,"href":"https:\/\/www.isibond.it\/fr\/wp-json\/wp\/v2\/pages\/712\/revisions"}],"predecessor-version":[{"id":3147,"href":"https:\/\/www.isibond.it\/fr\/wp-json\/wp\/v2\/pages\/712\/revisions\/3147"}],"up":[{"embeddable":true,"href":"https:\/\/www.isibond.it\/fr\/wp-json\/wp\/v2\/pages\/540"}],"wp:attachment":[{"href":"https:\/\/www.isibond.it\/fr\/wp-json\/wp\/v2\/media?parent=712"}],"curies":[{"name":"wp","href":"https:\/\/api.w.org\/{rel}","templated":true}]}}